{"id":2345,"date":"2015-06-03T11:42:40","date_gmt":"2015-06-03T11:42:40","guid":{"rendered":"http:\/\/www.jsbc.fr\/tv-productions\/lastman\/"},"modified":"2025-09-26T15:06:22","modified_gmt":"2025-09-26T15:06:22","slug":"lastman","status":"publish","type":"page","link":"https:\/\/jsbc.fr\/en\/productions\/lastman\/","title":{"rendered":"Lastman"},"content":{"rendered":"\n<h5 class=\"wp-block-heading\"><span style=\"color: #000000;\">LAST<\/span><span style=\"color: #c00418;\">MAN<\/span><\/h5>\n\n\n\n<p><strong><strong>2016. 26 x 13 min. Uppercuts and Paranormal. Teens\u2013Adults. 2D.<\/strong><\/strong><\/p>\n\n\n\n<p>Based on the graphic novel by <strong>Viv\u00e8s<\/strong>, <strong>Sanlaville<\/strong>, <strong>Balak<\/strong>. <strong>Casterman<\/strong> <strong>Editions<\/strong>.<br>Director : <strong>J\u00e9r\u00e9mie P\u00e9rin<\/strong>.<br>Screenplay (among others) : <strong>Laurent Sarfati<\/strong>, <strong>J\u00e9r\u00e9mie P\u00e9rin<\/strong>.<br>Co-production : <strong>Everybody on Deck<\/strong> \/ <strong>JSBC<\/strong>.<\/p>\n\n\n\n<p>Broadcasters : <strong>France T\u00e9l\u00e9visions<\/strong>, <strong>Netflix<\/strong>.<br>Contact : <a style=\"color: #007BFF; font-weight: bold;\" href=\"mailto:franck@jsbc.fr\">Franck Ekinci.<\/a><\/p>\n\n\n\n<p>In the capital city of Paxtown, a metropolis drunk on hyper-media coverage, torn apart by inequality and rotting under the mafia\u2019s grip, trouble is as natural as gravity. Richard Aldana, a young boxer, suddenly finds himself responsible for the daughter of his best friend. But little Siri is being hunted by a cult of fanatics who believe in the existence of the Valley of Kings, a legendary world for which she may hold the key.<\/p>\n\n\n\n<div style=\"height:20px\" aria-hidden=\"true\" class=\"wp-block-spacer\"><\/div>\n\n\n<iframe loading=\"lazy\" src=\"https:\/\/player.vimeo.com\/video\/139360474?title=0&amp;byline=0&amp;portrait=0\" width=\"1064\" height=\"599\" frameborder=\"0\" allowfullscreen=\"allowfullscreen\"><\/iframe>\n\n\n<div style=\"height:26px\" aria-hidden=\"true\" class=\"wp-block-spacer\"><\/div>\n\n\n<p>[vc_row css=&#8221;.vc_custom_1746799846985{margin-right: 60px !important;margin-left: 60px !important;}&#8221;][vc_column][vc_column_text]\n\t\t<!-- MasterSlider -->\n\t\t<div id=\"P_MS69d23080a5f68\" class=\"master-slider-parent ms-thumbs-template ms-parent-id-42\" style=\"max-width:1064px;\"  >\n\t\t\t\t\n\t\t\t\n\t\t\t<!-- MasterSlider Main -->\n\t\t\t<div id=\"MS69d23080a5f68\" class=\"master-slider ms-skin-default\" >\n\t\t\t\t \t\t\t\t \n\t\t\t\t<div  class=\"ms-slide\" data-delay=\"3\" data-fill-mode=\"fill\"  >\n\t\t\t\t\t<img decoding=\"async\" src=\"https:\/\/jsbc.fr\/wp-content\/plugins\/masterslider\/public\/assets\/js\/blank.gif\" alt=\"\" title=\"\" data-src=\"https:\/\/jsbc.fr\/wp-content\/uploads\/2025\/09\/01-Lastman.jpg\" \/>\n\n\n\t<img decoding=\"async\" class=\"ms-thumb\" src=\"https:\/\/jsbc.fr\/wp-content\/uploads\/2025\/09\/01-Lastman-80x43.jpg\" alt=\"\" \/>\n\t\t\t\t<\/div>\n\t\t\t\t<div  class=\"ms-slide\" data-delay=\"3\" data-fill-mode=\"fill\"  >\n\t\t\t\t\t<img decoding=\"async\" src=\"https:\/\/jsbc.fr\/wp-content\/plugins\/masterslider\/public\/assets\/js\/blank.gif\" alt=\"\" title=\"\" data-src=\"https:\/\/jsbc.fr\/wp-content\/uploads\/2025\/09\/02-Lastman.jpg\" \/>\n\n\n\t<img decoding=\"async\" class=\"ms-thumb\" src=\"https:\/\/jsbc.fr\/wp-content\/uploads\/2025\/09\/02-Lastman-80x43.jpg\" alt=\"\" \/>\n\t\t\t\t<\/div>\n\t\t\t\t<div  class=\"ms-slide\" data-delay=\"3\" data-fill-mode=\"fill\"  >\n\t\t\t\t\t<img decoding=\"async\" src=\"https:\/\/jsbc.fr\/wp-content\/plugins\/masterslider\/public\/assets\/js\/blank.gif\" alt=\"\" title=\"\" data-src=\"https:\/\/jsbc.fr\/wp-content\/uploads\/2025\/09\/03-Lastman.jpg\" \/>\n\n\n\t<img decoding=\"async\" class=\"ms-thumb\" src=\"https:\/\/jsbc.fr\/wp-content\/uploads\/2025\/09\/03-Lastman-80x43.jpg\" alt=\"\" \/>\n\t\t\t\t<\/div>\n\t\t\t\t<div  class=\"ms-slide\" data-delay=\"3\" data-fill-mode=\"fill\"  >\n\t\t\t\t\t<img decoding=\"async\" src=\"https:\/\/jsbc.fr\/wp-content\/plugins\/masterslider\/public\/assets\/js\/blank.gif\" alt=\"\" title=\"\" data-src=\"https:\/\/jsbc.fr\/wp-content\/uploads\/2025\/09\/04-Lastman.jpg\" \/>\n\n\n\t<img decoding=\"async\" class=\"ms-thumb\" src=\"https:\/\/jsbc.fr\/wp-content\/uploads\/2025\/09\/04-Lastman-80x43.jpg\" alt=\"\" \/>\n\t\t\t\t<\/div>\n\t\t\t\t<div  class=\"ms-slide\" data-delay=\"3\" data-fill-mode=\"fill\"  >\n\t\t\t\t\t<img decoding=\"async\" src=\"https:\/\/jsbc.fr\/wp-content\/plugins\/masterslider\/public\/assets\/js\/blank.gif\" alt=\"\" title=\"\" data-src=\"https:\/\/jsbc.fr\/wp-content\/uploads\/2025\/09\/05-Lastman.jpg\" \/>\n\n\n\t<img decoding=\"async\" class=\"ms-thumb\" src=\"https:\/\/jsbc.fr\/wp-content\/uploads\/2025\/09\/05-Lastman-80x43.jpg\" alt=\"\" \/>\n\t\t\t\t<\/div>\n\t\t\t\t<div  class=\"ms-slide\" data-delay=\"3\" data-fill-mode=\"fill\"  >\n\t\t\t\t\t<img decoding=\"async\" src=\"https:\/\/jsbc.fr\/wp-content\/plugins\/masterslider\/public\/assets\/js\/blank.gif\" alt=\"\" title=\"\" data-src=\"https:\/\/jsbc.fr\/wp-content\/uploads\/2025\/09\/06-Lastman.jpg\" \/>\n\n\n\t<img decoding=\"async\" class=\"ms-thumb\" src=\"https:\/\/jsbc.fr\/wp-content\/uploads\/2025\/09\/06-Lastman-80x43.jpg\" alt=\"\" \/>\n\t\t\t\t<\/div>\n\t\t\t\t<div  class=\"ms-slide\" data-delay=\"3\" data-fill-mode=\"fill\"  >\n\t\t\t\t\t<img decoding=\"async\" src=\"https:\/\/jsbc.fr\/wp-content\/plugins\/masterslider\/public\/assets\/js\/blank.gif\" alt=\"\" title=\"\" data-src=\"https:\/\/jsbc.fr\/wp-content\/uploads\/2025\/09\/07-Lastman.jpg\" \/>\n\n\n\t<img decoding=\"async\" class=\"ms-thumb\" src=\"https:\/\/jsbc.fr\/wp-content\/uploads\/2025\/09\/07-Lastman-80x43.jpg\" alt=\"\" \/>\n\t\t\t\t<\/div>\n\t\t\t\t<div  class=\"ms-slide\" data-delay=\"3\" data-fill-mode=\"fill\"  >\n\t\t\t\t\t<img decoding=\"async\" src=\"https:\/\/jsbc.fr\/wp-content\/plugins\/masterslider\/public\/assets\/js\/blank.gif\" alt=\"\" title=\"\" data-src=\"https:\/\/jsbc.fr\/wp-content\/uploads\/2025\/09\/08-Lastman.jpg\" \/>\n\n\n\t<img decoding=\"async\" class=\"ms-thumb\" src=\"https:\/\/jsbc.fr\/wp-content\/uploads\/2025\/09\/08-Lastman-80x43.jpg\" alt=\"\" \/>\n\t\t\t\t<\/div>\n\t\t\t\t<div  class=\"ms-slide\" data-delay=\"3\" data-fill-mode=\"fill\"  >\n\t\t\t\t\t<img decoding=\"async\" src=\"https:\/\/jsbc.fr\/wp-content\/plugins\/masterslider\/public\/assets\/js\/blank.gif\" alt=\"\" title=\"\" data-src=\"https:\/\/jsbc.fr\/wp-content\/uploads\/2025\/09\/09-Lastman.jpg\" \/>\n\n\n\t<img decoding=\"async\" class=\"ms-thumb\" src=\"https:\/\/jsbc.fr\/wp-content\/uploads\/2025\/09\/09-Lastman-80x43.jpg\" alt=\"\" \/>\n\t\t\t\t<\/div>\n\t\t\t\t<div  class=\"ms-slide\" data-delay=\"3\" data-fill-mode=\"fill\"  >\n\t\t\t\t\t<img decoding=\"async\" src=\"https:\/\/jsbc.fr\/wp-content\/plugins\/masterslider\/public\/assets\/js\/blank.gif\" alt=\"\" title=\"\" data-src=\"https:\/\/jsbc.fr\/wp-content\/uploads\/2025\/09\/10-Lastman.jpg\" \/>\n\n\n\t<img decoding=\"async\" class=\"ms-thumb\" src=\"https:\/\/jsbc.fr\/wp-content\/uploads\/2025\/09\/10-Lastman-80x43.jpg\" alt=\"\" \/>\n\t\t\t\t<\/div>\n\t\t\t\t<div  class=\"ms-slide\" data-delay=\"3\" data-fill-mode=\"fill\"  >\n\t\t\t\t\t<img decoding=\"async\" src=\"https:\/\/jsbc.fr\/wp-content\/plugins\/masterslider\/public\/assets\/js\/blank.gif\" alt=\"\" title=\"\" data-src=\"https:\/\/jsbc.fr\/wp-content\/uploads\/2025\/09\/11-Lastman.jpg\" \/>\n\n\n\t<img decoding=\"async\" class=\"ms-thumb\" src=\"https:\/\/jsbc.fr\/wp-content\/uploads\/2025\/09\/11-Lastman-80x43.jpg\" alt=\"\" \/>\n\t\t\t\t<\/div>\n\t\t\t\t<div  class=\"ms-slide\" data-delay=\"3\" data-fill-mode=\"fill\"  >\n\t\t\t\t\t<img decoding=\"async\" src=\"https:\/\/jsbc.fr\/wp-content\/plugins\/masterslider\/public\/assets\/js\/blank.gif\" alt=\"\" title=\"\" data-src=\"https:\/\/jsbc.fr\/wp-content\/uploads\/2025\/09\/12-Lastman.jpg\" \/>\n\n\n\t<img decoding=\"async\" class=\"ms-thumb\" src=\"https:\/\/jsbc.fr\/wp-content\/uploads\/2025\/09\/12-Lastman-80x43.jpg\" alt=\"\" \/>\n\t\t\t\t<\/div>\n\t\t\t\t<div  class=\"ms-slide\" data-delay=\"3\" data-fill-mode=\"fill\"  >\n\t\t\t\t\t<img decoding=\"async\" src=\"https:\/\/jsbc.fr\/wp-content\/plugins\/masterslider\/public\/assets\/js\/blank.gif\" alt=\"\" title=\"\" data-src=\"https:\/\/jsbc.fr\/wp-content\/uploads\/2025\/09\/13-Lastman.jpg\" \/>\n\n\n\t<img decoding=\"async\" class=\"ms-thumb\" src=\"https:\/\/jsbc.fr\/wp-content\/uploads\/2025\/09\/13-Lastman-80x43.jpg\" alt=\"\" \/>\n\t\t\t\t<\/div>\n\t\t\t\t<div  class=\"ms-slide\" data-delay=\"3\" data-fill-mode=\"fill\"  >\n\t\t\t\t\t<img decoding=\"async\" src=\"https:\/\/jsbc.fr\/wp-content\/plugins\/masterslider\/public\/assets\/js\/blank.gif\" alt=\"\" title=\"\" data-src=\"https:\/\/jsbc.fr\/wp-content\/uploads\/2025\/09\/14-Lastman.jpg\" \/>\n\n\n\t<img decoding=\"async\" class=\"ms-thumb\" src=\"https:\/\/jsbc.fr\/wp-content\/uploads\/2025\/09\/14-Lastman-80x43.jpg\" alt=\"\" \/>\n\t\t\t\t<\/div>\n\t\t\t\t<div  class=\"ms-slide\" data-delay=\"3\" data-fill-mode=\"fill\"  >\n\t\t\t\t\t<img decoding=\"async\" src=\"https:\/\/jsbc.fr\/wp-content\/plugins\/masterslider\/public\/assets\/js\/blank.gif\" alt=\"\" title=\"\" data-src=\"https:\/\/jsbc.fr\/wp-content\/uploads\/2025\/09\/15-Lastman.jpg\" \/>\n\n\n\t<img decoding=\"async\" class=\"ms-thumb\" src=\"https:\/\/jsbc.fr\/wp-content\/uploads\/2025\/09\/15-Lastman-80x43.jpg\" alt=\"\" \/>\n\t\t\t\t<\/div>\n\t\t\t\t<div  class=\"ms-slide\" data-delay=\"3\" data-fill-mode=\"fill\"  >\n\t\t\t\t\t<img decoding=\"async\" src=\"https:\/\/jsbc.fr\/wp-content\/plugins\/masterslider\/public\/assets\/js\/blank.gif\" alt=\"\" title=\"\" data-src=\"https:\/\/jsbc.fr\/wp-content\/uploads\/2025\/09\/16-Lastman.jpg\" \/>\n\n\n\t<img decoding=\"async\" class=\"ms-thumb\" src=\"https:\/\/jsbc.fr\/wp-content\/uploads\/2025\/09\/16-Lastman-80x43.jpg\" alt=\"\" \/>\n\t\t\t\t<\/div>\n\t\t\t\t<div  class=\"ms-slide\" data-delay=\"3\" data-fill-mode=\"fill\"  >\n\t\t\t\t\t<img decoding=\"async\" src=\"https:\/\/jsbc.fr\/wp-content\/plugins\/masterslider\/public\/assets\/js\/blank.gif\" alt=\"\" title=\"\" data-src=\"https:\/\/jsbc.fr\/wp-content\/uploads\/2025\/09\/18-Lastman.jpg\" \/>\n\n\n\t<img decoding=\"async\" class=\"ms-thumb\" src=\"https:\/\/jsbc.fr\/wp-content\/uploads\/2025\/09\/18-Lastman-80x43.jpg\" alt=\"\" \/>\n\t\t\t\t<\/div>\n\t\t\t\t<div  class=\"ms-slide\" data-delay=\"3\" data-fill-mode=\"fill\"  >\n\t\t\t\t\t<img decoding=\"async\" src=\"https:\/\/jsbc.fr\/wp-content\/plugins\/masterslider\/public\/assets\/js\/blank.gif\" alt=\"\" title=\"\" data-src=\"https:\/\/jsbc.fr\/wp-content\/uploads\/2025\/09\/19-Lastman.jpg\" \/>\n\n\n\t<img decoding=\"async\" class=\"ms-thumb\" src=\"https:\/\/jsbc.fr\/wp-content\/uploads\/2025\/09\/19-Lastman-80x43.jpg\" alt=\"\" \/>\n\t\t\t\t<\/div>\n\t\t\t\t<div  class=\"ms-slide\" data-delay=\"3\" data-fill-mode=\"fill\"  >\n\t\t\t\t\t<img decoding=\"async\" src=\"https:\/\/jsbc.fr\/wp-content\/plugins\/masterslider\/public\/assets\/js\/blank.gif\" alt=\"\" title=\"\" data-src=\"https:\/\/jsbc.fr\/wp-content\/uploads\/2025\/09\/20-Lastman.jpg\" \/>\n\n\n\t<img decoding=\"async\" class=\"ms-thumb\" src=\"https:\/\/jsbc.fr\/wp-content\/uploads\/2025\/09\/20-Lastman-80x43.jpg\" alt=\"\" \/>\n\t\t\t\t<\/div>\n\t\t\t\t<div  class=\"ms-slide\" data-delay=\"3\" data-fill-mode=\"fill\"  >\n\t\t\t\t\t<img decoding=\"async\" src=\"https:\/\/jsbc.fr\/wp-content\/plugins\/masterslider\/public\/assets\/js\/blank.gif\" alt=\"\" title=\"\" data-src=\"https:\/\/jsbc.fr\/wp-content\/uploads\/2025\/09\/21-Lastman.jpg\" \/>\n\n\n\t<img decoding=\"async\" class=\"ms-thumb\" src=\"https:\/\/jsbc.fr\/wp-content\/uploads\/2025\/09\/21-Lastman-80x43.jpg\" alt=\"\" \/>\n\t\t\t\t<\/div>\n\n\t\t\t<\/div>\n\t\t\t<!-- END MasterSlider Main -->\n\n\t\t\t \n\t\t<\/div>\n\t\t<!-- END MasterSlider --> \n\t\t\n\t\t<script>\n\t\t(function ( $ ) {\n\t\t\t\"use strict\";\n\n\t\t\t$(function () {\n\t\t\t\tvar masterslider_5f68 = new MasterSlider();\n\n\t\t\t\t\/\/ slider controls\n                    \n\t\t\t\tmasterslider_5f68.control('thumblist'  ,{ autohide:false, overVideo:true, dir:'h', speed:17, inset:false, align:'bottom',type:'thumbs', margin:5, width:80, height:43, space:4, fillMode:'fill'  });\n\t\t\t\tmasterslider_5f68.control('scrollbar'  ,{ autohide:false, overVideo:true, dir:'h', inset:true, align:'top', color:'#3D3D3D' , margin:10  , width:4 });\n\t\t\t\t\/\/ slider setup\n\t\t\t\tmasterslider_5f68.setup(\"MS69d23080a5f68\", {\n\t\t\t\t\t\twidth           : 1064,\n\t\t\t\t\t\theight          : 622,\n\t\t\t\t\t\tspace           : 0,\n\t\t\t\t\t\tstart           : 1,\n\t\t\t\t\t\tgrabCursor      : true,\n\t\t\t\t\t\tswipe           : true,\n\t\t\t\t\t\tmouse           : true,\n\t\t\t\t\t\tlayout          : \"boxed\", \n\t\t\t\t\t\twheel           : true,\n\t\t\t\t\t\tautoplay        : true,\n\t\t\t\t\t\tinstantStartLayers:false,\n\t\t\t\t\t\tloop            : true,\n\t\t\t\t\t\tshuffle         : false,\n\t\t\t\t\t\tpreload         : 0,\n\t\t\t\t\t\theightLimit     : true,\n\t\t\t\t\t\tautoHeight      : false,\n\t\t\t\t\t\tsmoothHeight    : true,\n\t\t\t\t\t\tendPause        : false,\n\t\t\t\t\t\toverPause       : true,\n\t\t\t\t\t\tfillMode        : \"fill\", \n\t\t\t\t\t\tcenterControls  : true,\n\t\t\t\t\t\tlayersMode      : \"center\", \n\t\t\t\t\t\thideLayers      : false, \n\t\t\t\t\t\tfullscreenMargin: 0,\n\t\t\t\t\t\tspeed           : 20, \n\t\t\t\t\t\tdir             : \"h\", \n\t\t\t\t\t\tparallaxMode    : 'swipe',\n\t\t\t\t\t\tview            : \"basic\"\n\t\t\t\t});\n\t\t\t\t\n\n\t\t\t\t\n\t\t\t\twindow.masterslider_instances = window.masterslider_instances || {};\n\t\t\t\twindow.masterslider_instances[\"42_5f68\"] = masterslider_5f68;\n\t\t\t });\n\t\t\t\n\t\t})(jQuery);\n\t\t<\/script> \n\t\t\n[\/vc_column_text][\/vc_column][\/vc_row]<\/p>\n","protected":false},"excerpt":{"rendered":"<p>LASTMAN 2016. 26 x 13 min. Uppercuts and Paranormal. Teens\u2013Adults. 2D. Based on the graphic novel by Viv\u00e8s, Sanlaville, Balak. Casterman Editions.Director : &hellip;<\/p>\n","protected":false},"author":5,"featured_media":0,"parent":6917,"menu_order":122,"comment_status":"closed","ping_status":"closed","template":"","meta":{"om_disable_all_campaigns":false,"_monsterinsights_skip_tracking":false,"_monsterinsights_sitenote_active":false,"_monsterinsights_sitenote_note":"","_monsterinsights_sitenote_category":0,"footnotes":""},"class_list":["post-2345","page","type-page","status-publish","hentry"],"aioseo_notices":[],"_links":{"self":[{"href":"https:\/\/jsbc.fr\/en\/wp-json\/wp\/v2\/pages\/2345\/"}],"collection":[{"href":"https:\/\/jsbc.fr\/en\/wp-json\/wp\/v2\/pages\/"}],"about":[{"href":"https:\/\/jsbc.fr\/en\/wp-json\/wp\/v2\/types\/page\/"}],"author":[{"embeddable":true,"href":"https:\/\/jsbc.fr\/en\/wp-json\/wp\/v2\/users\/5\/"}],"replies":[{"embeddable":true,"href":"https:\/\/jsbc.fr\/en\/wp-json\/wp\/v2\/comments\/?post=2345"}],"version-history":[{"count":13,"href":"https:\/\/jsbc.fr\/en\/wp-json\/wp\/v2\/pages\/2345\/revisions\/"}],"predecessor-version":[{"id":6979,"href":"https:\/\/jsbc.fr\/en\/wp-json\/wp\/v2\/pages\/2345\/revisions\/6979\/"}],"up":[{"embeddable":true,"href":"https:\/\/jsbc.fr\/en\/wp-json\/wp\/v2\/pages\/6917\/"}],"wp:attachment":[{"href":"https:\/\/jsbc.fr\/en\/wp-json\/wp\/v2\/media\/?parent=2345"}],"curies":[{"name":"wp","href":"https:\/\/api.w.org\/{rel}","templated":true}]}}