{"id":3137,"date":"2017-02-10T11:54:00","date_gmt":"2017-02-10T11:54:00","guid":{"rendered":"http:\/\/www.jsbc.fr\/full-lenghts\/le-loup-des-mers\/"},"modified":"2017-02-10T14:06:52","modified_gmt":"2017-02-10T14:06:52","slug":"the-sea-wolf","status":"publish","type":"page","link":"https:\/\/jsbc.fr\/en\/movies\/the-sea-wolf\/","title":{"rendered":"The Sea Wolf"},"content":{"rendered":"<p>[vc_row][vc_column][vc_column_text]<strong>2017. Prestation. Pilote pour s\u00e9rie d&#8217;animation (10&#215;10&#8242;) inspir\u00e9 du roman &#8220;The Sea Wolf&#8221; de Jack London<\/strong><\/p>\n<p>Auteur r\u00e9alisateur\u00a0:\u00a0<strong>Emmanuel Gorinstein<\/strong><\/p>\n<p>Production : <strong>ELDA Productions<\/strong><br \/>\nProduction : <strong><a class=\"mail\" href=\"mailto:marc@jsbc.fr\" target=\"_blank\">Marc Jousset<\/a><\/strong>,\u00a0<a href=\"mailto:perrine@jsbc.fr\"><strong>Perrine Capron<\/strong><\/a><\/p>\n<p>Baie de San Francisco, 1904. Victime d\u2019un accident de ferry, Humphrey, jeune critique litt\u00e9raire, ne doit la vie sauve qu\u2019au passage fortuit d\u2019un navire et \u00e0 son capitaine qui le rep\u00eache et l\u2019enr\u00f4le. Loup Larsen est tyrannique, sans scrupule, mais g\u00e9nial par ses id\u00e9es philosophiques brillantes. Un voyage cauchemardesque qui se r\u00e9v\u00e8lera pourtant r\u00e9dempteur vis \u00e0 vis d\u2019un pass\u00e9 qu\u2019Humphrey pr\u00e9f\u00e9rait jusque l\u00e0 oublier. Le loup n\u2019est pas forc\u00e9ment celui que l\u2019on croit.[\/vc_column_text][\/vc_column][\/vc_row][vc_row][vc_column][vc_column_text]\n\t\t<!-- MasterSlider -->\n\t\t<div id=\"P_MS69f2bc8a38255\" class=\"master-slider-parent ms-thumbs-template ms-parent-id-56\" style=\"max-width:1706px;\"  >\n\t\t\t\t\n\t\t\t\n\t\t\t<!-- MasterSlider Main -->\n\t\t\t<div id=\"MS69f2bc8a38255\" class=\"master-slider ms-skin-default\" >\n\t\t\t\t \t\t\t\t \n\t\t\t\t<div  class=\"ms-slide\" data-delay=\"3\" data-fill-mode=\"fill\"  >\n\t\t\t\t\t<img decoding=\"async\" src=\"https:\/\/jsbc.fr\/wp-content\/plugins\/masterslider\/public\/assets\/js\/blank.gif\" alt=\"\" title=\"\" data-src=\"https:\/\/jsbc.fr\/wp-content\/uploads\/2017\/02\/le-loup-des-mers-1.jpg\" \/>\n\n\n\t<img decoding=\"async\" class=\"ms-thumb\" src=\"https:\/\/jsbc.fr\/wp-content\/uploads\/2017\/02\/le-loup-des-mers-1-80x43.jpg\" alt=\"\" \/>\n\t\t\t\t<\/div>\n\t\t\t\t<div  class=\"ms-slide\" data-delay=\"3\" data-fill-mode=\"fill\"  >\n\t\t\t\t\t<img decoding=\"async\" src=\"https:\/\/jsbc.fr\/wp-content\/plugins\/masterslider\/public\/assets\/js\/blank.gif\" alt=\"\" title=\"\" data-src=\"https:\/\/jsbc.fr\/wp-content\/uploads\/2017\/02\/le-loup-des-mers-2.jpg\" \/>\n\n\n\t<img decoding=\"async\" class=\"ms-thumb\" src=\"https:\/\/jsbc.fr\/wp-content\/uploads\/2017\/02\/le-loup-des-mers-2-80x43.jpg\" alt=\"\" \/>\n\t\t\t\t<\/div>\n\t\t\t\t<div  class=\"ms-slide\" data-delay=\"3\" data-fill-mode=\"fill\"  >\n\t\t\t\t\t<img decoding=\"async\" src=\"https:\/\/jsbc.fr\/wp-content\/plugins\/masterslider\/public\/assets\/js\/blank.gif\" alt=\"\" title=\"\" data-src=\"https:\/\/jsbc.fr\/wp-content\/uploads\/2017\/02\/le-loup-des-mers-3.jpg\" \/>\n\n\n\t<img decoding=\"async\" class=\"ms-thumb\" src=\"https:\/\/jsbc.fr\/wp-content\/uploads\/2017\/02\/le-loup-des-mers-3-80x43.jpg\" alt=\"\" \/>\n\t\t\t\t<\/div>\n\t\t\t\t<div  class=\"ms-slide\" data-delay=\"3\" data-fill-mode=\"fill\"  >\n\t\t\t\t\t<img decoding=\"async\" src=\"https:\/\/jsbc.fr\/wp-content\/plugins\/masterslider\/public\/assets\/js\/blank.gif\" alt=\"\" title=\"\" data-src=\"https:\/\/jsbc.fr\/wp-content\/uploads\/2017\/02\/le-loup-des-mers-4.jpg\" \/>\n\n\n\t<img decoding=\"async\" class=\"ms-thumb\" src=\"https:\/\/jsbc.fr\/wp-content\/uploads\/2017\/02\/le-loup-des-mers-4-80x43.jpg\" alt=\"\" \/>\n\t\t\t\t<\/div>\n\t\t\t\t<div  class=\"ms-slide\" data-delay=\"3\" data-fill-mode=\"fill\"  >\n\t\t\t\t\t<img decoding=\"async\" src=\"https:\/\/jsbc.fr\/wp-content\/plugins\/masterslider\/public\/assets\/js\/blank.gif\" alt=\"\" title=\"\" data-src=\"https:\/\/jsbc.fr\/wp-content\/uploads\/2017\/02\/le-loup-des-mers-5.jpg\" \/>\n\n\n\t<img decoding=\"async\" class=\"ms-thumb\" src=\"https:\/\/jsbc.fr\/wp-content\/uploads\/2017\/02\/le-loup-des-mers-5-80x43.jpg\" alt=\"\" \/>\n\t\t\t\t<\/div>\n\t\t\t\t<div  class=\"ms-slide\" data-delay=\"3\" data-fill-mode=\"fill\"  >\n\t\t\t\t\t<img decoding=\"async\" src=\"https:\/\/jsbc.fr\/wp-content\/plugins\/masterslider\/public\/assets\/js\/blank.gif\" alt=\"\" title=\"\" data-src=\"https:\/\/jsbc.fr\/wp-content\/uploads\/2017\/02\/le-loup-des-mers-6.jpg\" \/>\n\n\n\t<img decoding=\"async\" class=\"ms-thumb\" src=\"https:\/\/jsbc.fr\/wp-content\/uploads\/2017\/02\/le-loup-des-mers-6-80x43.jpg\" alt=\"\" \/>\n\t\t\t\t<\/div>\n\t\t\t\t<div  class=\"ms-slide\" data-delay=\"3\" data-fill-mode=\"fill\"  >\n\t\t\t\t\t<img decoding=\"async\" src=\"https:\/\/jsbc.fr\/wp-content\/plugins\/masterslider\/public\/assets\/js\/blank.gif\" alt=\"\" title=\"\" data-src=\"https:\/\/jsbc.fr\/wp-content\/uploads\/2017\/02\/le-loup-des-mers-7.jpg\" \/>\n\n\n\t<img decoding=\"async\" class=\"ms-thumb\" src=\"https:\/\/jsbc.fr\/wp-content\/uploads\/2017\/02\/le-loup-des-mers-7-80x43.jpg\" alt=\"\" \/>\n\t\t\t\t<\/div>\n\t\t\t\t<div  class=\"ms-slide\" data-delay=\"3\" data-fill-mode=\"fill\"  >\n\t\t\t\t\t<img decoding=\"async\" src=\"https:\/\/jsbc.fr\/wp-content\/plugins\/masterslider\/public\/assets\/js\/blank.gif\" alt=\"\" title=\"\" data-src=\"https:\/\/jsbc.fr\/wp-content\/uploads\/2017\/02\/le-loup-des-mers-8.jpg\" \/>\n\n\n\t<img decoding=\"async\" class=\"ms-thumb\" src=\"https:\/\/jsbc.fr\/wp-content\/uploads\/2017\/02\/le-loup-des-mers-8-80x43.jpg\" alt=\"\" \/>\n\t\t\t\t<\/div>\n\t\t\t\t<div  class=\"ms-slide\" data-delay=\"3\" data-fill-mode=\"fill\"  >\n\t\t\t\t\t<img decoding=\"async\" src=\"https:\/\/jsbc.fr\/wp-content\/plugins\/masterslider\/public\/assets\/js\/blank.gif\" alt=\"\" title=\"\" data-src=\"https:\/\/jsbc.fr\/wp-content\/uploads\/2017\/02\/le-loup-des-mers-9.jpg\" \/>\n\n\n\t<img decoding=\"async\" class=\"ms-thumb\" src=\"https:\/\/jsbc.fr\/wp-content\/uploads\/2017\/02\/le-loup-des-mers-9-80x43.jpg\" alt=\"\" \/>\n\t\t\t\t<\/div>\n\t\t\t\t<div  class=\"ms-slide\" data-delay=\"3\" data-fill-mode=\"fill\"  >\n\t\t\t\t\t<img decoding=\"async\" src=\"https:\/\/jsbc.fr\/wp-content\/plugins\/masterslider\/public\/assets\/js\/blank.gif\" alt=\"\" title=\"\" data-src=\"https:\/\/jsbc.fr\/wp-content\/uploads\/2017\/02\/le-loup-des-mers-10.jpg\" \/>\n\n\n\t<img decoding=\"async\" class=\"ms-thumb\" src=\"https:\/\/jsbc.fr\/wp-content\/uploads\/2017\/02\/le-loup-des-mers-10-80x43.jpg\" alt=\"\" \/>\n\t\t\t\t<\/div>\n\n\t\t\t<\/div>\n\t\t\t<!-- END MasterSlider Main -->\n\n\t\t\t \n\t\t<\/div>\n\t\t<!-- END MasterSlider --> \n\t\t\n\t\t<script>\n\t\t(function ( $ ) {\n\t\t\t\"use strict\";\n\n\t\t\t$(function () {\n\t\t\t\tvar masterslider_8255 = new MasterSlider();\n\n\t\t\t\t\/\/ slider controls\n                    \n\t\t\t\tmasterslider_8255.control('thumblist'  ,{ autohide:false, overVideo:true, dir:'h', speed:17, inset:false, align:'bottom',type:'thumbs', margin:5, width:80, height:43, space:4, fillMode:'fill'  });\n\t\t\t\tmasterslider_8255.control('scrollbar'  ,{ autohide:false, overVideo:true, dir:'h', inset:true, align:'top', color:'#3D3D3D' , margin:10  , width:4 });\n\t\t\t\t\/\/ slider setup\n\t\t\t\tmasterslider_8255.setup(\"MS69f2bc8a38255\", {\n\t\t\t\t\t\twidth           : 1706,\n\t\t\t\t\t\theight          : 954,\n\t\t\t\t\t\tspace           : 0,\n\t\t\t\t\t\tstart           : 1,\n\t\t\t\t\t\tgrabCursor      : true,\n\t\t\t\t\t\tswipe           : true,\n\t\t\t\t\t\tmouse           : true,\n\t\t\t\t\t\tlayout          : \"boxed\", \n\t\t\t\t\t\twheel           : true,\n\t\t\t\t\t\tautoplay        : true,\n\t\t\t\t\t\tinstantStartLayers:false,\n\t\t\t\t\t\tloop            : true,\n\t\t\t\t\t\tshuffle         : false,\n\t\t\t\t\t\tpreload         : 0,\n\t\t\t\t\t\theightLimit     : true,\n\t\t\t\t\t\tautoHeight      : false,\n\t\t\t\t\t\tsmoothHeight    : true,\n\t\t\t\t\t\tendPause        : false,\n\t\t\t\t\t\toverPause       : true,\n\t\t\t\t\t\tfillMode        : \"fill\", \n\t\t\t\t\t\tcenterControls  : true,\n\t\t\t\t\t\tlayersMode      : \"center\", \n\t\t\t\t\t\thideLayers      : false, \n\t\t\t\t\t\tfullscreenMargin: 0,\n\t\t\t\t\t\tspeed           : 20, \n\t\t\t\t\t\tdir             : \"h\", \n\t\t\t\t\t\tparallaxMode    : 'swipe',\n\t\t\t\t\t\tview            : \"basic\"\n\t\t\t\t});\n\t\t\t\t\n\n\t\t\t\t\n\t\t\t\twindow.masterslider_instances = window.masterslider_instances || {};\n\t\t\t\twindow.masterslider_instances[\"56_8255\"] = masterslider_8255;\n\t\t\t });\n\t\t\t\n\t\t})(jQuery);\n\t\t<\/script> \n\t\t\n[\/vc_column_text][vc_empty_space][\/vc_column][\/vc_row][vc_row][vc_column][vc_single_image image=&#8221;294&#8243; alignment=&#8221;center&#8221;][\/vc_column][\/vc_row]<\/p>\n","protected":false},"excerpt":{"rendered":"<p>[vc_row][vc_column][vc_column_text]2017. Prestation. Pilote pour s\u00e9rie d&#8217;animation (10&#215;10&#8242;) inspir\u00e9 du roman &#8220;The Sea Wolf&#8221; de Jack London Auteur r\u00e9alisateur\u00a0:\u00a0Emmanuel Gorinstein Production : ELDA Productions &hellip;<\/p>\n","protected":false},"author":5,"featured_media":0,"parent":690,"menu_order":205,"comment_status":"closed","ping_status":"closed","template":"","meta":{"om_disable_all_campaigns":false,"_monsterinsights_skip_tracking":false,"_monsterinsights_sitenote_active":false,"_monsterinsights_sitenote_note":"","_monsterinsights_sitenote_category":0,"footnotes":""},"class_list":["post-3137","page","type-page","status-publish","hentry"],"aioseo_notices":[],"_links":{"self":[{"href":"https:\/\/jsbc.fr\/en\/wp-json\/wp\/v2\/pages\/3137\/"}],"collection":[{"href":"https:\/\/jsbc.fr\/en\/wp-json\/wp\/v2\/pages\/"}],"about":[{"href":"https:\/\/jsbc.fr\/en\/wp-json\/wp\/v2\/types\/page\/"}],"author":[{"embeddable":true,"href":"https:\/\/jsbc.fr\/en\/wp-json\/wp\/v2\/users\/5\/"}],"replies":[{"embeddable":true,"href":"https:\/\/jsbc.fr\/en\/wp-json\/wp\/v2\/comments\/?post=3137"}],"version-history":[{"count":1,"href":"https:\/\/jsbc.fr\/en\/wp-json\/wp\/v2\/pages\/3137\/revisions\/"}],"predecessor-version":[{"id":3138,"href":"https:\/\/jsbc.fr\/en\/wp-json\/wp\/v2\/pages\/3137\/revisions\/3138\/"}],"up":[{"embeddable":true,"href":"https:\/\/jsbc.fr\/en\/wp-json\/wp\/v2\/pages\/690\/"}],"wp:attachment":[{"href":"https:\/\/jsbc.fr\/en\/wp-json\/wp\/v2\/media\/?parent=3137"}],"curies":[{"name":"wp","href":"https:\/\/api.w.org\/{rel}","templated":true}]}}