{"id":3596,"date":"2018-06-09T17:05:47","date_gmt":"2018-06-09T17:05:47","guid":{"rendered":"http:\/\/www.jsbc.fr\/feature-film\/les-secrets-de-mon-pere\/"},"modified":"2025-09-26T12:44:16","modified_gmt":"2025-09-26T12:44:16","slug":"my-father-s-secrets","status":"publish","type":"page","link":"https:\/\/jsbc.fr\/en\/movies\/my-father-s-secrets\/","title":{"rendered":"My father&#8217;s secrets"},"content":{"rendered":"\n<h5 class=\"wp-block-heading\"><span style=\"color: #c00418;\"><span style=\"color: #000000;\">MY<\/span>FATHERS&#8217;<span style=\"color: #000000;\">S<\/span>SECRETS<\/span><\/h5>\n\n\n<p><strong>2022. 73 min. Memoir. Youth\u2013Family. 2D. French release: September 21, 2022.<\/strong><\/p>\n<p>Director :\u00a0<strong>V\u00e9ra Belmont.<\/strong><br \/>Based on the graphic novel \u00ab Deuxi\u00e8me G\u00e9n\u00e9ration, ce que je n\u2019ai pas dit \u00e0 mon p\u00e8re \u00bb\u00a0by\u00a0<strong>Michel Kichka.<\/strong><\/p>\n<p>Production :\u00a0<strong>Je Suis Bien Content.<br \/><\/strong>Contact\u00a0: <a style=\"color: #007bff; font-weight: bold;\" href=\"mailto:marc.jousset@jsbc.fr\">Marc Jousset.<\/a><\/p>\n<p>Second Generation is not a reckoning with history. It\u2019s a film that retraces the decisive moments of a childhood spent in the shadow of the Holocaust, from Belgium to the promised land, filled with both nightmares and joyful moments. Famous Israeli author and renowned cartoonist, Michel Kichka is the son of a man who was the sole survivor of his family, all of whom were exterminated in the concentration camps.<\/p>\n<p>At 20 years old, Michel\u2019s father returned to his native Belgium, fathering four children, two girls and two boys. In response to their father\u2019s life being so devastating, his children have never stopped wanting to free themselves, each in his or her own way. This intimate and poignant story, told in a unique and touching tone, could only be done justice through animation.<\/p>\n<p>\u00a0<\/p>\n<div style=\"width: 960px;\" class=\"wp-video\"><!--[if lt IE 9]><script>document.createElement('video');<\/script><![endif]-->\n<video class=\"wp-video-shortcode\" id=\"video-3596-1\" width=\"960\" height=\"540\" preload=\"metadata\" controls=\"controls\"><source type=\"video\/mp4\" src=\"https:\/\/jsbc.fr\/wp-content\/uploads\/2018\/06\/LES-SECRETS-DE-MON-PERE_EXTRAIT_H264.mp4?_=1\" \/><a href=\"https:\/\/jsbc.fr\/wp-content\/uploads\/2018\/06\/LES-SECRETS-DE-MON-PERE_EXTRAIT_H264.mp4\">https:\/\/jsbc.fr\/wp-content\/uploads\/2018\/06\/LES-SECRETS-DE-MON-PERE_EXTRAIT_H264.mp4<\/a><\/video><\/div>\n<div id=\"metaslider-id-3918\" style=\"width: 100%;\" class=\"ml-slider-3-98-0 metaslider metaslider-nivo metaslider-3918 ml-slider ms-theme-default\" role=\"region\" aria-roledescription=\"Slideshow\" aria-label=\"Les Secrets de mon P\u00e8re\" data-width=\"1000\">\n    <div id=\"metaslider_container_3918\">\n        <div class='slider-wrapper theme-default'><div class='ribbon'><\/div><div id='metaslider_3918' class='nivoSlider'><img loading=\"lazy\" decoding=\"async\" src=\"https:\/\/jsbc.fr\/wp-content\/uploads\/2022\/05\/LES-SECRETS-DE-MON-PERE_01-1000x540.jpg\" height=\"540\" width=\"1000\" title=\"LES SECRETS DE MON PERE_01\" alt=\"\" class=\"slider-3918 slide-3927\" \/><img loading=\"lazy\" decoding=\"async\" src=\"https:\/\/jsbc.fr\/wp-content\/uploads\/2022\/05\/LES-SECRETS-DE-MON-PERE_02-1000x540.jpg\" height=\"540\" width=\"1000\" title=\"LES SECRETS DE MON PERE_02\" alt=\"\" class=\"slider-3918 slide-3928\" \/><img loading=\"lazy\" decoding=\"async\" src=\"https:\/\/jsbc.fr\/wp-content\/uploads\/2022\/05\/LES-SECRETS-DE-MON-PERE_03-1000x540.jpg\" height=\"540\" width=\"1000\" title=\"LES SECRETS DE MON PERE_03\" alt=\"\" class=\"slider-3918 slide-3929\" \/><img loading=\"lazy\" decoding=\"async\" src=\"https:\/\/jsbc.fr\/wp-content\/uploads\/2022\/05\/LES-SECRETS-DE-MON-PERE_04-1000x540.jpg\" height=\"540\" width=\"1000\" title=\"LES SECRETS DE MON PERE_04\" alt=\"\" class=\"slider-3918 slide-3930\" \/><img loading=\"lazy\" decoding=\"async\" src=\"https:\/\/jsbc.fr\/wp-content\/uploads\/2022\/06\/MY-FATHERS-SECRETS_05-1000x540.jpg\" height=\"540\" width=\"1000\" title=\"MY FATHER&#039;S SECRETS_05\" alt=\"\" class=\"slider-3918 slide-3998\" \/><img loading=\"lazy\" decoding=\"async\" src=\"https:\/\/jsbc.fr\/wp-content\/uploads\/2022\/06\/MY-FATHERS-SECRETS_06-1000x540.jpg\" height=\"540\" width=\"1000\" title=\"MY FATHER&#039;S SECRETS_06\" alt=\"\" class=\"slider-3918 slide-3999\" \/><img loading=\"lazy\" decoding=\"async\" src=\"https:\/\/jsbc.fr\/wp-content\/uploads\/2022\/06\/MY-FATHERS-SECRETS_07-1000x540.jpg\" height=\"540\" width=\"1000\" title=\"MY FATHER&#039;S SECRETS_07\" alt=\"\" class=\"slider-3918 slide-4000\" \/><img loading=\"lazy\" decoding=\"async\" src=\"https:\/\/jsbc.fr\/wp-content\/uploads\/2022\/06\/MY-FATHERS-SECRETS_09-1000x540.jpg\" height=\"540\" width=\"1000\" title=\"MY FATHER&#039;S SECRETS_09\" alt=\"\" class=\"slider-3918 slide-4001\" \/><img loading=\"lazy\" decoding=\"async\" src=\"https:\/\/jsbc.fr\/wp-content\/uploads\/2022\/06\/MY-FATHERS-SECRETS_10-1000x540.jpg\" height=\"540\" width=\"1000\" title=\"MY FATHER&#039;S SECRETS_10\" alt=\"\" class=\"slider-3918 slide-4002\" \/><img loading=\"lazy\" decoding=\"async\" src=\"https:\/\/jsbc.fr\/wp-content\/uploads\/2022\/06\/MY-FATHERS-SECRETS_18-1000x540.jpg\" height=\"540\" width=\"1000\" title=\"MY FATHER&#039;S SECRETS_18\" alt=\"\" class=\"slider-3918 slide-4003\" \/><\/div><\/div>\n        \n    <\/div>\n<\/div>","protected":false},"excerpt":{"rendered":"<p>MYFATHERS&#8217;SSECRETS 2022. 73 min. Memoir. Youth\u2013Family. 2D. French release: September 21, 2022. Director :\u00a0V\u00e9ra Belmont.Based on the graphic novel \u00ab Deuxi\u00e8me G\u00e9n\u00e9ration, ce &hellip;<\/p>\n","protected":false},"author":5,"featured_media":0,"parent":690,"menu_order":175,"comment_status":"closed","ping_status":"closed","template":"","meta":{"om_disable_all_campaigns":false,"_monsterinsights_skip_tracking":false,"_monsterinsights_sitenote_active":false,"_monsterinsights_sitenote_note":"","_monsterinsights_sitenote_category":0,"footnotes":""},"class_list":["post-3596","page","type-page","status-publish","hentry"],"aioseo_notices":[],"_links":{"self":[{"href":"https:\/\/jsbc.fr\/en\/wp-json\/wp\/v2\/pages\/3596\/"}],"collection":[{"href":"https:\/\/jsbc.fr\/en\/wp-json\/wp\/v2\/pages\/"}],"about":[{"href":"https:\/\/jsbc.fr\/en\/wp-json\/wp\/v2\/types\/page\/"}],"author":[{"embeddable":true,"href":"https:\/\/jsbc.fr\/en\/wp-json\/wp\/v2\/users\/5\/"}],"replies":[{"embeddable":true,"href":"https:\/\/jsbc.fr\/en\/wp-json\/wp\/v2\/comments\/?post=3596"}],"version-history":[{"count":8,"href":"https:\/\/jsbc.fr\/en\/wp-json\/wp\/v2\/pages\/3596\/revisions\/"}],"predecessor-version":[{"id":6873,"href":"https:\/\/jsbc.fr\/en\/wp-json\/wp\/v2\/pages\/3596\/revisions\/6873\/"}],"up":[{"embeddable":true,"href":"https:\/\/jsbc.fr\/en\/wp-json\/wp\/v2\/pages\/690\/"}],"wp:attachment":[{"href":"https:\/\/jsbc.fr\/en\/wp-json\/wp\/v2\/media\/?parent=3596"}],"curies":[{"name":"wp","href":"https:\/\/api.w.org\/{rel}","templated":true}]}}