{"id":4183,"date":"2024-05-14T13:15:52","date_gmt":"2024-05-14T13:15:52","guid":{"rendered":"https:\/\/jsbc.fr\/?page_id=4183"},"modified":"2025-10-15T13:41:02","modified_gmt":"2025-10-15T13:41:02","slug":"mars-express","status":"publish","type":"page","link":"https:\/\/jsbc.fr\/en\/movies\/mars-express\/","title":{"rendered":"Mars Express"},"content":{"rendered":"\n<h5 class=\"wp-block-heading\"><span style=\"color: #c00418;\">MARS<span style=\"color: #000000;\">EXPRESS<\/span><\/span><\/h5>\n\n\n\n<p><strong><strong>2023. 85 min. Sci-Fi. Teens\u2013Adults. 2D\u20133D. French release: November 22, 2023.<\/strong><\/strong><\/p>\n\n\n\n<p>Director :<strong>&nbsp;J\u00e9r\u00e9mie P\u00e9rin.<br><\/strong>Writers :<strong>&nbsp;Laurent Sarfati&nbsp;et&nbsp;J\u00e9r\u00e9mie P\u00e9rin.<br><\/strong>With :<strong>&nbsp;L\u00e9a Drucker, Mathieu Amalric, Marthe Keller, Daniel Njo Lob\u00e9.<br><\/strong> Production :<strong>&nbsp;Everybody on Deck \/ Didier Creste.<br><\/strong> Coproducers \/&nbsp;Executive producers&nbsp; :&nbsp;<strong>Je Suis Bien Content \/ <a style=\"color: #007bff; font-weight: bold;\" href=\"mailto:marc.jousset@jsbc.fr\">Marc Jousset<\/a><\/strong> \/ <a style=\"color: #007bff; font-weight: bold;\" href=\"mailto:perrine.capron@jsbc.fr\">Perrine Capron.<\/a><\/p>\n\n\n\n<p class=\"has-black-color has-text-color has-link-color wp-elements-95526bb9c72fe4d237460a08c591f3d0\"><strong><span style=\"color: red;\">Official Selection &#8211; Cannes Film Festival 2023.<br>Official Selection &#8211; Annecy International Animation Festival 2023. <br> C\u00e9sar Awards 2023 Nominee : Best Animated Feature. <\/span><\/strong><\/p>\n\n\n\n<p class=\"has-text-align-left\"><p class=\"has-text-align-left\">In the year 2200, Aline Ruby, a determined private detective, and Carlos Rivera, her android partner, are hired by a wealthy businessman to capture a famous hacker on Earth. Back on Mars, a new case will lead them to venture into the depths of Noctis, the Martian capital, in search of Jun Chow, a missing cybernetics student. Noctis is their city, a libertarian utopia made possible by advances in robotics, a symbol of a future turned towards the stars.<\/p><\/p>\n\n\n\n<p class=\"has-text-align-left\">Throughout their investigation, they will confront the darkest secrets of their city: its corrupt institutions, its trafficking, its brain farms, and the scheming of the all-powerful corporations. But cyber-augmented killers have also targeted Jun Chow. Aline and Carlos board on a desperate race to save this young woman who, unknowingly, holds a secret capable of threatening the delicate balance on which their civilization rests.<br>[vc_row][vc_column][vc_column_text]<br><br><div style=\"width: 960px;\" class=\"wp-video\"><!--[if lt IE 9]><script>document.createElement('video');<\/script><![endif]-->\n<video class=\"wp-video-shortcode\" id=\"video-4183-1\" width=\"960\" height=\"540\" poster=\"https:\/\/jsbc.fr\/wp-content\/uploads\/2023\/11\/vlcsnap-2023-11-23-15h25m15s316.png\" preload=\"metadata\" controls=\"controls\"><source type=\"video\/mp4\" src=\"https:\/\/jsbc.fr\/wp-content\/uploads\/2023\/11\/MARS_EXPRESS_FA_H264_STEREO_vDEF.mp4?_=1\" \/><a href=\"https:\/\/jsbc.fr\/wp-content\/uploads\/2023\/11\/MARS_EXPRESS_FA_H264_STEREO_vDEF.mp4\">https:\/\/jsbc.fr\/wp-content\/uploads\/2023\/11\/MARS_EXPRESS_FA_H264_STEREO_vDEF.mp4<\/a><\/video><\/div><br><br>[\/vc_column_text][\/vc_column][\/vc_row][vc_row][vc_column][vc_column_text]<div id=\"metaslider-id-4099\" style=\"width: 100%;\" class=\"ml-slider-3-98-0 metaslider metaslider-nivo metaslider-4099 ml-slider ms-theme-default\" role=\"region\" aria-roledescription=\"Slideshow\" aria-label=\"Mars Express\" data-width=\"1000\">\n    <div id=\"metaslider_container_4099\">\n        <div class='slider-wrapper theme-default'><div class='ribbon'><\/div><div id='metaslider_4099' class='nivoSlider'><img loading=\"lazy\" decoding=\"async\" src=\"https:\/\/jsbc.fr\/wp-content\/uploads\/2023\/11\/ME_COMPO_v13.00_02_52_08.Still146-1000x540.png\" height=\"540\" width=\"1000\" title=\"ME_COMPO_v13.00_02_52_08.Still146\" alt=\"\" class=\"slider-4099 slide-4142\" \/><img loading=\"lazy\" decoding=\"async\" src=\"https:\/\/jsbc.fr\/wp-content\/uploads\/2023\/11\/ME_COMPO_v13.00_45_37_07.Still212-1000x540.png\" height=\"540\" width=\"1000\" title=\"ME_COMPO_v13.00_45_37_07.Still212\" alt=\"\" class=\"slider-4099 slide-4143\" \/><img loading=\"lazy\" decoding=\"async\" src=\"https:\/\/jsbc.fr\/wp-content\/uploads\/2023\/11\/ME_COMPO_v13.00_37_32_07.Still199-1000x540.png\" height=\"540\" width=\"1000\" title=\"ME_COMPO_v13.00_37_32_07.Still199\" alt=\"\" class=\"slider-4099 slide-4144\" \/><img loading=\"lazy\" decoding=\"async\" src=\"https:\/\/jsbc.fr\/wp-content\/uploads\/2023\/11\/ME_COMPO_v13.00_30_17_22.Still175-1000x540.png\" height=\"540\" width=\"1000\" title=\"ME_COMPO_v13.00_30_17_22.Still175\" alt=\"\" class=\"slider-4099 slide-4145\" \/><img loading=\"lazy\" decoding=\"async\" src=\"https:\/\/jsbc.fr\/wp-content\/uploads\/2023\/11\/ME_COMPO_v13.00_11_04_00.Still156-1000x540.png\" height=\"540\" width=\"1000\" title=\"ME_COMPO_v13.00_11_04_00.Still156\" alt=\"\" class=\"slider-4099 slide-4146\" \/><img loading=\"lazy\" decoding=\"async\" src=\"https:\/\/jsbc.fr\/wp-content\/uploads\/2023\/11\/ME_COMPO_v13.00_04_46_02.Still150-1000x540.png\" height=\"540\" width=\"1000\" title=\"ME_COMPO_v13.00_04_46_02.Still150\" alt=\"\" class=\"slider-4099 slide-4147\" \/><\/div><\/div>\n        \n    <\/div>\n<\/div>[\/vc_column_text][\/vc_column][\/vc_row][vc_row][vc_column][vc_single_image image=&#8221;294&#8243; alignment=&#8221;center&#8221;][\/vc_column][\/vc_row]<\/p>\n","protected":false},"excerpt":{"rendered":"<p>MARSEXPRESS 2023. 85 min. Sci-Fi. Teens\u2013Adults. 2D\u20133D. French release: November 22, 2023. Director :&nbsp;J\u00e9r\u00e9mie P\u00e9rin.Writers :&nbsp;Laurent Sarfati&nbsp;et&nbsp;J\u00e9r\u00e9mie P\u00e9rin.With :&nbsp;L\u00e9a Drucker, Mathieu Amalric, Marthe &hellip;<\/p>\n","protected":false},"author":6,"featured_media":0,"parent":690,"menu_order":187,"comment_status":"open","ping_status":"closed","template":"","meta":{"om_disable_all_campaigns":false,"_monsterinsights_skip_tracking":false,"_monsterinsights_sitenote_active":false,"_monsterinsights_sitenote_note":"","_monsterinsights_sitenote_category":0,"footnotes":""},"class_list":["post-4183","page","type-page","status-publish","hentry"],"aioseo_notices":[],"_links":{"self":[{"href":"https:\/\/jsbc.fr\/en\/wp-json\/wp\/v2\/pages\/4183\/"}],"collection":[{"href":"https:\/\/jsbc.fr\/en\/wp-json\/wp\/v2\/pages\/"}],"about":[{"href":"https:\/\/jsbc.fr\/en\/wp-json\/wp\/v2\/types\/page\/"}],"author":[{"embeddable":true,"href":"https:\/\/jsbc.fr\/en\/wp-json\/wp\/v2\/users\/6\/"}],"replies":[{"embeddable":true,"href":"https:\/\/jsbc.fr\/en\/wp-json\/wp\/v2\/comments\/?post=4183"}],"version-history":[{"count":4,"href":"https:\/\/jsbc.fr\/en\/wp-json\/wp\/v2\/pages\/4183\/revisions\/"}],"predecessor-version":[{"id":7459,"href":"https:\/\/jsbc.fr\/en\/wp-json\/wp\/v2\/pages\/4183\/revisions\/7459\/"}],"up":[{"embeddable":true,"href":"https:\/\/jsbc.fr\/en\/wp-json\/wp\/v2\/pages\/690\/"}],"wp:attachment":[{"href":"https:\/\/jsbc.fr\/en\/wp-json\/wp\/v2\/media\/?parent=4183"}],"curies":[{"name":"wp","href":"https:\/\/api.w.org\/{rel}","templated":true}]}}