{"id":6790,"date":"2025-09-26T09:50:54","date_gmt":"2025-09-26T09:50:54","guid":{"rendered":"https:\/\/jsbc.fr\/developpements-en\/prudence\/"},"modified":"2025-09-26T09:56:49","modified_gmt":"2025-09-26T09:56:49","slug":"prudence","status":"publish","type":"page","link":"https:\/\/jsbc.fr\/en\/devs\/prudence\/","title":{"rendered":"Prudence"},"content":{"rendered":"<p>[vc_row][vc_column][vc_column_text]<\/p>\n<h5><span style=\"color: #c00418;\">PRUDENCE<\/span><\/h5>\n<p><strong>2025. Movie. Approx. 80 min. Horror. Teens\u2013Adults. 2D.<\/strong><\/p>\n<p>Screenplay: <strong>Laurent Sarfati, J\u00e9r\u00e9mie Hoarau.<\/strong><br \/>\nDirector : <strong>J\u00e9r\u00e9mie Hoarau.<\/strong><\/p>\n<p>Co-production: <strong>JSBC \/ Everybody on Deck \/ Didier Creste.<\/strong><\/p>\n<p>Contact : <a style=\"color: #007bff; font-weight: bold;\" href=\"mailto:marc.jousset@jsbc.fr\">Marc Jousset. <\/a><a style=\"color: #007bff; font-weight: bold;\" href=\"mailto:perrine.capron@jsbc.fr\">Perrine Capron.<\/a><\/p>\n<p><strong><span style=\"color: red;\">Presented at Cartoon Movie 2025.<\/span><\/strong><\/p>\n<p>In the near future. Ina and Claude, a couple of diver-technicians, descend 200 meters underwater to join the crew of a submerged station on a last-chance mission to contain a catastrophic oil spill. While working in isolation, cut off from the world and under extreme conditions, the onboard doctor becomes infected by a parasitic worm\u2014highly contagious\u2014that strips its hosts of all inhibitions, surrendering them to their most extreme urges, while it feeds on their endorphins like an emotional vampire.<\/p>\n<p>First, take the queasy feeling of imagining yourself in the place of one of those ants being eaten alive by a parasitic fungus. The pathogen hijacks your nervous system and turns you into a helpless puppet, willingly running toward suicide. Then add the existential dread of a forty-something who realises he\u2019s done nothing with his life\u2014and will probably do nothing with the rest of it. Mix those two fears and you get <em>Prudence<\/em>, a perfect elixir of terror\u2026<\/p>\n<p>[\/vc_column_text][\/vc_column][\/vc_row][vc_row css=&#8221;.vc_custom_1746800948113{margin-right: 60px !important;margin-left: 60px !important;}&#8221;][vc_column][vc_column_text]<\/p>\n<div style=\"width: 960px;\" class=\"wp-video\"><!--[if lt IE 9]><script>document.createElement('video');<\/script><![endif]-->\n<video class=\"wp-video-shortcode\" id=\"video-6790-1\" width=\"960\" height=\"540\" poster=\"https:\/\/jsbc.fr\/wp-content\/uploads\/2025\/05\/PRUDENCE_CARTOONMOVIE-1.jpg\" preload=\"metadata\" controls=\"controls\"><source type=\"video\/mp4\" src=\"https:\/\/jsbc.fr\/wp-content\/uploads\/2025\/05\/EVERYBODY-ON-DECK_PRUDENCE_TEASER_1080p24-420_20-VF_2501SSO0247.mp4?_=1\" \/><a href=\"https:\/\/jsbc.fr\/wp-content\/uploads\/2025\/05\/EVERYBODY-ON-DECK_PRUDENCE_TEASER_1080p24-420_20-VF_2501SSO0247.mp4\">https:\/\/jsbc.fr\/wp-content\/uploads\/2025\/05\/EVERYBODY-ON-DECK_PRUDENCE_TEASER_1080p24-420_20-VF_2501SSO0247.mp4<\/a><\/video><\/div>\n<p>[\/vc_column_text][\/vc_column][\/vc_row][vc_row css=&#8221;.vc_custom_1746800952496{margin-right: 60px !important;margin-left: 60px !important;}&#8221;][vc_column]<div class=\"avt_masterslider_el \" >\n\t\t<!-- MasterSlider -->\n\t\t<div id=\"P_MS69d2307894c4b\" class=\"master-slider-parent ms-thumbs-template ms-parent-id-64\" style=\"max-width:1064px;\"  >\n\t\t\t\t\n\t\t\t\n\t\t\t<!-- MasterSlider Main -->\n\t\t\t<div id=\"MS69d2307894c4b\" class=\"master-slider ms-skin-default\" >\n\t\t\t\t \t\t\t\t \n\t\t\t\t<div  class=\"ms-slide\" data-delay=\"3\" data-fill-mode=\"fill\"  >\n\t\t\t\t\t<img decoding=\"async\" src=\"https:\/\/jsbc.fr\/wp-content\/plugins\/masterslider\/public\/assets\/js\/blank.gif\" alt=\"\" title=\"\" data-src=\"https:\/\/jsbc.fr\/wp-content\/uploads\/2025\/05\/01-prudence-1064x576.jpg\" \/>\n\n\n\t<img decoding=\"async\" class=\"ms-thumb\" src=\"https:\/\/jsbc.fr\/wp-content\/uploads\/2025\/05\/01-prudence-80x43.jpg\" alt=\"\" \/>\n\t\t\t\t<\/div>\n\t\t\t\t<div  class=\"ms-slide\" data-delay=\"3\" data-fill-mode=\"fill\"  >\n\t\t\t\t\t<img decoding=\"async\" src=\"https:\/\/jsbc.fr\/wp-content\/plugins\/masterslider\/public\/assets\/js\/blank.gif\" alt=\"\" title=\"\" data-src=\"https:\/\/jsbc.fr\/wp-content\/uploads\/2025\/05\/02-prudence-1064x576.jpg\" \/>\n\n\n\t<img decoding=\"async\" class=\"ms-thumb\" src=\"https:\/\/jsbc.fr\/wp-content\/uploads\/2025\/05\/02-prudence-80x43.jpg\" alt=\"\" \/>\n\t\t\t\t<\/div>\n\t\t\t\t<div  class=\"ms-slide\" data-delay=\"3\" data-fill-mode=\"fill\"  >\n\t\t\t\t\t<img decoding=\"async\" src=\"https:\/\/jsbc.fr\/wp-content\/plugins\/masterslider\/public\/assets\/js\/blank.gif\" alt=\"\" title=\"\" data-src=\"https:\/\/jsbc.fr\/wp-content\/uploads\/2025\/05\/03-prudence-1064x576.jpg\" \/>\n\n\n\t<img decoding=\"async\" class=\"ms-thumb\" src=\"https:\/\/jsbc.fr\/wp-content\/uploads\/2025\/05\/03-prudence-80x43.jpg\" alt=\"\" \/>\n\t\t\t\t<\/div>\n\t\t\t\t<div  class=\"ms-slide\" data-delay=\"3\" data-fill-mode=\"fill\"  >\n\t\t\t\t\t<img decoding=\"async\" src=\"https:\/\/jsbc.fr\/wp-content\/plugins\/masterslider\/public\/assets\/js\/blank.gif\" alt=\"\" title=\"\" data-src=\"https:\/\/jsbc.fr\/wp-content\/uploads\/2025\/05\/04-prudence-1064x576.jpg\" \/>\n\n\n\t<img decoding=\"async\" class=\"ms-thumb\" src=\"https:\/\/jsbc.fr\/wp-content\/uploads\/2025\/05\/04-prudence-80x43.jpg\" alt=\"\" \/>\n\t\t\t\t<\/div>\n\t\t\t\t<div  class=\"ms-slide\" data-delay=\"3\" data-fill-mode=\"fill\"  >\n\t\t\t\t\t<img decoding=\"async\" src=\"https:\/\/jsbc.fr\/wp-content\/plugins\/masterslider\/public\/assets\/js\/blank.gif\" alt=\"\" title=\"\" data-src=\"https:\/\/jsbc.fr\/wp-content\/uploads\/2025\/05\/05-prudence-1064x576.jpg\" \/>\n\n\n\t<img decoding=\"async\" class=\"ms-thumb\" src=\"https:\/\/jsbc.fr\/wp-content\/uploads\/2025\/05\/05-prudence-80x43.jpg\" alt=\"\" \/>\n\t\t\t\t<\/div>\n\t\t\t\t<div  class=\"ms-slide\" data-delay=\"3\" data-fill-mode=\"fill\"  >\n\t\t\t\t\t<img decoding=\"async\" src=\"https:\/\/jsbc.fr\/wp-content\/plugins\/masterslider\/public\/assets\/js\/blank.gif\" alt=\"\" title=\"\" data-src=\"https:\/\/jsbc.fr\/wp-content\/uploads\/2025\/05\/06-prudence-1064x576.jpg\" \/>\n\n\n\t<img decoding=\"async\" class=\"ms-thumb\" src=\"https:\/\/jsbc.fr\/wp-content\/uploads\/2025\/05\/06-prudence-80x43.jpg\" alt=\"\" \/>\n\t\t\t\t<\/div>\n\t\t\t\t<div  class=\"ms-slide\" data-delay=\"3\" data-fill-mode=\"fill\"  >\n\t\t\t\t\t<img decoding=\"async\" src=\"https:\/\/jsbc.fr\/wp-content\/plugins\/masterslider\/public\/assets\/js\/blank.gif\" alt=\"\" title=\"\" data-src=\"https:\/\/jsbc.fr\/wp-content\/uploads\/2025\/05\/07-prudence-1064x576.jpg\" \/>\n\n\n\t<img decoding=\"async\" class=\"ms-thumb\" src=\"https:\/\/jsbc.fr\/wp-content\/uploads\/2025\/05\/07-prudence-80x43.jpg\" alt=\"\" \/>\n\t\t\t\t<\/div>\n\t\t\t\t<div  class=\"ms-slide\" data-delay=\"3\" data-fill-mode=\"fill\"  >\n\t\t\t\t\t<img decoding=\"async\" src=\"https:\/\/jsbc.fr\/wp-content\/plugins\/masterslider\/public\/assets\/js\/blank.gif\" alt=\"\" title=\"\" data-src=\"https:\/\/jsbc.fr\/wp-content\/uploads\/2025\/05\/08-prudence-1064x576.jpg\" \/>\n\n\n\t<img decoding=\"async\" class=\"ms-thumb\" src=\"https:\/\/jsbc.fr\/wp-content\/uploads\/2025\/05\/08-prudence-80x43.jpg\" alt=\"\" \/>\n\t\t\t\t<\/div>\n\t\t\t\t<div  class=\"ms-slide\" data-delay=\"3\" data-fill-mode=\"fill\"  >\n\t\t\t\t\t<img decoding=\"async\" src=\"https:\/\/jsbc.fr\/wp-content\/plugins\/masterslider\/public\/assets\/js\/blank.gif\" alt=\"\" title=\"\" data-src=\"https:\/\/jsbc.fr\/wp-content\/uploads\/2025\/05\/10-prudence-1064x576.jpg\" \/>\n\n\n\t<img decoding=\"async\" class=\"ms-thumb\" src=\"https:\/\/jsbc.fr\/wp-content\/uploads\/2025\/05\/10-prudence-80x43.jpg\" alt=\"\" \/>\n\t\t\t\t<\/div>\n\n\t\t\t<\/div>\n\t\t\t<!-- END MasterSlider Main -->\n\n\t\t\t \n\t\t<\/div>\n\t\t<!-- END MasterSlider --> \n\t\t\n\t\t<script>\n\t\t(function ( $ ) {\n\t\t\t\"use strict\";\n\n\t\t\t$(function () {\n\t\t\t\tvar masterslider_4c4b = new MasterSlider();\n\n\t\t\t\t\/\/ slider controls\n                    \n\t\t\t\tmasterslider_4c4b.control('thumblist'  ,{ autohide:false, overVideo:true, dir:'h', speed:17, inset:false, align:'bottom',type:'thumbs', margin:5, width:80, height:43, space:4, fillMode:'fill'  });\n\t\t\t\tmasterslider_4c4b.control('scrollbar'  ,{ autohide:false, overVideo:true, dir:'h', inset:true, align:'top', color:'#3D3D3D' , margin:10  , width:4 });\n\t\t\t\t\/\/ slider setup\n\t\t\t\tmasterslider_4c4b.setup(\"MS69d2307894c4b\", {\n\t\t\t\t\t\twidth           : 1064,\n\t\t\t\t\t\theight          : 576,\n\t\t\t\t\t\tspace           : 0,\n\t\t\t\t\t\tstart           : 1,\n\t\t\t\t\t\tgrabCursor      : true,\n\t\t\t\t\t\tswipe           : true,\n\t\t\t\t\t\tmouse           : true,\n\t\t\t\t\t\tlayout          : \"boxed\", \n\t\t\t\t\t\twheel           : true,\n\t\t\t\t\t\tautoplay        : false,\n\t\t\t\t\t\tinstantStartLayers:false,\n\t\t\t\t\t\tloop            : true,\n\t\t\t\t\t\tshuffle         : false,\n\t\t\t\t\t\tpreload         : 0,\n\t\t\t\t\t\theightLimit     : true,\n\t\t\t\t\t\tautoHeight      : false,\n\t\t\t\t\t\tsmoothHeight    : true,\n\t\t\t\t\t\tendPause        : false,\n\t\t\t\t\t\toverPause       : true,\n\t\t\t\t\t\tfillMode        : \"fill\", \n\t\t\t\t\t\tcenterControls  : true,\n\t\t\t\t\t\tlayersMode      : \"center\", \n\t\t\t\t\t\thideLayers      : false, \n\t\t\t\t\t\tfullscreenMargin: 0,\n\t\t\t\t\t\tspeed           : 20, \n\t\t\t\t\t\tdir             : \"h\", \n\t\t\t\t\t\tparallaxMode    : 'swipe',\n\t\t\t\t\t\tview            : \"basic\"\n\t\t\t\t});\n\t\t\t\t\n\n\t\t\t\t\n\t\t\t\twindow.masterslider_instances = window.masterslider_instances || {};\n\t\t\t\twindow.masterslider_instances[\"64_4c4b\"] = masterslider_4c4b;\n\t\t\t });\n\t\t\t\n\t\t})(jQuery);\n\t\t<\/script> \n\t\t\n<\/div>[\/vc_column][\/vc_row]<\/p>\n","protected":false},"excerpt":{"rendered":"<p>[vc_row][vc_column][vc_column_text] PRUDENCE 2025. Movie. Approx. 80 min. Horror. Teens\u2013Adults. 2D. Screenplay: Laurent Sarfati, J\u00e9r\u00e9mie Hoarau. Director : J\u00e9r\u00e9mie Hoarau. Co-production: JSBC \/ Everybody &hellip;<\/p>\n","protected":false},"author":6,"featured_media":0,"parent":5885,"menu_order":62,"comment_status":"closed","ping_status":"closed","template":"","meta":{"om_disable_all_campaigns":false,"_monsterinsights_skip_tracking":false,"_monsterinsights_sitenote_active":false,"_monsterinsights_sitenote_note":"","_monsterinsights_sitenote_category":0,"footnotes":""},"class_list":["post-6790","page","type-page","status-publish","hentry"],"aioseo_notices":[],"_links":{"self":[{"href":"https:\/\/jsbc.fr\/en\/wp-json\/wp\/v2\/pages\/6790\/"}],"collection":[{"href":"https:\/\/jsbc.fr\/en\/wp-json\/wp\/v2\/pages\/"}],"about":[{"href":"https:\/\/jsbc.fr\/en\/wp-json\/wp\/v2\/types\/page\/"}],"author":[{"embeddable":true,"href":"https:\/\/jsbc.fr\/en\/wp-json\/wp\/v2\/users\/6\/"}],"replies":[{"embeddable":true,"href":"https:\/\/jsbc.fr\/en\/wp-json\/wp\/v2\/comments\/?post=6790"}],"version-history":[{"count":6,"href":"https:\/\/jsbc.fr\/en\/wp-json\/wp\/v2\/pages\/6790\/revisions\/"}],"predecessor-version":[{"id":6798,"href":"https:\/\/jsbc.fr\/en\/wp-json\/wp\/v2\/pages\/6790\/revisions\/6798\/"}],"up":[{"embeddable":true,"href":"https:\/\/jsbc.fr\/en\/wp-json\/wp\/v2\/pages\/5885\/"}],"wp:attachment":[{"href":"https:\/\/jsbc.fr\/en\/wp-json\/wp\/v2\/media\/?parent=6790"}],"curies":[{"name":"wp","href":"https:\/\/api.w.org\/{rel}","templated":true}]}}