{"id":6852,"date":"2025-09-26T12:20:11","date_gmt":"2025-09-26T12:20:11","guid":{"rendered":"https:\/\/jsbc.fr\/movies\/the-darwinnners\/"},"modified":"2025-09-26T12:24:04","modified_gmt":"2025-09-26T12:24:04","slug":"the-darwinnners","status":"publish","type":"page","link":"https:\/\/jsbc.fr\/en\/movies\/the-darwinnners\/","title":{"rendered":"The Darwinnners"},"content":{"rendered":"\n<h5 class=\"wp-block-heading\"><span style=\"color: #c00418;\"><span style=\"color: #000000;\">THE<\/span>DARWINNERS<\/span><\/h5>\n\n\n\n<p><strong>2024. 77 min. Comedy. Teens\u2013Adults. 2D. French release: September 11, 2024.<\/strong><\/p>\n\n\n\n<p>Directors : <strong>Jul, Jean-Paul Guigue.<\/strong><br>Screenplay : <strong>Jul.<\/strong><br>Featuring : <strong>Sophia Aram, Fr\u00e9d\u00e9ric Beigbeder, St\u00e9phane Bern, L\u00e9a Drucker, Guillaume Gallienne, Julie Gayet, Magne H\u00e5vard Brekke, Fran\u00e7ois Hollande, Agn\u00e8s Hurstel, St\u00e9phan Kalb, Ophelia Kolb, No\u00e9mie de Lattre, Jos\u00e9phine de Meaux, Denis M\u00e9nochet, Nina Meurisse, F\u00e9lix Moati, Am\u00e9lie Nothomb, Oc\u00e9an, Fr\u00e9d\u00e9ric Pierrot, Rapha\u00ebl Quenard, L\u00e9a Salam\u00e9, Cl\u00e9ment Sibony, Crystal Shepherd-Cross, Bruno Solo, Augustin Trapenard, Paul Larrouturou, Alex Vizorek, Michel Vuillermoz.<\/strong><\/p>\n\n\n\n<p>Production : <strong>Je Suis Bien Content \/ Steel Fish Pictures.<\/strong><br>Co-production : <strong>Arte \/ Voo and BE TV.<\/strong><br>With the support of : <strong>CNC \/ Procirep \/ Angoa.<\/strong><br>Contact : <a style=\"color: #007bff; font-weight: bold;\" href=\"mailto:franck@jsbc.fr\">Franck Ekinci<\/a><a style=\"color: #007bff; font-weight: bold;\" href=\"mailto:perrine.capron@jsbc.fr\">, Perrine Capron.<\/a><\/p>\n\n\n\n<p><strong><span style=\"color: red;\">Official Selection &#8211; Cannes Film Festival 2024.<br>Official Selection &#8211; Annecy International Animation Festival 2024 \/ Special Screenings.<\/span><\/strong><\/p>\n\n\n<p>In a prehistory doomed never to evolve, a father and his rebellious daughter disrupt the routine of the Stone Age. After a round trip to the future, they accidentally bring back the prehistoric equivalent of an Ikea Allen key. This finally triggers evolution, for better and, above all, for worse.<\/p>\n\n<p>[vc_row content_placement=&#8221;middle&#8221; css=&#8221;.vc_custom_1746799641168{margin-right: 60px !important;margin-left: 60px !important;}&#8221;][vc_column][vc_column_text]<\/p>\n\n\n\n<figure class=\"wp-block-video\"><video controls poster=\"https:\/\/jsbc.fr\/wp-content\/uploads\/2015\/05\/silex-and-the-city-16.jpg\" src=\"https:\/\/jsbc.fr\/wp-content\/uploads\/2025\/09\/Silex.m4v\"><\/video><\/figure>\n\n\n\n\t\t<!-- MasterSlider -->\n\t\t<div id=\"P_MS69d22b2b48b7e\" class=\"master-slider-parent ms-thumbs-template ms-parent-id-72\" style=\"max-width:1064px;\"  >\n\t\t\t\t\n\t\t\t\n\t\t\t<!-- MasterSlider Main -->\n\t\t\t<div id=\"MS69d22b2b48b7e\" class=\"master-slider ms-skin-default\" >\n\t\t\t\t \t\t\t\t \n\t\t\t\t<div  class=\"ms-slide\" data-delay=\"3\" data-fill-mode=\"fill\"  >\n\t\t\t\t\t<img decoding=\"async\" src=\"https:\/\/jsbc.fr\/wp-content\/plugins\/masterslider\/public\/assets\/js\/blank.gif\" alt=\"\" title=\"\" data-src=\"https:\/\/jsbc.fr\/wp-content\/uploads\/2025\/06\/04-Silex-Site-JSBC-image-page-Silex-768x384-1.jpg\" \/>\n\n\n\t<img decoding=\"async\" class=\"ms-thumb\" src=\"https:\/\/jsbc.fr\/wp-content\/uploads\/2025\/06\/04-Silex-Site-JSBC-image-page-Silex-768x384-1-80x43.jpg\" alt=\"\" \/>\n\t\t\t\t<\/div>\n\t\t\t\t<div  class=\"ms-slide\" data-delay=\"3\" data-fill-mode=\"fill\"  >\n\t\t\t\t\t<img decoding=\"async\" src=\"https:\/\/jsbc.fr\/wp-content\/plugins\/masterslider\/public\/assets\/js\/blank.gif\" alt=\"\" title=\"\" data-src=\"https:\/\/jsbc.fr\/wp-content\/uploads\/2025\/06\/05-Silex-Site-JSBC-image-page-Silex-768x384-1.jpg\" \/>\n\n\n\t<img decoding=\"async\" class=\"ms-thumb\" src=\"https:\/\/jsbc.fr\/wp-content\/uploads\/2025\/06\/05-Silex-Site-JSBC-image-page-Silex-768x384-1-80x43.jpg\" alt=\"\" \/>\n\t\t\t\t<\/div>\n\t\t\t\t<div  class=\"ms-slide\" data-delay=\"3\" data-fill-mode=\"fill\"  >\n\t\t\t\t\t<img decoding=\"async\" src=\"https:\/\/jsbc.fr\/wp-content\/plugins\/masterslider\/public\/assets\/js\/blank.gif\" alt=\"\" title=\"\" data-src=\"https:\/\/jsbc.fr\/wp-content\/uploads\/2025\/06\/06-Silex-Site-JSBC-image-page-Silex-768x384-1.jpg\" \/>\n\n\n\t<img decoding=\"async\" class=\"ms-thumb\" src=\"https:\/\/jsbc.fr\/wp-content\/uploads\/2025\/06\/06-Silex-Site-JSBC-image-page-Silex-768x384-1-80x43.jpg\" alt=\"\" \/>\n\t\t\t\t<\/div>\n\t\t\t\t<div  class=\"ms-slide\" data-delay=\"3\" data-fill-mode=\"fill\"  >\n\t\t\t\t\t<img decoding=\"async\" src=\"https:\/\/jsbc.fr\/wp-content\/plugins\/masterslider\/public\/assets\/js\/blank.gif\" alt=\"\" title=\"\" data-src=\"https:\/\/jsbc.fr\/wp-content\/uploads\/2025\/06\/07-Silex-Site-JSBC-image-page-Silex-768x384-1.jpg\" \/>\n\n\n\t<img decoding=\"async\" class=\"ms-thumb\" src=\"https:\/\/jsbc.fr\/wp-content\/uploads\/2025\/06\/07-Silex-Site-JSBC-image-page-Silex-768x384-1-80x43.jpg\" alt=\"\" \/>\n\t\t\t\t<\/div>\n\t\t\t\t<div  class=\"ms-slide\" data-delay=\"3\" data-fill-mode=\"fill\"  >\n\t\t\t\t\t<img decoding=\"async\" src=\"https:\/\/jsbc.fr\/wp-content\/plugins\/masterslider\/public\/assets\/js\/blank.gif\" alt=\"\" title=\"\" data-src=\"https:\/\/jsbc.fr\/wp-content\/uploads\/2025\/06\/08-Silex-Site-JSBC-image-page-Silex-768x384-1.jpg\" \/>\n\n\n\t<img decoding=\"async\" class=\"ms-thumb\" src=\"https:\/\/jsbc.fr\/wp-content\/uploads\/2025\/06\/08-Silex-Site-JSBC-image-page-Silex-768x384-1-80x43.jpg\" alt=\"\" \/>\n\t\t\t\t<\/div>\n\t\t\t\t<div  class=\"ms-slide\" data-delay=\"3\" data-fill-mode=\"fill\"  >\n\t\t\t\t\t<img decoding=\"async\" src=\"https:\/\/jsbc.fr\/wp-content\/plugins\/masterslider\/public\/assets\/js\/blank.gif\" alt=\"\" title=\"\" data-src=\"https:\/\/jsbc.fr\/wp-content\/uploads\/2025\/06\/09-Silex-Site-JSBC-image-page-Silex-768x384-1.jpg\" \/>\n\n\n\t<img decoding=\"async\" class=\"ms-thumb\" src=\"https:\/\/jsbc.fr\/wp-content\/uploads\/2025\/06\/09-Silex-Site-JSBC-image-page-Silex-768x384-1-80x43.jpg\" alt=\"\" \/>\n\t\t\t\t<\/div>\n\n\t\t\t<\/div>\n\t\t\t<!-- END MasterSlider Main -->\n\n\t\t\t \n\t\t<\/div>\n\t\t<!-- END MasterSlider --> \n\t\t\n\t\t<script>\n\t\t(function ( $ ) {\n\t\t\t\"use strict\";\n\n\t\t\t$(function () {\n\t\t\t\tvar masterslider_8b7e = new MasterSlider();\n\n\t\t\t\t\/\/ slider controls\n                    \n\t\t\t\tmasterslider_8b7e.control('thumblist'  ,{ autohide:false, overVideo:true, dir:'h', speed:17, inset:false, align:'bottom',type:'thumbs', margin:5, width:80, height:43, space:4, fillMode:'fill'  });\n\t\t\t\tmasterslider_8b7e.control('scrollbar'  ,{ autohide:false, overVideo:true, dir:'h', inset:true, align:'top', color:'#3D3D3D' , margin:10  , width:4 });\n\t\t\t\t\/\/ slider setup\n\t\t\t\tmasterslider_8b7e.setup(\"MS69d22b2b48b7e\", {\n\t\t\t\t\t\twidth           : 1064,\n\t\t\t\t\t\theight          : 576,\n\t\t\t\t\t\tspace           : 0,\n\t\t\t\t\t\tstart           : 1,\n\t\t\t\t\t\tgrabCursor      : true,\n\t\t\t\t\t\tswipe           : true,\n\t\t\t\t\t\tmouse           : true,\n\t\t\t\t\t\tlayout          : \"boxed\", \n\t\t\t\t\t\twheel           : true,\n\t\t\t\t\t\tautoplay        : false,\n\t\t\t\t\t\tinstantStartLayers:false,\n\t\t\t\t\t\tloop            : true,\n\t\t\t\t\t\tshuffle         : false,\n\t\t\t\t\t\tpreload         : 0,\n\t\t\t\t\t\theightLimit     : true,\n\t\t\t\t\t\tautoHeight      : false,\n\t\t\t\t\t\tsmoothHeight    : true,\n\t\t\t\t\t\tendPause        : false,\n\t\t\t\t\t\toverPause       : true,\n\t\t\t\t\t\tfillMode        : \"fill\", \n\t\t\t\t\t\tcenterControls  : true,\n\t\t\t\t\t\tlayersMode      : \"center\", \n\t\t\t\t\t\thideLayers      : false, \n\t\t\t\t\t\tfullscreenMargin: 0,\n\t\t\t\t\t\tspeed           : 20, \n\t\t\t\t\t\tdir             : \"h\", \n\t\t\t\t\t\tparallaxMode    : 'swipe',\n\t\t\t\t\t\tview            : \"basic\"\n\t\t\t\t});\n\t\t\t\t\n\n\t\t\t\t\n\t\t\t\twindow.masterslider_instances = window.masterslider_instances || {};\n\t\t\t\twindow.masterslider_instances[\"72_8b7e\"] = masterslider_8b7e;\n\t\t\t });\n\t\t\t\n\t\t})(jQuery);\n\t\t<\/script> \n\t\t\n\n\n\n\n<div style=\"height:24px\" aria-hidden=\"true\" class=\"wp-block-spacer\"><\/div>\n\n\n<p>[vc_row][vc_column][vc_single_image image=&#8221;294&#8243; alignment=&#8221;center&#8221;][\/vc_column][\/vc_row]<\/p>\n\n\n\n<p><\/p>\n","protected":false},"excerpt":{"rendered":"<p>THEDARWINNERS 2024. 77 min. Comedy. Teens\u2013Adults. 2D. French release: September 11, 2024. Directors : Jul, Jean-Paul Guigue.Screenplay : Jul.Featuring : Sophia Aram, Fr\u00e9d\u00e9ric &hellip;<\/p>\n","protected":false},"author":6,"featured_media":0,"parent":690,"menu_order":186,"comment_status":"closed","ping_status":"closed","template":"","meta":{"om_disable_all_campaigns":false,"_monsterinsights_skip_tracking":false,"_monsterinsights_sitenote_active":false,"_monsterinsights_sitenote_note":"","_monsterinsights_sitenote_category":0,"footnotes":""},"class_list":["post-6852","page","type-page","status-publish","hentry"],"aioseo_notices":[],"_links":{"self":[{"href":"https:\/\/jsbc.fr\/en\/wp-json\/wp\/v2\/pages\/6852\/"}],"collection":[{"href":"https:\/\/jsbc.fr\/en\/wp-json\/wp\/v2\/pages\/"}],"about":[{"href":"https:\/\/jsbc.fr\/en\/wp-json\/wp\/v2\/types\/page\/"}],"author":[{"embeddable":true,"href":"https:\/\/jsbc.fr\/en\/wp-json\/wp\/v2\/users\/6\/"}],"replies":[{"embeddable":true,"href":"https:\/\/jsbc.fr\/en\/wp-json\/wp\/v2\/comments\/?post=6852"}],"version-history":[{"count":8,"href":"https:\/\/jsbc.fr\/en\/wp-json\/wp\/v2\/pages\/6852\/revisions\/"}],"predecessor-version":[{"id":6863,"href":"https:\/\/jsbc.fr\/en\/wp-json\/wp\/v2\/pages\/6852\/revisions\/6863\/"}],"up":[{"embeddable":true,"href":"https:\/\/jsbc.fr\/en\/wp-json\/wp\/v2\/pages\/690\/"}],"wp:attachment":[{"href":"https:\/\/jsbc.fr\/en\/wp-json\/wp\/v2\/media\/?parent=6852"}],"curies":[{"name":"wp","href":"https:\/\/api.w.org\/{rel}","templated":true}]}}