{"id":694,"date":"2015-01-23T10:42:58","date_gmt":"2015-01-23T10:42:58","guid":{"rendered":"http:\/\/www.jsbc.fr\/accueil-2\/"},"modified":"2025-09-18T12:20:31","modified_gmt":"2025-09-18T12:20:31","slug":"home","status":"publish","type":"page","link":"https:\/\/jsbc.fr\/en\/","title":{"rendered":"Home"},"content":{"rendered":"\n<p><strong>Site en cours de mise \u00e0 jour : d\u00e9sol\u00e9 pour les d\u00e9sagr\u00e9ments.<\/strong><\/p>\n\n\n\n<p><strong>Website currently being updated: sorry for the inconvenience.<\/strong><\/p>\n","protected":false},"excerpt":{"rendered":"<p>Site en cours de mise \u00e0 jour : d\u00e9sol\u00e9 pour les d\u00e9sagr\u00e9ments. Website currently being updated: sorry for the inconvenience.<\/p>\n","protected":false},"author":5,"featured_media":0,"parent":0,"menu_order":165,"comment_status":"closed","ping_status":"closed","template":"page-templates\/home.php","meta":{"om_disable_all_campaigns":false,"_monsterinsights_skip_tracking":false,"_monsterinsights_sitenote_active":false,"_monsterinsights_sitenote_note":"","_monsterinsights_sitenote_category":0,"footnotes":""},"class_list":["post-694","page","type-page","status-publish","hentry"],"aioseo_notices":[],"_links":{"self":[{"href":"https:\/\/jsbc.fr\/en\/wp-json\/wp\/v2\/pages\/694\/"}],"collection":[{"href":"https:\/\/jsbc.fr\/en\/wp-json\/wp\/v2\/pages\/"}],"about":[{"href":"https:\/\/jsbc.fr\/en\/wp-json\/wp\/v2\/types\/page\/"}],"author":[{"embeddable":true,"href":"https:\/\/jsbc.fr\/en\/wp-json\/wp\/v2\/users\/5\/"}],"replies":[{"embeddable":true,"href":"https:\/\/jsbc.fr\/en\/wp-json\/wp\/v2\/comments\/?post=694"}],"version-history":[{"count":3,"href":"https:\/\/jsbc.fr\/en\/wp-json\/wp\/v2\/pages\/694\/revisions\/"}],"predecessor-version":[{"id":5877,"href":"https:\/\/jsbc.fr\/en\/wp-json\/wp\/v2\/pages\/694\/revisions\/5877\/"}],"wp:attachment":[{"href":"https:\/\/jsbc.fr\/en\/wp-json\/wp\/v2\/media\/?parent=694"}],"curies":[{"name":"wp","href":"https:\/\/api.w.org\/{rel}","templated":true}]}}