{"id":7810,"date":"2025-11-13T14:22:13","date_gmt":"2025-11-13T14:22:13","guid":{"rendered":"https:\/\/jsbc.fr\/movies\/mars-express-en\/"},"modified":"2025-11-13T14:29:05","modified_gmt":"2025-11-13T14:29:05","slug":"mars-express-en","status":"publish","type":"page","link":"https:\/\/jsbc.fr\/en\/movies\/mars-express-en\/","title":{"rendered":"Mars Express &#8211; EN"},"content":{"rendered":"\n<h5 class=\"wp-block-heading\"><span style=\"color: #c00418;\">MARS<span style=\"color: #000000;\">EXPRESS<\/span><\/span><\/h5>\n\n\n\n<p><strong>2023. 85mn. SF. <strong>Teens\u2013Adults. 2D\u20133D. French release: November 22, 2023.<\/strong><\/strong><\/p>\n\n\n\n<p class=\"has-text-align-left\">Director :<strong>\u00a0J\u00e9r\u00e9mie P\u00e9rin.<\/strong><br>Writers :<strong>\u00a0Laurent Sarfati\u00a0et\u00a0J\u00e9r\u00e9mie P\u00e9rin.<\/strong><br>With :<strong>\u00a0L\u00e9a Drucker, Mathieu Amalric, Marthe Keller, Daniel Njo Lob\u00e9.<\/strong><br>Production :<strong>\u00a0Everybody on Deck \/ Didier Creste.<\/strong><br>Coproducers \/ Executive producers :\u00a0<strong>Je Suis Bien Content. <a style=\"color: #007bff; font-weight: bold;\" href=\"mailto:marc.jousset@jsbc.fr\">Marc Jousset.<\/a><\/strong><\/p>\n\n\n\n<p class=\"has-vivid-red-color has-text-color has-link-color wp-elements-3afdd2ea048e70784b917fa0bc827773\"><strong><span style=\"color: red;\"><strong>Official Selection \u2013 Cannes Film Festival 2023.<\/strong><br><strong>Official Selection \u2013 Annecy International Animation Festival 2023.<\/strong><br><strong>C\u00e9sar Awards 2023 Nominee : Best Animated Feature.<\/strong> <\/span><\/strong><\/p>\n\n\n\n<p>In the year 2200, Aline Ruby, a determined private detective, and Carlos Rivera, her android partner, are hired by a wealthy businessman to capture a famous hacker on Earth. Back on Mars, a new case will lead them to venture into the depths of Noctis, the Martian capital, in search of Jun Chow, a missing cybernetics student. Noctis is their city, a libertarian utopia made possible by advances in robotics, a symbol of a future turned towards the stars.<\/p>\n\n\n\n<p class=\"has-text-align-left\">Throughout their investigation, they will confront the darkest secrets of their city: its corrupt institutions, its trafficking, its brain farms, and the scheming of the all-powerful corporations. But cyber-augmented killers have also targeted Jun Chow. Aline and Carlos board on a desperate race to save this young woman who, unknowingly, holds a secret capable of threatening the delicate balance on which their civilization rests.<\/p>\n\n\n\n<p class=\"has-text-align-left\"><\/p>\n\n\n<p>[vc_row content_placement=&#8221;middle&#8221; css=&#8221;.vc_custom_1746799641168{margin-right: 60px !important;margin-left: 60px !important;}&#8221;][vc_column][vc_column_text]<\/p>\n\n\n\n<figure class=\"wp-block-video\"><video controls poster=\"https:\/\/jsbc.fr\/wp-content\/uploads\/2023\/11\/vlcsnap-2023-11-23-15h25m15s316.png\" src=\"https:\/\/jsbc.fr\/wp-content\/uploads\/2023\/11\/MARS_EXPRESS_FA_H264_STEREO_vDEF.mp4\"><\/video><\/figure>\n\n\n\n\t\t<!-- MasterSlider -->\n\t\t<div id=\"P_MS69d2270c90f05\" class=\"master-slider-parent ms-thumbs-template ms-parent-id-73\" style=\"max-width:1064px;\"  >\n\t\t\t\t\n\t\t\t\n\t\t\t<!-- MasterSlider Main -->\n\t\t\t<div id=\"MS69d2270c90f05\" class=\"master-slider ms-skin-default\" >\n\t\t\t\t \t\t\t\t \n\t\t\t\t<div  class=\"ms-slide\" data-delay=\"3\" data-fill-mode=\"fill\"  >\n\t\t\t\t\t<img decoding=\"async\" src=\"https:\/\/jsbc.fr\/wp-content\/plugins\/masterslider\/public\/assets\/js\/blank.gif\" alt=\"\" title=\"\" data-src=\"https:\/\/jsbc.fr\/wp-content\/uploads\/2025\/06\/ME_COMPO_v13.00_02_52_08.Still146-768x381-1.png\" \/>\n\n\n\t<img decoding=\"async\" class=\"ms-thumb\" src=\"https:\/\/jsbc.fr\/wp-content\/uploads\/2025\/06\/ME_COMPO_v13.00_02_52_08.Still146-768x381-1-80x43.png\" alt=\"\" \/>\n\t\t\t\t<\/div>\n\t\t\t\t<div  class=\"ms-slide\" data-delay=\"3\" data-fill-mode=\"fill\"  >\n\t\t\t\t\t<img decoding=\"async\" src=\"https:\/\/jsbc.fr\/wp-content\/plugins\/masterslider\/public\/assets\/js\/blank.gif\" alt=\"\" title=\"\" data-src=\"https:\/\/jsbc.fr\/wp-content\/uploads\/2025\/06\/ME_COMPO_v13.00_04_46_02.Still150-768x384-1.png\" \/>\n\n\n\t<img decoding=\"async\" class=\"ms-thumb\" src=\"https:\/\/jsbc.fr\/wp-content\/uploads\/2025\/06\/ME_COMPO_v13.00_04_46_02.Still150-768x384-1-80x43.png\" alt=\"\" \/>\n\t\t\t\t<\/div>\n\t\t\t\t<div  class=\"ms-slide\" data-delay=\"3\" data-fill-mode=\"fill\"  >\n\t\t\t\t\t<img decoding=\"async\" src=\"https:\/\/jsbc.fr\/wp-content\/plugins\/masterslider\/public\/assets\/js\/blank.gif\" alt=\"\" title=\"\" data-src=\"https:\/\/jsbc.fr\/wp-content\/uploads\/2025\/06\/ME_COMPO_v13.00_11_04_00.Still156-768x385-1.png\" \/>\n\n\n\t<img decoding=\"async\" class=\"ms-thumb\" src=\"https:\/\/jsbc.fr\/wp-content\/uploads\/2025\/06\/ME_COMPO_v13.00_11_04_00.Still156-768x385-1-80x43.png\" alt=\"\" \/>\n\t\t\t\t<\/div>\n\t\t\t\t<div  class=\"ms-slide\" data-delay=\"3\" data-fill-mode=\"fill\"  >\n\t\t\t\t\t<img decoding=\"async\" src=\"https:\/\/jsbc.fr\/wp-content\/plugins\/masterslider\/public\/assets\/js\/blank.gif\" alt=\"\" title=\"\" data-src=\"https:\/\/jsbc.fr\/wp-content\/uploads\/2025\/06\/ME_COMPO_v13.00_30_17_22.Still175-768x381-1.png\" \/>\n\n\n\t<img decoding=\"async\" class=\"ms-thumb\" src=\"https:\/\/jsbc.fr\/wp-content\/uploads\/2025\/06\/ME_COMPO_v13.00_30_17_22.Still175-768x381-1-80x43.png\" alt=\"\" \/>\n\t\t\t\t<\/div>\n\t\t\t\t<div  class=\"ms-slide\" data-delay=\"3\" data-fill-mode=\"fill\"  >\n\t\t\t\t\t<img decoding=\"async\" src=\"https:\/\/jsbc.fr\/wp-content\/plugins\/masterslider\/public\/assets\/js\/blank.gif\" alt=\"\" title=\"\" data-src=\"https:\/\/jsbc.fr\/wp-content\/uploads\/2025\/06\/ME_COMPO_v13.00_37_32_07.Still199-768x383-1.png\" \/>\n\n\n\t<img decoding=\"async\" class=\"ms-thumb\" src=\"https:\/\/jsbc.fr\/wp-content\/uploads\/2025\/06\/ME_COMPO_v13.00_37_32_07.Still199-768x383-1-80x43.png\" alt=\"\" \/>\n\t\t\t\t<\/div>\n\t\t\t\t<div  class=\"ms-slide\" data-delay=\"3\" data-fill-mode=\"fill\"  >\n\t\t\t\t\t<img decoding=\"async\" src=\"https:\/\/jsbc.fr\/wp-content\/plugins\/masterslider\/public\/assets\/js\/blank.gif\" alt=\"\" title=\"\" data-src=\"https:\/\/jsbc.fr\/wp-content\/uploads\/2025\/06\/ME_COMPO_v13.00_45_37_07.Still212-768x381-1.png\" \/>\n\n\n\t<img decoding=\"async\" class=\"ms-thumb\" src=\"https:\/\/jsbc.fr\/wp-content\/uploads\/2025\/06\/ME_COMPO_v13.00_45_37_07.Still212-768x381-1-80x43.png\" alt=\"\" \/>\n\t\t\t\t<\/div>\n\n\t\t\t<\/div>\n\t\t\t<!-- END MasterSlider Main -->\n\n\t\t\t \n\t\t<\/div>\n\t\t<!-- END MasterSlider --> \n\t\t\n\t\t<script>\n\t\t(function ( $ ) {\n\t\t\t\"use strict\";\n\n\t\t\t$(function () {\n\t\t\t\tvar masterslider_0f05 = new MasterSlider();\n\n\t\t\t\t\/\/ slider controls\n                    \n\t\t\t\tmasterslider_0f05.control('thumblist'  ,{ autohide:false, overVideo:true, dir:'h', speed:17, inset:false, align:'bottom',type:'thumbs', margin:5, width:80, height:43, space:4, fillMode:'fill'  });\n\t\t\t\tmasterslider_0f05.control('scrollbar'  ,{ autohide:false, overVideo:true, dir:'h', inset:true, align:'top', color:'#3D3D3D' , margin:10  , width:4 });\n\t\t\t\t\/\/ slider setup\n\t\t\t\tmasterslider_0f05.setup(\"MS69d2270c90f05\", {\n\t\t\t\t\t\twidth           : 1064,\n\t\t\t\t\t\theight          : 576,\n\t\t\t\t\t\tspace           : 0,\n\t\t\t\t\t\tstart           : 1,\n\t\t\t\t\t\tgrabCursor      : true,\n\t\t\t\t\t\tswipe           : true,\n\t\t\t\t\t\tmouse           : true,\n\t\t\t\t\t\tlayout          : \"boxed\", \n\t\t\t\t\t\twheel           : true,\n\t\t\t\t\t\tautoplay        : false,\n\t\t\t\t\t\tinstantStartLayers:false,\n\t\t\t\t\t\tloop            : true,\n\t\t\t\t\t\tshuffle         : false,\n\t\t\t\t\t\tpreload         : 0,\n\t\t\t\t\t\theightLimit     : true,\n\t\t\t\t\t\tautoHeight      : false,\n\t\t\t\t\t\tsmoothHeight    : true,\n\t\t\t\t\t\tendPause        : false,\n\t\t\t\t\t\toverPause       : true,\n\t\t\t\t\t\tfillMode        : \"fill\", \n\t\t\t\t\t\tcenterControls  : true,\n\t\t\t\t\t\tlayersMode      : \"center\", \n\t\t\t\t\t\thideLayers      : false, \n\t\t\t\t\t\tfullscreenMargin: 0,\n\t\t\t\t\t\tspeed           : 20, \n\t\t\t\t\t\tdir             : \"h\", \n\t\t\t\t\t\tparallaxMode    : 'swipe',\n\t\t\t\t\t\tview            : \"basic\"\n\t\t\t\t});\n\t\t\t\t\n\n\t\t\t\t\n\t\t\t\twindow.masterslider_instances = window.masterslider_instances || {};\n\t\t\t\twindow.masterslider_instances[\"73_0f05\"] = masterslider_0f05;\n\t\t\t });\n\t\t\t\n\t\t})(jQuery);\n\t\t<\/script> \n\t\t\n\n\n\n\n<div style=\"height:30px\" aria-hidden=\"true\" class=\"wp-block-spacer\"><\/div>\n\n\n<p>[vc_row][vc_column][vc_single_image image=&#8221;294&#8243; alignment=&#8221;center&#8221;][\/vc_column][\/vc_row]<\/p>\n\n\n\n<p><\/p>\n","protected":false},"excerpt":{"rendered":"<p>MARSEXPRESS 2023. 85mn. SF. Teens\u2013Adults. 2D\u20133D. French release: November 22, 2023. Director :\u00a0J\u00e9r\u00e9mie P\u00e9rin.Writers :\u00a0Laurent Sarfati\u00a0et\u00a0J\u00e9r\u00e9mie P\u00e9rin.With :\u00a0L\u00e9a Drucker, Mathieu Amalric, Marthe Keller, &hellip;<\/p>\n","protected":false},"author":6,"featured_media":0,"parent":690,"menu_order":169,"comment_status":"closed","ping_status":"closed","template":"","meta":{"om_disable_all_campaigns":false,"_monsterinsights_skip_tracking":false,"_monsterinsights_sitenote_active":false,"_monsterinsights_sitenote_note":"","_monsterinsights_sitenote_category":0,"footnotes":""},"class_list":["post-7810","page","type-page","status-publish","hentry"],"aioseo_notices":[],"_links":{"self":[{"href":"https:\/\/jsbc.fr\/en\/wp-json\/wp\/v2\/pages\/7810\/"}],"collection":[{"href":"https:\/\/jsbc.fr\/en\/wp-json\/wp\/v2\/pages\/"}],"about":[{"href":"https:\/\/jsbc.fr\/en\/wp-json\/wp\/v2\/types\/page\/"}],"author":[{"embeddable":true,"href":"https:\/\/jsbc.fr\/en\/wp-json\/wp\/v2\/users\/6\/"}],"replies":[{"embeddable":true,"href":"https:\/\/jsbc.fr\/en\/wp-json\/wp\/v2\/comments\/?post=7810"}],"version-history":[{"count":6,"href":"https:\/\/jsbc.fr\/en\/wp-json\/wp\/v2\/pages\/7810\/revisions\/"}],"predecessor-version":[{"id":7817,"href":"https:\/\/jsbc.fr\/en\/wp-json\/wp\/v2\/pages\/7810\/revisions\/7817\/"}],"up":[{"embeddable":true,"href":"https:\/\/jsbc.fr\/en\/wp-json\/wp\/v2\/pages\/690\/"}],"wp:attachment":[{"href":"https:\/\/jsbc.fr\/en\/wp-json\/wp\/v2\/media\/?parent=7810"}],"curies":[{"name":"wp","href":"https:\/\/api.w.org\/{rel}","templated":true}]}}