{"id":924,"date":"2015-01-21T15:38:46","date_gmt":"2015-01-21T15:38:46","guid":{"rendered":"http:\/\/www.jsbc.fr\/shorts\/la-chair-de-ma-chere\/"},"modified":"2025-11-13T15:28:01","modified_gmt":"2025-11-13T15:28:01","slug":"mimma","status":"publish","type":"page","link":"https:\/\/jsbc.fr\/en\/shorts\/mimma\/","title":{"rendered":"Mimma"},"content":{"rendered":"\n<h5 class=\"wp-block-heading\">MIM<span style=\"color: #c00418;\">MA<\/span><\/h5>\n\n\n\n<p><strong><strong>2014. 12 minutes and 40 sensitive seconds.<\/strong><\/strong><\/p>\n\n\n\n<p>Director : <strong>Calvin Antoine Blandin<\/strong>.<br>Broadcast : <strong>ARTE<\/strong>.<br>Support : <strong>CNC<\/strong>, <strong>R\u00e9gion Basse-Normandie<\/strong>.<\/p>\n\n\n\n<p><strong><span style=\"color: red;\">Festivals : 30 selections.<br>Awards : 2 prizes.<\/span><\/strong><\/p>\n\n\n\n<p>After a tragic event, a child takes refuge in his own universe where his mother still lingers. An alternate reality, a singular atmosphere\u2014<em>Mimma<\/em> explores the unspeakable dimensions of childhood resilience\u2026<\/p>\n\n\n\n<div style=\"height:20px\" aria-hidden=\"true\" class=\"wp-block-spacer\"><\/div>\n\n\n<p>[vc_row][vc_column][vc_column_text]<iframe loading=\"lazy\" src=\"https:\/\/player.vimeo.com\/video\/128476857?title=0&amp;byline=0&amp;portrait=0\" width=\"1064\" height=\"599\" frameborder=\"0\" allowfullscreen=\"allowfullscreen\"><\/iframe>[\/vc_column_text][\/vc_column][\/vc_row][vc_row][vc_column]<div class=\"avt_masterslider_el \" >\n\t\t<!-- MasterSlider -->\n\t\t<div id=\"P_MS69f35b62466da\" class=\"master-slider-parent ms-thumbs-template ms-parent-id-16\" style=\"max-width:1064px;\"  >\n\t\t\t\t\n\t\t\t\n\t\t\t<!-- MasterSlider Main -->\n\t\t\t<div id=\"MS69f35b62466da\" class=\"master-slider ms-skin-default\" >\n\t\t\t\t \t\t\t\t \n\t\t\t\t<div  class=\"ms-slide\" data-delay=\"3\" data-fill-mode=\"fill\"  >\n\t\t\t\t\t<img decoding=\"async\" src=\"https:\/\/jsbc.fr\/wp-content\/plugins\/masterslider\/public\/assets\/js\/blank.gif\" alt=\"\" title=\"\" data-src=\"https:\/\/jsbc.fr\/wp-content\/uploads\/2015\/05\/la-chair-de-ma-chere-1.jpg\" \/>\n\n\n\t<img decoding=\"async\" class=\"ms-thumb\" src=\"https:\/\/jsbc.fr\/wp-content\/uploads\/2015\/05\/la-chair-de-ma-chere-1-80x43.jpg\" alt=\"\" \/>\n\t\t\t\t<\/div>\n\t\t\t\t<div  class=\"ms-slide\" data-delay=\"3\" data-fill-mode=\"fill\"  >\n\t\t\t\t\t<img decoding=\"async\" src=\"https:\/\/jsbc.fr\/wp-content\/plugins\/masterslider\/public\/assets\/js\/blank.gif\" alt=\"\" title=\"\" data-src=\"https:\/\/jsbc.fr\/wp-content\/uploads\/2015\/05\/la-chair-de-ma-chere-2.jpg\" \/>\n\n\n\t<img decoding=\"async\" class=\"ms-thumb\" src=\"https:\/\/jsbc.fr\/wp-content\/uploads\/2015\/05\/la-chair-de-ma-chere-2-80x43.jpg\" alt=\"\" \/>\n\t\t\t\t<\/div>\n\t\t\t\t<div  class=\"ms-slide\" data-delay=\"3\" data-fill-mode=\"fill\"  >\n\t\t\t\t\t<img decoding=\"async\" src=\"https:\/\/jsbc.fr\/wp-content\/plugins\/masterslider\/public\/assets\/js\/blank.gif\" alt=\"\" title=\"\" data-src=\"https:\/\/jsbc.fr\/wp-content\/uploads\/2015\/05\/la-chair-de-ma-chere-3.jpg\" \/>\n\n\n\t<img decoding=\"async\" class=\"ms-thumb\" src=\"https:\/\/jsbc.fr\/wp-content\/uploads\/2015\/05\/la-chair-de-ma-chere-3-80x43.jpg\" alt=\"\" \/>\n\t\t\t\t<\/div>\n\t\t\t\t<div  class=\"ms-slide\" data-delay=\"3\" data-fill-mode=\"fill\"  >\n\t\t\t\t\t<img decoding=\"async\" src=\"https:\/\/jsbc.fr\/wp-content\/plugins\/masterslider\/public\/assets\/js\/blank.gif\" alt=\"\" title=\"\" data-src=\"https:\/\/jsbc.fr\/wp-content\/uploads\/2015\/05\/la-chair-de-ma-chere-5.jpg\" \/>\n\n\n\t<img decoding=\"async\" class=\"ms-thumb\" src=\"https:\/\/jsbc.fr\/wp-content\/uploads\/2015\/05\/la-chair-de-ma-chere-5-80x43.jpg\" alt=\"\" \/>\n\t\t\t\t<\/div>\n\t\t\t\t<div  class=\"ms-slide\" data-delay=\"3\" data-fill-mode=\"fill\"  >\n\t\t\t\t\t<img decoding=\"async\" src=\"https:\/\/jsbc.fr\/wp-content\/plugins\/masterslider\/public\/assets\/js\/blank.gif\" alt=\"\" title=\"\" data-src=\"https:\/\/jsbc.fr\/wp-content\/uploads\/2015\/05\/la-chair-de-ma-chere-4.jpg\" \/>\n\n\n\t<img decoding=\"async\" class=\"ms-thumb\" src=\"https:\/\/jsbc.fr\/wp-content\/uploads\/2015\/05\/la-chair-de-ma-chere-4-80x43.jpg\" alt=\"\" \/>\n\t\t\t\t<\/div>\n\t\t\t\t<div  class=\"ms-slide\" data-delay=\"3\" data-fill-mode=\"fill\"  >\n\t\t\t\t\t<img decoding=\"async\" src=\"https:\/\/jsbc.fr\/wp-content\/plugins\/masterslider\/public\/assets\/js\/blank.gif\" alt=\"\" title=\"\" data-src=\"https:\/\/jsbc.fr\/wp-content\/uploads\/2015\/05\/la-chair-de-ma-chere-6.jpg\" \/>\n\n\n\t<img decoding=\"async\" class=\"ms-thumb\" src=\"https:\/\/jsbc.fr\/wp-content\/uploads\/2015\/05\/la-chair-de-ma-chere-6-80x43.jpg\" alt=\"\" \/>\n\t\t\t\t<\/div>\n\t\t\t\t<div  class=\"ms-slide\" data-delay=\"3\" data-fill-mode=\"fill\"  >\n\t\t\t\t\t<img decoding=\"async\" src=\"https:\/\/jsbc.fr\/wp-content\/plugins\/masterslider\/public\/assets\/js\/blank.gif\" alt=\"\" title=\"\" data-src=\"https:\/\/jsbc.fr\/wp-content\/uploads\/2015\/05\/la-chair-de-ma-chere-7.jpg\" \/>\n\n\n\t<img decoding=\"async\" class=\"ms-thumb\" src=\"https:\/\/jsbc.fr\/wp-content\/uploads\/2015\/05\/la-chair-de-ma-chere-7-80x43.jpg\" alt=\"\" \/>\n\t\t\t\t<\/div>\n\t\t\t\t<div  class=\"ms-slide\" data-delay=\"3\" data-fill-mode=\"fill\"  >\n\t\t\t\t\t<img decoding=\"async\" src=\"https:\/\/jsbc.fr\/wp-content\/plugins\/masterslider\/public\/assets\/js\/blank.gif\" alt=\"\" title=\"\" data-src=\"https:\/\/jsbc.fr\/wp-content\/uploads\/2015\/05\/la-chair-de-ma-chere-8.jpg\" \/>\n\n\n\t<img decoding=\"async\" class=\"ms-thumb\" src=\"https:\/\/jsbc.fr\/wp-content\/uploads\/2015\/05\/la-chair-de-ma-chere-8-80x43.jpg\" alt=\"\" \/>\n\t\t\t\t<\/div>\n\t\t\t\t<div  class=\"ms-slide\" data-delay=\"3\" data-fill-mode=\"fill\"  >\n\t\t\t\t\t<img decoding=\"async\" src=\"https:\/\/jsbc.fr\/wp-content\/plugins\/masterslider\/public\/assets\/js\/blank.gif\" alt=\"\" title=\"\" data-src=\"https:\/\/jsbc.fr\/wp-content\/uploads\/2015\/05\/la-chair-de-ma-chere-9.jpg\" \/>\n\n\n\t<img decoding=\"async\" class=\"ms-thumb\" src=\"https:\/\/jsbc.fr\/wp-content\/uploads\/2015\/05\/la-chair-de-ma-chere-9-80x43.jpg\" alt=\"\" \/>\n\t\t\t\t<\/div>\n\t\t\t\t<div  class=\"ms-slide\" data-delay=\"3\" data-fill-mode=\"fill\"  >\n\t\t\t\t\t<img decoding=\"async\" src=\"https:\/\/jsbc.fr\/wp-content\/plugins\/masterslider\/public\/assets\/js\/blank.gif\" alt=\"\" title=\"\" data-src=\"https:\/\/jsbc.fr\/wp-content\/uploads\/2015\/05\/la-chair-de-ma-chere-10.jpg\" \/>\n\n\n\t<img decoding=\"async\" class=\"ms-thumb\" src=\"https:\/\/jsbc.fr\/wp-content\/uploads\/2015\/05\/la-chair-de-ma-chere-10-80x43.jpg\" alt=\"\" \/>\n\t\t\t\t<\/div>\n\t\t\t\t<div  class=\"ms-slide\" data-delay=\"3\" data-fill-mode=\"fill\"  >\n\t\t\t\t\t<img decoding=\"async\" src=\"https:\/\/jsbc.fr\/wp-content\/plugins\/masterslider\/public\/assets\/js\/blank.gif\" alt=\"\" title=\"\" data-src=\"https:\/\/jsbc.fr\/wp-content\/uploads\/2015\/05\/la-chair-de-ma-chere-12.jpg\" \/>\n\n\n\t<img decoding=\"async\" class=\"ms-thumb\" src=\"https:\/\/jsbc.fr\/wp-content\/uploads\/2015\/05\/la-chair-de-ma-chere-12-80x43.jpg\" alt=\"\" \/>\n\t\t\t\t<\/div>\n\t\t\t\t<div  class=\"ms-slide\" data-delay=\"3\" data-fill-mode=\"fill\"  >\n\t\t\t\t\t<img decoding=\"async\" src=\"https:\/\/jsbc.fr\/wp-content\/plugins\/masterslider\/public\/assets\/js\/blank.gif\" alt=\"\" title=\"\" data-src=\"https:\/\/jsbc.fr\/wp-content\/uploads\/2015\/05\/la-chair-de-ma-chere-11.jpg\" \/>\n\n\n\t<img decoding=\"async\" class=\"ms-thumb\" src=\"https:\/\/jsbc.fr\/wp-content\/uploads\/2015\/05\/la-chair-de-ma-chere-11-80x43.jpg\" alt=\"\" \/>\n\t\t\t\t<\/div>\n\t\t\t\t<div  class=\"ms-slide\" data-delay=\"3\" data-fill-mode=\"fill\"  >\n\t\t\t\t\t<img decoding=\"async\" src=\"https:\/\/jsbc.fr\/wp-content\/plugins\/masterslider\/public\/assets\/js\/blank.gif\" alt=\"\" title=\"\" data-src=\"https:\/\/jsbc.fr\/wp-content\/uploads\/2015\/05\/la-chair-de-ma-chere-13.jpg\" \/>\n\n\n\t<img decoding=\"async\" class=\"ms-thumb\" src=\"https:\/\/jsbc.fr\/wp-content\/uploads\/2015\/05\/la-chair-de-ma-chere-13-80x43.jpg\" alt=\"\" \/>\n\t\t\t\t<\/div>\n\t\t\t\t<div  class=\"ms-slide\" data-delay=\"3\" data-fill-mode=\"fill\"  >\n\t\t\t\t\t<img decoding=\"async\" src=\"https:\/\/jsbc.fr\/wp-content\/plugins\/masterslider\/public\/assets\/js\/blank.gif\" alt=\"\" title=\"\" data-src=\"https:\/\/jsbc.fr\/wp-content\/uploads\/2015\/05\/la-chair-de-ma-chere-14.jpg\" \/>\n\n\n\t<img decoding=\"async\" class=\"ms-thumb\" src=\"https:\/\/jsbc.fr\/wp-content\/uploads\/2015\/05\/la-chair-de-ma-chere-14-80x43.jpg\" alt=\"\" \/>\n\t\t\t\t<\/div>\n\n\t\t\t<\/div>\n\t\t\t<!-- END MasterSlider Main -->\n\n\t\t\t \n\t\t<\/div>\n\t\t<!-- END MasterSlider --> \n\t\t\n\t\t<script>\n\t\t(function ( $ ) {\n\t\t\t\"use strict\";\n\n\t\t\t$(function () {\n\t\t\t\tvar masterslider_66da = new MasterSlider();\n\n\t\t\t\t\/\/ slider controls\n                    \n\t\t\t\tmasterslider_66da.control('thumblist'  ,{ autohide:false, overVideo:true, dir:'h', speed:17, inset:false, align:'bottom',type:'thumbs', margin:5, width:80, height:43, space:4, fillMode:'fill'  });\n\t\t\t\tmasterslider_66da.control('scrollbar'  ,{ autohide:false, overVideo:true, dir:'h', inset:true, align:'top', color:'#3D3D3D' , margin:10  , width:4 });\n\t\t\t\t\/\/ slider setup\n\t\t\t\tmasterslider_66da.setup(\"MS69f35b62466da\", {\n\t\t\t\t\t\twidth           : 1064,\n\t\t\t\t\t\theight          : 596,\n\t\t\t\t\t\tspace           : 0,\n\t\t\t\t\t\tstart           : 1,\n\t\t\t\t\t\tgrabCursor      : true,\n\t\t\t\t\t\tswipe           : true,\n\t\t\t\t\t\tmouse           : true,\n\t\t\t\t\t\tlayout          : \"boxed\", \n\t\t\t\t\t\twheel           : true,\n\t\t\t\t\t\tautoplay        : true,\n\t\t\t\t\t\tinstantStartLayers:false,\n\t\t\t\t\t\tloop            : true,\n\t\t\t\t\t\tshuffle         : false,\n\t\t\t\t\t\tpreload         : 0,\n\t\t\t\t\t\theightLimit     : true,\n\t\t\t\t\t\tautoHeight      : false,\n\t\t\t\t\t\tsmoothHeight    : true,\n\t\t\t\t\t\tendPause        : false,\n\t\t\t\t\t\toverPause       : true,\n\t\t\t\t\t\tfillMode        : \"fill\", \n\t\t\t\t\t\tcenterControls  : true,\n\t\t\t\t\t\tlayersMode      : \"center\", \n\t\t\t\t\t\thideLayers      : false, \n\t\t\t\t\t\tfullscreenMargin: 0,\n\t\t\t\t\t\tspeed           : 20, \n\t\t\t\t\t\tdir             : \"h\", \n\t\t\t\t\t\tparallaxMode    : 'swipe',\n\t\t\t\t\t\tview            : \"basic\"\n\t\t\t\t});\n\t\t\t\t\n\n\t\t\t\t\n\t\t\t\twindow.masterslider_instances = window.masterslider_instances || {};\n\t\t\t\twindow.masterslider_instances[\"16_66da\"] = masterslider_66da;\n\t\t\t });\n\t\t\t\n\t\t})(jQuery);\n\t\t<\/script> \n\t\t\n<\/div>[\/vc_column][\/vc_row][vc_row][vc_column][vc_column_text]<\/p>\n<p>\u00a0<\/p>\n<p>\u00a0<\/p>\n<h5><span style=\"color: #c00418;\">PRIZE LIST<\/span><\/h5>\n<p>-GRAND PRIX pour un court m\u00e9trage professionnel \u00e0 BRUZ &#8211; 2014 &#8211;<br \/>-Jury Special Award at the European Animated Film Festival BALKANIMA &#8211; 2014-<\/p>\n<p><strong>Official Selections:<\/strong><br \/><strong>2015:<\/strong><br \/>-Festival du Court M\u00e9trage de Clermont-Ferrand &#8211; comp\u00e9tition nationale &#8211; (France)<br \/>&#8211; MONSTRA 2015 &#8211; (Lisbon)<br \/>&#8211; Anima, le festival du film d&#8217;animation de Bruxelles (Belgium)<br \/>&#8211; Mecal, le Festival du court m\u00e9trage de Barcelone (Espagne)<br \/>&#8211; Festival International du Film d&#8217;Aubagne (France)<br \/>&#8211; Istanbul Animation Festival (Turquie)<br \/>&#8211; Animac, la &#8220;Mostra Internacional de Cinema d&#8217;Animaci\u00f3 de Catalunya&#8221;(Espagne)<br \/>&#8211; Go Short International Short Film Festival Nijmegen (Pays-Bas)<\/p>\n<p><strong>2014:<\/strong><br \/>-International animation festival of Annecy (France)<br \/>&#8211; en competition pour le Prix Emile-Reynaud (France)<br \/>&#8211; Ottawa International animation Festival! (Canada)<br \/>-Festival du Premier Court-M\u00e9trage (France)<br \/>-Cartoon club (Italy)<br \/>-Supertoon Intenational animation festival (Croatia)<br \/>-Animatou (Geneva)<br \/>-Wiesbaden (Deutschland)<br \/>-Seoul International animation festival SICAF (Corea)<br \/>-Animation Block Party_New york (USA)<br \/>-BANJALUKA (Bosnie Herzegovine)<br \/>-ANIMEST international animation film festival (Roumanie)<br \/>-7\u00e8me \u00e9dition du Festival de Film d&#8217;Animation de Paris (France)<br \/>&#8211; IX International Festival of Contemporary Animation and Media- Art LINOLEUM (Kiev)<br \/>-European Animated Film Festival BALKANIMA 2014 (Serbie)<br \/>-International digital film festival &#8211; Kinofest &#8211; (Bucarest)<br \/>-Primanima World Festival of First Animations (Hongrie)<br \/>-Festival national du film d&#8217;animation de Bruz (France)<br \/>-Sommets du cin\u00e9ma d&#8217;animation de Montr\u00e9al (Qu\u00e9bec\/Montr\u00e9al)<br \/>-Animated Dreams 2014 (Estonie)<br \/>&#8211; International Young Audience Film Festival Ale Kino!, Pozna\u0144 (Pologne)<\/p>\n<p><strong>Out of competition:<\/strong><br \/>&#8211; International Young Audience Film Festival Ale Kino (Poland)<br \/>&#8211; Festival du Film Court Francophone de Vaulx-en-Velin (France)[\/vc_column_text][\/vc_column][\/vc_row][vc_row][vc_column][vc_single_image image=&#8221;296&#8243; alignment=&#8221;center&#8221;][\/vc_column][\/vc_row]<\/p>","protected":false},"excerpt":{"rendered":"<p>MIMMA 2014. 12 minutes and 40 sensitive seconds. Director : Calvin Antoine Blandin.Broadcast : ARTE.Support : CNC, R\u00e9gion Basse-Normandie. Festivals : 30 selections.Awards &hellip;<\/p>\n","protected":false},"author":5,"featured_media":0,"parent":840,"menu_order":257,"comment_status":"closed","ping_status":"closed","template":"","meta":{"om_disable_all_campaigns":false,"_monsterinsights_skip_tracking":false,"_monsterinsights_sitenote_active":false,"_monsterinsights_sitenote_note":"","_monsterinsights_sitenote_category":0,"footnotes":""},"class_list":["post-924","page","type-page","status-publish","hentry"],"aioseo_notices":[],"_links":{"self":[{"href":"https:\/\/jsbc.fr\/en\/wp-json\/wp\/v2\/pages\/924\/"}],"collection":[{"href":"https:\/\/jsbc.fr\/en\/wp-json\/wp\/v2\/pages\/"}],"about":[{"href":"https:\/\/jsbc.fr\/en\/wp-json\/wp\/v2\/types\/page\/"}],"author":[{"embeddable":true,"href":"https:\/\/jsbc.fr\/en\/wp-json\/wp\/v2\/users\/5\/"}],"replies":[{"embeddable":true,"href":"https:\/\/jsbc.fr\/en\/wp-json\/wp\/v2\/comments\/?post=924"}],"version-history":[{"count":11,"href":"https:\/\/jsbc.fr\/en\/wp-json\/wp\/v2\/pages\/924\/revisions\/"}],"predecessor-version":[{"id":7852,"href":"https:\/\/jsbc.fr\/en\/wp-json\/wp\/v2\/pages\/924\/revisions\/7852\/"}],"up":[{"embeddable":true,"href":"https:\/\/jsbc.fr\/en\/wp-json\/wp\/v2\/pages\/840\/"}],"wp:attachment":[{"href":"https:\/\/jsbc.fr\/en\/wp-json\/wp\/v2\/media\/?parent=924"}],"curies":[{"name":"wp","href":"https:\/\/api.w.org\/{rel}","templated":true}]}}