{"id":954,"date":"2015-01-21T17:07:56","date_gmt":"2015-01-21T17:07:56","guid":{"rendered":"http:\/\/www.jsbc.fr\/shorts\/chroniques-de-la-poisse\/"},"modified":"2025-09-30T14:23:05","modified_gmt":"2025-09-30T14:23:05","slug":"sticky-ends","status":"publish","type":"page","link":"https:\/\/jsbc.fr\/en\/shorts\/sticky-ends\/","title":{"rendered":"Chronicles of the jinx"},"content":{"rendered":"\n<h5 class=\"wp-block-heading\"><span style=\"color: #000000;\">CHRONICLES<\/span><span style=\"color: #c00418;\">OF<\/span><span style=\"color: #000000;\">THE<\/span><span style=\"color: #c00418;\">JINX<\/span><\/h5>\n\n\n\n<p><strong>2010. 7 min. Really jinxed.<\/strong><\/p>\n\n\n\n<p>Director &amp; Screenplay : <strong>Osman Cerfon<\/strong>.<br>Broadcast : <strong>Canal+<\/strong>.<br>Support : <strong>CNC<\/strong>, <strong>Procirep<\/strong>, <strong>Angoa<\/strong>.<\/p>\n\n\n\n<p class=\"has-text-color has-link-color wp-elements-920b885dc022c5b244ba007f0b4776d0\" style=\"color:#f10505\"><strong>Hiroshima Festival 2012 \u2013 First Film Award.<br>Festivals : 76 selections.<\/strong><\/p>\n\n\n\n<p>Bad Luck is a man with a fish head. From his mouth escape bubbles that bring misfortune. When one of them follows a character, fate relentlessly strikes. Our victim is swept into a relentless whirlwind of strange events where the worst always happens\u2014ending in a death both absurdly improbable and insignificant to the other characters. With detached irony, <em>Chronicles of the Jinx<\/em> invites you to shamelessly enjoy the misfortune of others\u2026<\/p>\n\n\n\n<p>Worth noting : there is also a second film, just as cruel as this one \u2013 <em>Like Rabbits<\/em>.<\/p>\n\n\n\n<div style=\"height:20px\" aria-hidden=\"true\" class=\"wp-block-spacer\"><\/div>\n\n\n<p>[vc_row][vc_column][vc_column_text]<iframe loading=\"lazy\" src=\"https:\/\/player.vimeo.com\/video\/128487215?title=0&amp;byline=0&amp;portrait=0\" width=\"1064\" height=\"598\" frameborder=\"0\" allowfullscreen=\"allowfullscreen\"><\/iframe>[\/vc_column_text][\/vc_column][\/vc_row][vc_row][vc_column]<div class=\"avt_masterslider_el \" >\n\t\t<!-- MasterSlider -->\n\t\t<div id=\"P_MS69dcc60994d4c\" class=\"master-slider-parent ms-thumbs-template ms-parent-id-18\" style=\"max-width:1064px;\"  >\n\t\t\t\t\n\t\t\t\n\t\t\t<!-- MasterSlider Main -->\n\t\t\t<div id=\"MS69dcc60994d4c\" class=\"master-slider ms-skin-default\" >\n\t\t\t\t \t\t\t\t \n\t\t\t\t<div  class=\"ms-slide\" data-delay=\"3\" data-fill-mode=\"fill\"  >\n\t\t\t\t\t<img decoding=\"async\" src=\"https:\/\/jsbc.fr\/wp-content\/plugins\/masterslider\/public\/assets\/js\/blank.gif\" alt=\"\" title=\"\" data-src=\"https:\/\/jsbc.fr\/wp-content\/uploads\/2015\/05\/chroniques-de-la-poisse-1.jpg\" \/>\n\n\n\t<img decoding=\"async\" class=\"ms-thumb\" src=\"https:\/\/jsbc.fr\/wp-content\/uploads\/2015\/05\/chroniques-de-la-poisse-1-80x43.jpg\" alt=\"\" \/>\n\t\t\t\t<\/div>\n\t\t\t\t<div  class=\"ms-slide\" data-delay=\"3\" data-fill-mode=\"fill\"  >\n\t\t\t\t\t<img decoding=\"async\" src=\"https:\/\/jsbc.fr\/wp-content\/plugins\/masterslider\/public\/assets\/js\/blank.gif\" alt=\"\" title=\"\" data-src=\"https:\/\/jsbc.fr\/wp-content\/uploads\/2015\/05\/chroniques-de-la-poisse-2.jpg\" \/>\n\n\n\t<img decoding=\"async\" class=\"ms-thumb\" src=\"https:\/\/jsbc.fr\/wp-content\/uploads\/2015\/05\/chroniques-de-la-poisse-2-80x43.jpg\" alt=\"\" \/>\n\t\t\t\t<\/div>\n\t\t\t\t<div  class=\"ms-slide\" data-delay=\"3\" data-fill-mode=\"fill\"  >\n\t\t\t\t\t<img decoding=\"async\" src=\"https:\/\/jsbc.fr\/wp-content\/plugins\/masterslider\/public\/assets\/js\/blank.gif\" alt=\"\" title=\"\" data-src=\"https:\/\/jsbc.fr\/wp-content\/uploads\/2015\/05\/chroniques-de-la-poisse-3.jpg\" \/>\n\n\n\t<img decoding=\"async\" class=\"ms-thumb\" src=\"https:\/\/jsbc.fr\/wp-content\/uploads\/2015\/05\/chroniques-de-la-poisse-3-80x43.jpg\" alt=\"\" \/>\n\t\t\t\t<\/div>\n\t\t\t\t<div  class=\"ms-slide\" data-delay=\"3\" data-fill-mode=\"fill\"  >\n\t\t\t\t\t<img decoding=\"async\" src=\"https:\/\/jsbc.fr\/wp-content\/plugins\/masterslider\/public\/assets\/js\/blank.gif\" alt=\"\" title=\"\" data-src=\"https:\/\/jsbc.fr\/wp-content\/uploads\/2015\/05\/chroniques-de-la-poisse-4.jpg\" \/>\n\n\n\t<img decoding=\"async\" class=\"ms-thumb\" src=\"https:\/\/jsbc.fr\/wp-content\/uploads\/2015\/05\/chroniques-de-la-poisse-4-80x43.jpg\" alt=\"\" \/>\n\t\t\t\t<\/div>\n\t\t\t\t<div  class=\"ms-slide\" data-delay=\"3\" data-fill-mode=\"fill\"  >\n\t\t\t\t\t<img decoding=\"async\" src=\"https:\/\/jsbc.fr\/wp-content\/plugins\/masterslider\/public\/assets\/js\/blank.gif\" alt=\"\" title=\"\" data-src=\"https:\/\/jsbc.fr\/wp-content\/uploads\/2015\/05\/chroniques-de-la-poisse-5.jpg\" \/>\n\n\n\t<img decoding=\"async\" class=\"ms-thumb\" src=\"https:\/\/jsbc.fr\/wp-content\/uploads\/2015\/05\/chroniques-de-la-poisse-5-80x43.jpg\" alt=\"\" \/>\n\t\t\t\t<\/div>\n\t\t\t\t<div  class=\"ms-slide\" data-delay=\"3\" data-fill-mode=\"fill\"  >\n\t\t\t\t\t<img decoding=\"async\" src=\"https:\/\/jsbc.fr\/wp-content\/plugins\/masterslider\/public\/assets\/js\/blank.gif\" alt=\"\" title=\"\" data-src=\"https:\/\/jsbc.fr\/wp-content\/uploads\/2015\/05\/chroniques-de-la-poisse-6.jpg\" \/>\n\n\n\t<img decoding=\"async\" class=\"ms-thumb\" src=\"https:\/\/jsbc.fr\/wp-content\/uploads\/2015\/05\/chroniques-de-la-poisse-6-80x43.jpg\" alt=\"\" \/>\n\t\t\t\t<\/div>\n\t\t\t\t<div  class=\"ms-slide\" data-delay=\"3\" data-fill-mode=\"fill\"  >\n\t\t\t\t\t<img decoding=\"async\" src=\"https:\/\/jsbc.fr\/wp-content\/plugins\/masterslider\/public\/assets\/js\/blank.gif\" alt=\"\" title=\"\" data-src=\"https:\/\/jsbc.fr\/wp-content\/uploads\/2015\/05\/chroniques-de-la-poisse-7.jpg\" \/>\n\n\n\t<img decoding=\"async\" class=\"ms-thumb\" src=\"https:\/\/jsbc.fr\/wp-content\/uploads\/2015\/05\/chroniques-de-la-poisse-7-80x43.jpg\" alt=\"\" \/>\n\t\t\t\t<\/div>\n\t\t\t\t<div  class=\"ms-slide\" data-delay=\"3\" data-fill-mode=\"fill\"  >\n\t\t\t\t\t<img decoding=\"async\" src=\"https:\/\/jsbc.fr\/wp-content\/plugins\/masterslider\/public\/assets\/js\/blank.gif\" alt=\"\" title=\"\" data-src=\"https:\/\/jsbc.fr\/wp-content\/uploads\/2015\/05\/chroniques-de-la-poisse-8.jpg\" \/>\n\n\n\t<img decoding=\"async\" class=\"ms-thumb\" src=\"https:\/\/jsbc.fr\/wp-content\/uploads\/2015\/05\/chroniques-de-la-poisse-8-80x43.jpg\" alt=\"\" \/>\n\t\t\t\t<\/div>\n\t\t\t\t<div  class=\"ms-slide\" data-delay=\"3\" data-fill-mode=\"fill\"  >\n\t\t\t\t\t<img decoding=\"async\" src=\"https:\/\/jsbc.fr\/wp-content\/plugins\/masterslider\/public\/assets\/js\/blank.gif\" alt=\"\" title=\"\" data-src=\"https:\/\/jsbc.fr\/wp-content\/uploads\/2015\/05\/chroniques-de-la-poisse-9.jpg\" \/>\n\n\n\t<img decoding=\"async\" class=\"ms-thumb\" src=\"https:\/\/jsbc.fr\/wp-content\/uploads\/2015\/05\/chroniques-de-la-poisse-9-80x43.jpg\" alt=\"\" \/>\n\t\t\t\t<\/div>\n\t\t\t\t<div  class=\"ms-slide\" data-delay=\"3\" data-fill-mode=\"fill\"  >\n\t\t\t\t\t<img decoding=\"async\" src=\"https:\/\/jsbc.fr\/wp-content\/plugins\/masterslider\/public\/assets\/js\/blank.gif\" alt=\"\" title=\"\" data-src=\"https:\/\/jsbc.fr\/wp-content\/uploads\/2015\/05\/chroniques-de-la-poisse-10.jpg\" \/>\n\n\n\t<img decoding=\"async\" class=\"ms-thumb\" src=\"https:\/\/jsbc.fr\/wp-content\/uploads\/2015\/05\/chroniques-de-la-poisse-10-80x43.jpg\" alt=\"\" \/>\n\t\t\t\t<\/div>\n\t\t\t\t<div  class=\"ms-slide\" data-delay=\"3\" data-fill-mode=\"fill\"  >\n\t\t\t\t\t<img decoding=\"async\" src=\"https:\/\/jsbc.fr\/wp-content\/plugins\/masterslider\/public\/assets\/js\/blank.gif\" alt=\"\" title=\"\" data-src=\"https:\/\/jsbc.fr\/wp-content\/uploads\/2015\/05\/chroniques-de-la-poisse-11.jpg\" \/>\n\n\n\t<img decoding=\"async\" class=\"ms-thumb\" src=\"https:\/\/jsbc.fr\/wp-content\/uploads\/2015\/05\/chroniques-de-la-poisse-11-80x43.jpg\" alt=\"\" \/>\n\t\t\t\t<\/div>\n\t\t\t\t<div  class=\"ms-slide\" data-delay=\"3\" data-fill-mode=\"fill\"  >\n\t\t\t\t\t<img decoding=\"async\" src=\"https:\/\/jsbc.fr\/wp-content\/plugins\/masterslider\/public\/assets\/js\/blank.gif\" alt=\"\" title=\"\" data-src=\"https:\/\/jsbc.fr\/wp-content\/uploads\/2015\/05\/chroniques-de-la-poisse-12.jpg\" \/>\n\n\n\t<img decoding=\"async\" class=\"ms-thumb\" src=\"https:\/\/jsbc.fr\/wp-content\/uploads\/2015\/05\/chroniques-de-la-poisse-12-80x43.jpg\" alt=\"\" \/>\n\t\t\t\t<\/div>\n\t\t\t\t<div  class=\"ms-slide\" data-delay=\"3\" data-fill-mode=\"fill\"  >\n\t\t\t\t\t<img decoding=\"async\" src=\"https:\/\/jsbc.fr\/wp-content\/plugins\/masterslider\/public\/assets\/js\/blank.gif\" alt=\"\" title=\"\" data-src=\"https:\/\/jsbc.fr\/wp-content\/uploads\/2015\/05\/chroniques-de-la-poisse-13.jpg\" \/>\n\n\n\t<img decoding=\"async\" class=\"ms-thumb\" src=\"https:\/\/jsbc.fr\/wp-content\/uploads\/2015\/05\/chroniques-de-la-poisse-13-80x43.jpg\" alt=\"\" \/>\n\t\t\t\t<\/div>\n\t\t\t\t<div  class=\"ms-slide\" data-delay=\"3\" data-fill-mode=\"fill\"  >\n\t\t\t\t\t<img decoding=\"async\" src=\"https:\/\/jsbc.fr\/wp-content\/plugins\/masterslider\/public\/assets\/js\/blank.gif\" alt=\"\" title=\"\" data-src=\"https:\/\/jsbc.fr\/wp-content\/uploads\/2015\/05\/chroniques-de-la-poisse-14.jpg\" \/>\n\n\n\t<img decoding=\"async\" class=\"ms-thumb\" src=\"https:\/\/jsbc.fr\/wp-content\/uploads\/2015\/05\/chroniques-de-la-poisse-14-80x43.jpg\" alt=\"\" \/>\n\t\t\t\t<\/div>\n\t\t\t\t<div  class=\"ms-slide\" data-delay=\"3\" data-fill-mode=\"fill\"  >\n\t\t\t\t\t<img decoding=\"async\" src=\"https:\/\/jsbc.fr\/wp-content\/plugins\/masterslider\/public\/assets\/js\/blank.gif\" alt=\"\" title=\"\" data-src=\"https:\/\/jsbc.fr\/wp-content\/uploads\/2015\/05\/chroniques-de-la-poisse-15.jpg\" \/>\n\n\n\t<img decoding=\"async\" class=\"ms-thumb\" src=\"https:\/\/jsbc.fr\/wp-content\/uploads\/2015\/05\/chroniques-de-la-poisse-15-80x43.jpg\" alt=\"\" \/>\n\t\t\t\t<\/div>\n\t\t\t\t<div  class=\"ms-slide\" data-delay=\"3\" data-fill-mode=\"fill\"  >\n\t\t\t\t\t<img decoding=\"async\" src=\"https:\/\/jsbc.fr\/wp-content\/plugins\/masterslider\/public\/assets\/js\/blank.gif\" alt=\"\" title=\"\" data-src=\"https:\/\/jsbc.fr\/wp-content\/uploads\/2015\/05\/chroniques-de-la-poisse-16.jpg\" \/>\n\n\n\t<img decoding=\"async\" class=\"ms-thumb\" src=\"https:\/\/jsbc.fr\/wp-content\/uploads\/2015\/05\/chroniques-de-la-poisse-16-80x43.jpg\" alt=\"\" \/>\n\t\t\t\t<\/div>\n\t\t\t\t<div  class=\"ms-slide\" data-delay=\"3\" data-fill-mode=\"fill\"  >\n\t\t\t\t\t<img decoding=\"async\" src=\"https:\/\/jsbc.fr\/wp-content\/plugins\/masterslider\/public\/assets\/js\/blank.gif\" alt=\"\" title=\"\" data-src=\"https:\/\/jsbc.fr\/wp-content\/uploads\/2015\/05\/chroniques-de-la-poisse-17.jpg\" \/>\n\n\n\t<img decoding=\"async\" class=\"ms-thumb\" src=\"https:\/\/jsbc.fr\/wp-content\/uploads\/2015\/05\/chroniques-de-la-poisse-17-80x43.jpg\" alt=\"\" \/>\n\t\t\t\t<\/div>\n\n\t\t\t<\/div>\n\t\t\t<!-- END MasterSlider Main -->\n\n\t\t\t \n\t\t<\/div>\n\t\t<!-- END MasterSlider --> \n\t\t\n\t\t<script>\n\t\t(function ( $ ) {\n\t\t\t\"use strict\";\n\n\t\t\t$(function () {\n\t\t\t\tvar masterslider_4d4c = new MasterSlider();\n\n\t\t\t\t\/\/ slider controls\n                    \n\t\t\t\tmasterslider_4d4c.control('thumblist'  ,{ autohide:false, overVideo:true, dir:'h', speed:17, inset:false, align:'bottom',type:'thumbs', margin:5, width:80, height:43, space:4, fillMode:'fill'  });\n\t\t\t\tmasterslider_4d4c.control('scrollbar'  ,{ autohide:false, overVideo:true, dir:'h', inset:true, align:'top', color:'#3D3D3D' , margin:10  , width:4 });\n\t\t\t\t\/\/ slider setup\n\t\t\t\tmasterslider_4d4c.setup(\"MS69dcc60994d4c\", {\n\t\t\t\t\t\twidth           : 1064,\n\t\t\t\t\t\theight          : 597,\n\t\t\t\t\t\tspace           : 0,\n\t\t\t\t\t\tstart           : 1,\n\t\t\t\t\t\tgrabCursor      : true,\n\t\t\t\t\t\tswipe           : true,\n\t\t\t\t\t\tmouse           : true,\n\t\t\t\t\t\tlayout          : \"boxed\", \n\t\t\t\t\t\twheel           : true,\n\t\t\t\t\t\tautoplay        : true,\n\t\t\t\t\t\tinstantStartLayers:false,\n\t\t\t\t\t\tloop            : true,\n\t\t\t\t\t\tshuffle         : false,\n\t\t\t\t\t\tpreload         : 0,\n\t\t\t\t\t\theightLimit     : true,\n\t\t\t\t\t\tautoHeight      : false,\n\t\t\t\t\t\tsmoothHeight    : true,\n\t\t\t\t\t\tendPause        : false,\n\t\t\t\t\t\toverPause       : true,\n\t\t\t\t\t\tfillMode        : \"fill\", \n\t\t\t\t\t\tcenterControls  : true,\n\t\t\t\t\t\tlayersMode      : \"center\", \n\t\t\t\t\t\thideLayers      : false, \n\t\t\t\t\t\tfullscreenMargin: 0,\n\t\t\t\t\t\tspeed           : 20, \n\t\t\t\t\t\tdir             : \"h\", \n\t\t\t\t\t\tparallaxMode    : 'swipe',\n\t\t\t\t\t\tview            : \"basic\"\n\t\t\t\t});\n\t\t\t\t\n\n\t\t\t\t\n\t\t\t\twindow.masterslider_instances = window.masterslider_instances || {};\n\t\t\t\twindow.masterslider_instances[\"18_4d4c\"] = masterslider_4d4c;\n\t\t\t });\n\t\t\t\n\t\t})(jQuery);\n\t\t<\/script> \n\t\t\n<\/div>[\/vc_column][\/vc_row][vc_row][vc_column][vc_column_text]<\/p>\n<p>\u00a0<\/p>\n<h5><span style=\"color: #c00418;\">PRIZE LIST<\/span><\/h5>\n<p>Selections festivals \/ Price<\/p>\n<p><strong><span class=\"annee\">2011<\/span><\/strong><br \/>&#8211; L&#8217;ombre d&#8217;un court, Jouy-en-Josas (France)<br \/>&#8211; Premiers Plans, Angers (France)<br \/>&#8211; Anima, Bruxelles (Belgique)<br \/>&#8211; Festival Quintessence, Ouidah, Cotonou, Porto-Novo et Parakou (B\u00e9nin) <span class=\"prix\">\u00abPython tapis\u00bb, prix du film d&#8217;animation<\/span><br \/>&#8211; Festival International du Film de Jaipur (Inde)<br \/>&#8211; Les 24 courts, Le Mans, Bouloire et Monc\u00e9 en Belin (France)<br \/>&#8211; Anifest, Teplice (R\u00e9publique Tch\u00e8que)<br \/>&#8211; Festival international du film d&#8217;Ankara (Turquie)<br \/>&#8211; Festival du film de Cracovie (Pologne)<br \/>&#8211; Festival international du film d\u2019animation d&#8217;Annecy (France) <span class=\"prix\">Prix Canal + Aide \u00e0 la cr\u00e9ation<\/span><br \/>&#8211; Festival du cin\u00e9ma europ\u00e9en, Lille (France)<br \/>&#8211; Cortoons, Rome (Italie)<br \/>&#8211; KKO (Kino Knock Out) Festival, Altkirch (France)<br \/>&#8211; Concours de courts, Toulouse (France)<br \/>&#8211; Salento Finibus Terrae, SanVito (Italie)<br \/>&#8211; European Media Art Festival, Osnabr\u00fcck (Allemagne)<br \/>&#8211; Festival du court m\u00e9trage de Bruxelles (Belgique)<br \/>&#8211; 20 min max, Festival de court m\u00e9trage d&#8217;Ingolstadt (Allemagne) <span class=\"prix\">Prix du meilleur court m\u00e9trage d&#8217;animation<\/span><br \/>&#8211; Future Film Festival, Bologne (Italie)<br \/>&#8211; Fest Anca, Zilina (Slovaquie)<br \/>&#8211; Festival mondial du court m\u00e9trage de Toronto (Canada)<br \/>&#8211; Autour du court, Nogent-sur-Marne (France) <span class=\"prix\">Prix du jury \u00e0 un film d&#8217;animation professionnel<\/span><br \/>&#8211; Festival international du court m\u00e9trage de Huesca (Espagne)<br \/>&#8211; Art Film Fest, Bratislava (Slovaquie)<br \/>&#8211; Cin\u00e9fil, itin\u00e9rant dans le Rh\u00f4ne (France)<br \/>&#8211; Festival international du film de Brooklyn, New York (USA)<br \/>&#8211; Wiz-Art Festival, Lviv (Ukraine)<br \/>&#8211; Anima Mundi, Rio de Janeiro et S\u00e3o Paulo (Br\u00e9sil)<br \/>&#8211; Naoussa international film festival (Gr\u00e8ce)<br \/>&#8211; Festimaj\u2019, Meyzieu (France et une tourn\u00e9e internationale) <span class=\"prix\">Prix dans la cat\u00e9gorie &#8220;Enseignement sup\u00e9rieur &#8211; Jeunes r\u00e9alisateurs (animation)&#8221;<\/span><br \/>&#8211; FilmVideo, Montecatini (Italie)<br \/>&#8211; Festival Narkolepsy, Grenoble (France)<br \/>&#8211; Animator, Poznan (Pologne) <span class=\"prix\">Prix sp\u00e9cial Film pour enfants<\/span><br \/>&#8211; Cartoon Club, Rimini (Italie)<br \/>&#8211; Fantoche, Baden (Suisse) <span class=\"prix\">Prix Nouveau Talent<\/span><br \/>&#8211; Lago Film Fest, Revine Lago (Italie)<br \/>&#8211; S\u00e9quence Court M\u00e9trage, Toulouse (France)<br \/>&#8211; Animatou, Gen\u00e8ve (Suisse)<br \/>&#8211; Festival international d&#8217;animation d&#8217;Ottawa (Canada)<br \/>&#8211; Festival international du film d&#8217;animation de Krok (Ukraine)<br \/>&#8211; Croq&#8217;Anime, Paris (France)<br \/>&#8211; China International Animation and Digital Arts Festival, Changzhou (Chine)<br \/>&#8211; Festival du Film Francophone d&#8217;Angoul\u00eame (France)<br \/>&#8211; Festival du premier court m\u00e9trage &#8211; Pontault-Combault (France)<br \/>&#8211; Tindirindis, Vilnius (Lituanie)<br \/>&#8211; Festival international du documentaire et du film d&#8217;animation de Leipzig (Allemagne)<br \/>&#8211; Couch Festival, projections &#8220;chez l&#8217;habitant&#8221; (Islande et USA)<br \/>&#8211; Sommets du cin\u00e9ma d&#8217;animation, Montr\u00e9al (Canada)<br \/>&#8211; Animage, Pernambuco (Br\u00e9sil)<br \/>&#8211; The Giant Incadescent Resonating Animation Festival &#8220;GIRAF&#8221;, Calgary (Canada)<br \/>&#8211; Eksj\u00f6 Animation Festival (Su\u00e8de)<br \/>&#8211; Best of Short Films Festival, La Ciotat (France)<br \/>&#8211; Animated Encounters, Bristol (Grande-Bretagne)<br \/>&#8211; Fen\u00eatres sur courts, Dijon (France)<br \/>&#8211; ReAnimania, Yerevan (Arm\u00e9nie)<br \/>&#8211; Festival international du court m\u00e9trage d&#8217;Uppsala (Su\u00e8de)<br \/>&#8211; L&#8217;Alternativa, Festival de cin\u00e9ma ind\u00e9pendant de Barcelone (Espagne)<br \/>&#8211; Festival national du film d&#8217;animation, Bruz (France)<br \/>&#8211; Rencontres Cin\u00e9matographiques de Vence (France)<br \/>&#8211; Festival international du cin\u00e9ma francophone en Acadie (Canada)<br \/>&#8211; Leids Film Festival, Leiden (Pays-Bas)<br \/><strong><span class=\"annee\">2010<\/span><\/strong><br \/>&#8211; Biennale de Cin\u00e9ma d&#8217;Animation de Pontarlier (France)<br \/>&#8211; Festival International de Cin\u00e9ma d\u2019Animation de Mekn\u00e8s (Maroc)<br \/>&#8211; International Animation Film Festival \u201cGolden Kuker\u201d, Sofia (Bulgarie)<br \/>&#8211; Holland Animation Film Festival, Utrecht (Pays-Bas)<br \/>&#8211; Animanima, Cacak (Serbie)<br \/>&#8211; Festival du cin\u00e9ma int. en Abitibi-T\u00e9miscamingue, Rouyn-Noranda (Canada)<br \/>&#8211; Alter-Native Festival, Tg.-Mures (Roumanie)<br \/>&#8211; Festival du Film Court de Villeurbanne (France)<br \/>&#8211; Animated Dreams, Tallinn (Estonie)<br \/>&#8211; Kinofest, Bucharest (Roumanie)<br \/>&#8211; Anilogue, Vienne \/ Budapest (Autriche \/ Hongrie) <span class=\"prix\">3\u00e8me Prix du public<\/span><br \/>&#8211; Bang! Short Film Festival, Nottingham (Grande-Bretagne)[\/vc_column_text][\/vc_column][\/vc_row][vc_row][vc_column][vc_single_image image=&#8221;296&#8243; alignment=&#8221;center&#8221;][\/vc_column][\/vc_row]<\/p>","protected":false},"excerpt":{"rendered":"<p>CHRONICLESOFTHEJINX 2010. 7 min. Really jinxed. Director &amp; Screenplay : Osman Cerfon.Broadcast : Canal+.Support : CNC, Procirep, Angoa. Hiroshima Festival 2012 \u2013 First &hellip;<\/p>\n","protected":false},"author":5,"featured_media":0,"parent":840,"menu_order":244,"comment_status":"closed","ping_status":"closed","template":"","meta":{"om_disable_all_campaigns":false,"_monsterinsights_skip_tracking":false,"_monsterinsights_sitenote_active":false,"_monsterinsights_sitenote_note":"","_monsterinsights_sitenote_category":0,"footnotes":""},"class_list":["post-954","page","type-page","status-publish","hentry"],"aioseo_notices":[],"_links":{"self":[{"href":"https:\/\/jsbc.fr\/en\/wp-json\/wp\/v2\/pages\/954\/"}],"collection":[{"href":"https:\/\/jsbc.fr\/en\/wp-json\/wp\/v2\/pages\/"}],"about":[{"href":"https:\/\/jsbc.fr\/en\/wp-json\/wp\/v2\/types\/page\/"}],"author":[{"embeddable":true,"href":"https:\/\/jsbc.fr\/en\/wp-json\/wp\/v2\/users\/5\/"}],"replies":[{"embeddable":true,"href":"https:\/\/jsbc.fr\/en\/wp-json\/wp\/v2\/comments\/?post=954"}],"version-history":[{"count":7,"href":"https:\/\/jsbc.fr\/en\/wp-json\/wp\/v2\/pages\/954\/revisions\/"}],"predecessor-version":[{"id":7198,"href":"https:\/\/jsbc.fr\/en\/wp-json\/wp\/v2\/pages\/954\/revisions\/7198\/"}],"up":[{"embeddable":true,"href":"https:\/\/jsbc.fr\/en\/wp-json\/wp\/v2\/pages\/840\/"}],"wp:attachment":[{"href":"https:\/\/jsbc.fr\/en\/wp-json\/wp\/v2\/media\/?parent=954"}],"curies":[{"name":"wp","href":"https:\/\/api.w.org\/{rel}","templated":true}]}}