{"id":977,"date":"2015-01-28T17:00:50","date_gmt":"2015-01-28T17:00:50","guid":{"rendered":"http:\/\/www.jsbc.fr\/shorts\/omoro\/"},"modified":"2025-09-30T14:49:09","modified_gmt":"2025-09-30T14:49:09","slug":"omoro","status":"publish","type":"page","link":"https:\/\/jsbc.fr\/en\/shorts\/omoro\/","title":{"rendered":"o&#8217;moro"},"content":{"rendered":"\n<h5 class=\"wp-block-heading\"><span style=\"color: #c00418;\">O\u2019<\/span><span style=\"color: #000000;\">MORO<\/span><\/h5>\n\n\n\n<p><strong>2008. 12 min. Romantic comedy. And pictorial.<\/strong><\/p>\n\n\n\n<p>Directors : <strong>Christophe Calissoni<\/strong>, <strong>Eva Offredo<\/strong>.<br>Screenplay : <strong>Christophe Calissoni<\/strong>, <strong>Patricia Valeix<\/strong>.<br>Broadcast : <strong>ARTE<\/strong>.<br>Support : <strong>CNC<\/strong>, <strong>Procirep<\/strong>, <strong>Angoa<\/strong>.<\/p>\n\n\n\n<p class=\"has-text-color has-link-color wp-elements-8e15a547c68f5dd076dbd6b0e740b90e\" style=\"color:#f20505\"><strong>Festivals : 85 selections.<br>Awards : 12 prizes.<\/strong><\/p>\n\n\n\n<p>Naples, late 1950s. A carabiniere, a taciturn giant nicknamed O\u2019Moro by his chief, is tasked with cracking down on the city\u2019s riffraff. One morning on the docks, his encounter with a gypsy woman will change the course of his life.<\/p>\n\n\n\n<div style=\"height:20px\" aria-hidden=\"true\" class=\"wp-block-spacer\"><\/div>\n\n\n<p>[vc_row][vc_column][vc_column_text]<iframe loading=\"lazy\" src=\"https:\/\/player.vimeo.com\/video\/128976336?title=0&amp;byline=0&amp;portrait=0\" width=\"1064\" height=\"856\" frameborder=\"0\" allowfullscreen=\"allowfullscreen\"><\/iframe><\/p>\n<p>[\/vc_column_text][\/vc_column][\/vc_row][vc_row][vc_column]<div class=\"avt_masterslider_el \" >\n\t\t<!-- MasterSlider -->\n\t\t<div id=\"P_MS69e362b284c33\" class=\"master-slider-parent ms-thumbs-template ms-parent-id-23\" style=\"max-width:1064px;\"  >\n\t\t\t\t\n\t\t\t\n\t\t\t<!-- MasterSlider Main -->\n\t\t\t<div id=\"MS69e362b284c33\" class=\"master-slider ms-skin-default\" >\n\t\t\t\t \t\t\t\t \n\t\t\t\t<div  class=\"ms-slide\" data-delay=\"3\" data-fill-mode=\"fill\"  >\n\t\t\t\t\t<img decoding=\"async\" src=\"https:\/\/jsbc.fr\/wp-content\/plugins\/masterslider\/public\/assets\/js\/blank.gif\" alt=\"\" title=\"\" data-src=\"https:\/\/jsbc.fr\/wp-content\/uploads\/2015\/05\/omoro-1.jpg\" \/>\n\n\n\t<img decoding=\"async\" class=\"ms-thumb\" src=\"https:\/\/jsbc.fr\/wp-content\/uploads\/2015\/05\/omoro-1-80x43.jpg\" alt=\"\" \/>\n\t\t\t\t<\/div>\n\t\t\t\t<div  class=\"ms-slide\" data-delay=\"3\" data-fill-mode=\"fill\"  >\n\t\t\t\t\t<img decoding=\"async\" src=\"https:\/\/jsbc.fr\/wp-content\/plugins\/masterslider\/public\/assets\/js\/blank.gif\" alt=\"\" title=\"\" data-src=\"https:\/\/jsbc.fr\/wp-content\/uploads\/2015\/05\/omoro-2.jpg\" \/>\n\n\n\t<img decoding=\"async\" class=\"ms-thumb\" src=\"https:\/\/jsbc.fr\/wp-content\/uploads\/2015\/05\/omoro-2-80x43.jpg\" alt=\"\" \/>\n\t\t\t\t<\/div>\n\t\t\t\t<div  class=\"ms-slide\" data-delay=\"3\" data-fill-mode=\"fill\"  >\n\t\t\t\t\t<img decoding=\"async\" src=\"https:\/\/jsbc.fr\/wp-content\/plugins\/masterslider\/public\/assets\/js\/blank.gif\" alt=\"\" title=\"\" data-src=\"https:\/\/jsbc.fr\/wp-content\/uploads\/2015\/05\/omoro-3.jpg\" \/>\n\n\n\t<img decoding=\"async\" class=\"ms-thumb\" src=\"https:\/\/jsbc.fr\/wp-content\/uploads\/2015\/05\/omoro-3-80x43.jpg\" alt=\"\" \/>\n\t\t\t\t<\/div>\n\t\t\t\t<div  class=\"ms-slide\" data-delay=\"3\" data-fill-mode=\"fill\"  >\n\t\t\t\t\t<img decoding=\"async\" src=\"https:\/\/jsbc.fr\/wp-content\/plugins\/masterslider\/public\/assets\/js\/blank.gif\" alt=\"\" title=\"\" data-src=\"https:\/\/jsbc.fr\/wp-content\/uploads\/2015\/05\/omoro-4.jpg\" \/>\n\n\n\t<img decoding=\"async\" class=\"ms-thumb\" src=\"https:\/\/jsbc.fr\/wp-content\/uploads\/2015\/05\/omoro-4-80x43.jpg\" alt=\"\" \/>\n\t\t\t\t<\/div>\n\t\t\t\t<div  class=\"ms-slide\" data-delay=\"3\" data-fill-mode=\"fill\"  >\n\t\t\t\t\t<img decoding=\"async\" src=\"https:\/\/jsbc.fr\/wp-content\/plugins\/masterslider\/public\/assets\/js\/blank.gif\" alt=\"\" title=\"\" data-src=\"https:\/\/jsbc.fr\/wp-content\/uploads\/2015\/05\/omoro-5.jpg\" \/>\n\n\n\t<img decoding=\"async\" class=\"ms-thumb\" src=\"https:\/\/jsbc.fr\/wp-content\/uploads\/2015\/05\/omoro-5-80x43.jpg\" alt=\"\" \/>\n\t\t\t\t<\/div>\n\t\t\t\t<div  class=\"ms-slide\" data-delay=\"3\" data-fill-mode=\"fill\"  >\n\t\t\t\t\t<img decoding=\"async\" src=\"https:\/\/jsbc.fr\/wp-content\/plugins\/masterslider\/public\/assets\/js\/blank.gif\" alt=\"\" title=\"\" data-src=\"https:\/\/jsbc.fr\/wp-content\/uploads\/2015\/05\/omoro-6.jpg\" \/>\n\n\n\t<img decoding=\"async\" class=\"ms-thumb\" src=\"https:\/\/jsbc.fr\/wp-content\/uploads\/2015\/05\/omoro-6-80x43.jpg\" alt=\"\" \/>\n\t\t\t\t<\/div>\n\t\t\t\t<div  class=\"ms-slide\" data-delay=\"3\" data-fill-mode=\"fill\"  >\n\t\t\t\t\t<img decoding=\"async\" src=\"https:\/\/jsbc.fr\/wp-content\/plugins\/masterslider\/public\/assets\/js\/blank.gif\" alt=\"\" title=\"\" data-src=\"https:\/\/jsbc.fr\/wp-content\/uploads\/2015\/05\/omoro-7.jpg\" \/>\n\n\n\t<img decoding=\"async\" class=\"ms-thumb\" src=\"https:\/\/jsbc.fr\/wp-content\/uploads\/2015\/05\/omoro-7-80x43.jpg\" alt=\"\" \/>\n\t\t\t\t<\/div>\n\t\t\t\t<div  class=\"ms-slide\" data-delay=\"3\" data-fill-mode=\"fill\"  >\n\t\t\t\t\t<img decoding=\"async\" src=\"https:\/\/jsbc.fr\/wp-content\/plugins\/masterslider\/public\/assets\/js\/blank.gif\" alt=\"\" title=\"\" data-src=\"https:\/\/jsbc.fr\/wp-content\/uploads\/2015\/05\/omoro-8.jpg\" \/>\n\n\n\t<img decoding=\"async\" class=\"ms-thumb\" src=\"https:\/\/jsbc.fr\/wp-content\/uploads\/2015\/05\/omoro-8-80x43.jpg\" alt=\"\" \/>\n\t\t\t\t<\/div>\n\t\t\t\t<div  class=\"ms-slide\" data-delay=\"3\" data-fill-mode=\"fill\"  >\n\t\t\t\t\t<img decoding=\"async\" src=\"https:\/\/jsbc.fr\/wp-content\/plugins\/masterslider\/public\/assets\/js\/blank.gif\" alt=\"\" title=\"\" data-src=\"https:\/\/jsbc.fr\/wp-content\/uploads\/2015\/05\/omoro-9.jpg\" \/>\n\n\n\t<img decoding=\"async\" class=\"ms-thumb\" src=\"https:\/\/jsbc.fr\/wp-content\/uploads\/2015\/05\/omoro-9-80x43.jpg\" alt=\"\" \/>\n\t\t\t\t<\/div>\n\t\t\t\t<div  class=\"ms-slide\" data-delay=\"3\" data-fill-mode=\"fill\"  >\n\t\t\t\t\t<img decoding=\"async\" src=\"https:\/\/jsbc.fr\/wp-content\/plugins\/masterslider\/public\/assets\/js\/blank.gif\" alt=\"\" title=\"\" data-src=\"https:\/\/jsbc.fr\/wp-content\/uploads\/2015\/05\/omoro-10.jpg\" \/>\n\n\n\t<img decoding=\"async\" class=\"ms-thumb\" src=\"https:\/\/jsbc.fr\/wp-content\/uploads\/2015\/05\/omoro-10-80x43.jpg\" alt=\"\" \/>\n\t\t\t\t<\/div>\n\t\t\t\t<div  class=\"ms-slide\" data-delay=\"3\" data-fill-mode=\"fill\"  >\n\t\t\t\t\t<img decoding=\"async\" src=\"https:\/\/jsbc.fr\/wp-content\/plugins\/masterslider\/public\/assets\/js\/blank.gif\" alt=\"\" title=\"\" data-src=\"https:\/\/jsbc.fr\/wp-content\/uploads\/2015\/05\/omoro-11.jpg\" \/>\n\n\n\t<img decoding=\"async\" class=\"ms-thumb\" src=\"https:\/\/jsbc.fr\/wp-content\/uploads\/2015\/05\/omoro-11-80x43.jpg\" alt=\"\" \/>\n\t\t\t\t<\/div>\n\t\t\t\t<div  class=\"ms-slide\" data-delay=\"3\" data-fill-mode=\"fill\"  >\n\t\t\t\t\t<img decoding=\"async\" src=\"https:\/\/jsbc.fr\/wp-content\/plugins\/masterslider\/public\/assets\/js\/blank.gif\" alt=\"\" title=\"\" data-src=\"https:\/\/jsbc.fr\/wp-content\/uploads\/2015\/05\/omoro-12.jpg\" \/>\n\n\n\t<img decoding=\"async\" class=\"ms-thumb\" src=\"https:\/\/jsbc.fr\/wp-content\/uploads\/2015\/05\/omoro-12-80x43.jpg\" alt=\"\" \/>\n\t\t\t\t<\/div>\n\t\t\t\t<div  class=\"ms-slide\" data-delay=\"3\" data-fill-mode=\"fill\"  >\n\t\t\t\t\t<img decoding=\"async\" src=\"https:\/\/jsbc.fr\/wp-content\/plugins\/masterslider\/public\/assets\/js\/blank.gif\" alt=\"\" title=\"\" data-src=\"https:\/\/jsbc.fr\/wp-content\/uploads\/2015\/05\/omoro-13.jpg\" \/>\n\n\n\t<img decoding=\"async\" class=\"ms-thumb\" src=\"https:\/\/jsbc.fr\/wp-content\/uploads\/2015\/05\/omoro-13-80x43.jpg\" alt=\"\" \/>\n\t\t\t\t<\/div>\n\t\t\t\t<div  class=\"ms-slide\" data-delay=\"3\" data-fill-mode=\"fill\"  >\n\t\t\t\t\t<img decoding=\"async\" src=\"https:\/\/jsbc.fr\/wp-content\/plugins\/masterslider\/public\/assets\/js\/blank.gif\" alt=\"\" title=\"\" data-src=\"https:\/\/jsbc.fr\/wp-content\/uploads\/2015\/05\/omoro-14.jpg\" \/>\n\n\n\t<img decoding=\"async\" class=\"ms-thumb\" src=\"https:\/\/jsbc.fr\/wp-content\/uploads\/2015\/05\/omoro-14-80x43.jpg\" alt=\"\" \/>\n\t\t\t\t<\/div>\n\t\t\t\t<div  class=\"ms-slide\" data-delay=\"3\" data-fill-mode=\"fill\"  >\n\t\t\t\t\t<img decoding=\"async\" src=\"https:\/\/jsbc.fr\/wp-content\/plugins\/masterslider\/public\/assets\/js\/blank.gif\" alt=\"\" title=\"\" data-src=\"https:\/\/jsbc.fr\/wp-content\/uploads\/2015\/05\/omoro-15.jpg\" \/>\n\n\n\t<img decoding=\"async\" class=\"ms-thumb\" src=\"https:\/\/jsbc.fr\/wp-content\/uploads\/2015\/05\/omoro-15-80x43.jpg\" alt=\"\" \/>\n\t\t\t\t<\/div>\n\t\t\t\t<div  class=\"ms-slide\" data-delay=\"3\" data-fill-mode=\"fill\"  >\n\t\t\t\t\t<img decoding=\"async\" src=\"https:\/\/jsbc.fr\/wp-content\/plugins\/masterslider\/public\/assets\/js\/blank.gif\" alt=\"\" title=\"\" data-src=\"https:\/\/jsbc.fr\/wp-content\/uploads\/2015\/05\/omoro-16.jpg\" \/>\n\n\n\t<img decoding=\"async\" class=\"ms-thumb\" src=\"https:\/\/jsbc.fr\/wp-content\/uploads\/2015\/05\/omoro-16-80x43.jpg\" alt=\"\" \/>\n\t\t\t\t<\/div>\n\n\t\t\t<\/div>\n\t\t\t<!-- END MasterSlider Main -->\n\n\t\t\t \n\t\t<\/div>\n\t\t<!-- END MasterSlider --> \n\t\t\n\t\t<script>\n\t\t(function ( $ ) {\n\t\t\t\"use strict\";\n\n\t\t\t$(function () {\n\t\t\t\tvar masterslider_4c33 = new MasterSlider();\n\n\t\t\t\t\/\/ slider controls\n                    \n\t\t\t\tmasterslider_4c33.control('thumblist'  ,{ autohide:false, overVideo:true, dir:'h', speed:17, inset:false, align:'bottom',type:'thumbs', margin:5, width:80, height:43, space:4, fillMode:'fill'  });\n\t\t\t\tmasterslider_4c33.control('scrollbar'  ,{ autohide:false, overVideo:true, dir:'h', inset:true, align:'top', color:'#3D3D3D' , margin:10  , width:4 });\n\t\t\t\t\/\/ slider setup\n\t\t\t\tmasterslider_4c33.setup(\"MS69e362b284c33\", {\n\t\t\t\t\t\twidth           : 1064,\n\t\t\t\t\t\theight          : 573,\n\t\t\t\t\t\tspace           : 0,\n\t\t\t\t\t\tstart           : 1,\n\t\t\t\t\t\tgrabCursor      : true,\n\t\t\t\t\t\tswipe           : true,\n\t\t\t\t\t\tmouse           : true,\n\t\t\t\t\t\tlayout          : \"boxed\", \n\t\t\t\t\t\twheel           : true,\n\t\t\t\t\t\tautoplay        : true,\n\t\t\t\t\t\tinstantStartLayers:false,\n\t\t\t\t\t\tloop            : true,\n\t\t\t\t\t\tshuffle         : false,\n\t\t\t\t\t\tpreload         : 0,\n\t\t\t\t\t\theightLimit     : true,\n\t\t\t\t\t\tautoHeight      : false,\n\t\t\t\t\t\tsmoothHeight    : true,\n\t\t\t\t\t\tendPause        : false,\n\t\t\t\t\t\toverPause       : true,\n\t\t\t\t\t\tfillMode        : \"fill\", \n\t\t\t\t\t\tcenterControls  : true,\n\t\t\t\t\t\tlayersMode      : \"center\", \n\t\t\t\t\t\thideLayers      : false, \n\t\t\t\t\t\tfullscreenMargin: 0,\n\t\t\t\t\t\tspeed           : 20, \n\t\t\t\t\t\tdir             : \"h\", \n\t\t\t\t\t\tparallaxMode    : 'swipe',\n\t\t\t\t\t\tview            : \"basic\"\n\t\t\t\t});\n\t\t\t\t\n\n\t\t\t\t\n\t\t\t\twindow.masterslider_instances = window.masterslider_instances || {};\n\t\t\t\twindow.masterslider_instances[\"23_4c33\"] = masterslider_4c33;\n\t\t\t });\n\t\t\t\n\t\t})(jQuery);\n\t\t<\/script> \n\t\t\n<\/div>[\/vc_column][\/vc_row][vc_row][vc_column][vc_column_text]<\/p>\n<h5>\u00a0<\/h5>\n<h5><span style=\"color: #c00418;\">PRIZE LIST<\/span><\/h5>\n<p><strong>Selections festivals \/ Price<\/strong><\/p>\n<p><strong><span class=\"annee\">2011<\/span><\/strong><br \/>&#8211; Ecran Mobile, Gen\u00e8ve (Suisse)<br \/>&#8211; Anima, Bruxelles (Belgique)<br \/>&#8211; Cin\u00e9 Junior, Val-de-Marne (France) &#8211; Festival Quintessence, Ouidah, Cotonou, Porto-Novo et Parakou (B\u00e9nin)<br \/>&#8211; Tricky Women &#8211; Festival de films d&#8217;animation de femmes, Vienne (Autriche)<br \/>&#8211; Terra di Cinema, Tremblay-en-France (France)<br \/>&#8211; Festival international du film d&#8217;animation de T\u00e9h\u00e9ran (Iran)<br \/>&#8211; Festival m\u00e9diterran\u00e9en des nouveaux r\u00e9alisateurs de Larissa (Gr\u00e8ce)<br \/>&#8211; Festival international de films de femmes, Cr\u00e9teil (France)<br \/>&#8211; Salento Finibus Terrae, SanVito (Italie)<strong><span class=\"prix\"> Prix du Meilleur film d&#8217;animation<\/span><\/strong><br \/>&#8211; Plein la bobine, La Bourboule \/ Mont-Dore (France)<br \/>&#8211; 20 min max Short Film Festival, Ingolstadt (Allemagne)<br \/>&#8211; Autour du court, Nogent-sur-Marne (France) <strong><span class=\"prix\">Prix du public \u00e0 un film d&#8217;animation professionnel<\/span><\/strong><br \/>&#8211; D\u00e9tours en Cin\u00e9 Court, Saint-G\u00e9ni\u00e8s-Bellevue (France)<br \/>&#8211; Fest Anca, Zilina (Slovaquie)<br \/>&#8211; Festival des Nations, Ebensee (Autriche)<br \/>&#8211; Cin\u00e9 sans filet, Alet les Bains (France)<br \/>&#8211; Cartoon Club, Rimini (Italie)<br \/>&#8211; Festival international du film d&#8217;animation de Krok (Ukraine)<br \/>&#8211; Festival de films pour enfants et jeunes adultes d&#8217;Auburn (Australie)<br \/>&#8211; Voix d\u2019\u00e9toiles, Port-Leucate (France)<br \/>&#8211; Women Make Waves Film Festival, Taipei (Taiwan)<br \/>&#8211; Carrousel international du film de Rimouski (Canada)<br \/>&#8211; Festival international du film \u00e9cologique, Salento (Italie)<br \/>&#8211; AniFestROZAFA, Shkodra (Albanie) <strong><span class=\"prix\">Prix sp\u00e9cial<\/span><\/strong><br \/>&#8211; &#8220;Anima&#8221; Festival international du film d&#8217;animation de Cordoba (Argentine)<br \/>&#8211; Festival international du film d&#8217;animation de Jaipur (Inde) <strong><span class=\"prix\">Meilleur film critique<\/span><\/strong><br \/>&#8211; Festival international du film pour enfants de Chicago (USA)<br \/>&#8211; Ale Kino!, Poznan (Pologne)<\/p>\n<p><strong><span class=\"annee\">2010<\/span><\/strong><br \/>&#8211; Premiers Plans (Angers) &gt;&gt; Grand Prix du Jury Court M\u00e9trage d&#8217;Animation<br \/>&#8211; Future Film Festival, Bologna (Italie)<br \/>&#8211; Festival Image par Image, Enghien-les-Bains (France)<br \/>&#8211; Animac, Festival international du film d\u2019animation de Catalogne, Lleida (Espagne)<br \/>&#8211; Stoke Your Fires, Stoke-on-Trent (Royaume Uni)<br \/>&#8211; New York International Children\u2019s Film Festival (USA)<br \/>&#8211; Monstra, Festival du film d\u2019animation de Lisbonne (Portugal)<br \/>&#8211; Festival International du court m\u00e9trage d&#8217;animation de Roanne (France)<br \/>&#8211; Festival d&#8217;un Jour, Valence (France)<br \/>&#8211; Cortoons, Rome (Italie)<br \/>&#8211; Festival du court m\u00e9trage et du documentaire de Belgrade (Serbie) <strong><span class=\"prix\">Mention Sp\u00e9ciale<\/span><\/strong><br \/>&#8211; Festival du Film Court de Castres (France)<br \/>&#8211; Cartoons on the Bay, Festival int. de l&#8217;animation t\u00e9l\u00e9visuelle et cross-m\u00e9dia, Rapallo (Italie)<br \/>&#8211; Animabasauri-Animabasque, Basauri (Espagne)<br \/>&#8211; Magma Short film Festival, Rotorua (Nouvelle Z\u00e9lande)<br \/>&#8211; Festival de Cine de Lanzarote, Canaries (Espagne)<br \/>&#8211; Festival International de Cin\u00e9ma d&#8217;Animation de Mekn\u00e8s (Maroc) <strong><span class=\"prix\">Mention Sp\u00e9ciale du Jury<\/span><\/strong><br \/>&#8211; Biennale de Cin\u00e9ma d&#8217;Animation, Pontarlier (France)<br \/>&#8211; Rencontres Cin\u00e9maginaire, Argel\u00e8s sur Mer (France)<br \/>&#8211; Corto Del MED, Avignon (France)<br \/>&#8211; Croq&#8217;anime, Paris (France)<br \/>&#8211; S\u00e9quence Court M\u00e9trage, Toulouse (France)<br \/>&#8211; Golden Kuker, Sofia (Bulgarie)<br \/>&#8211; Festival international de films d&#8217;animation de Banjaluka (Bosnie Herzegovine)<br \/>&#8211; Festival du premier court m\u00e9trage, Pontault-Combault (France) <strong><span class=\"prix\">Prix du Conseil g\u00e9n\u00e9ral 77<\/span><\/strong><br \/>&#8211; Flip Animation Festival, Wolverhampton (Grande-Bretagne)<br \/>&#8211; Cinanima, Espinho (Portugal)<br \/>&#8211; Les Nuits Magiques, B\u00e8gles (France) <strong><span class=\"prix\">Prix du public pour le meilleur court m\u00e9trage de la cat\u00e9gorie &#8220;Inclassables&#8221; (ex-aequo)<\/span><\/strong><br \/>&#8211; Animasyros, Ath\u00e8nes (Gr\u00e8ce)<br \/>&#8211; Alter-Native Festival, Tg.-Mures (Roumanie)<br \/>&#8211; Tindirindis, Vilnius (Lituanie)<br \/>&#8211; 24fps Short Film Competition, Abilene, Texas (USA)<br \/>&#8211; Animated Dreams, Tallinn (Estonie)<br \/>&#8211; Proj(ect) Festival, Nancy (France)<br \/>&#8211; Ciudad de Soria (Espagne)<br \/>&#8211; Festival international du court m\u00e9trage d&#8217;Istanbul (Turquie)<br \/>&#8211; Lucca Animation (Italie)<br \/>&#8211; C&#8217;\u00e8 un tempo per&#8230; l&#8217;integrazione, Sarnico (Italie) <span class=\"prix\">Prix<\/span><br \/>&#8211; Kinofest, Bucharest (Roumanie)<br \/>&#8211; Golden Knights Awards (Malte) : <span class=\"prix\">Silver Knight Award<\/span><br \/>&#8211; Festival Int. de Cin\u00e9ma d\u2019Olympie pour la Jeunesse, Pyrgos (Gr\u00e8ce)<br \/>&#8211; AniMotion, St-Petersbourg (Russie) : <strong><span class=\"prix\">Mention sp\u00e9ciale &#8220;pour sa brillante exp\u00e9rience esth\u00e9tique&#8221;<\/span><\/strong><\/p>\n<p><strong><span class=\"annee\">2009<\/span><\/strong><br \/>&#8211; Animation Meeting &#8220;3D Wire&#8221;, Segovia (Espagne)<br \/>&#8211; Arcipelago, Festival international du court m\u00e9trage &amp; des nouvelles images de Rome (Italie)<br \/>&#8211; Anima Mundi, Rio de Janeiro &amp; S\u00e3o Paulo (Br\u00e9sil)<br \/>&#8211; Animanima, Cacak (Serbie)<br \/>&#8211; MovieClub Film Festival, Palestrina (Italie) <strong><span class=\"prix\">Prix de la Meilleure Animation<\/span><\/strong><br \/>&#8211; Rencontres audiovisuelles, Lille (France)<br \/>&#8211; Sedicicorto, Forli&#8217; (Italie) <strong><span class=\"prix\">Best animation \u201cCartoonia\u201d <\/span><\/strong><br \/>&#8211; Tofuzi, Festival international du film d&#8217;animation de Batumi (G\u00e9orgie)<br \/>&#8211; Cin\u00e9med, Festival international de cin\u00e9ma m\u00e9diterran\u00e9en, Montpellier (France)<br \/>&#8211; Festival Le Court Baz&#8217;art, Les Herbiers (France)<br \/>&#8211; Festival Europ\u00e9en du Film Court, Brest (France)<br \/>&#8211; L&#8217;Alternativa, Festival de cin\u00e9ma ind\u00e9pendant de Barcelone (Espagne)<br \/>&#8211; Zubroffka, Festival international du court m\u00e9trage de Bialystok (Pologne) <strong><span class=\"prix\">Prix Whole Wide World du meilleur film \u00e9tranger<\/span><\/strong><br \/>&#8211; Animateka Festival international du film d&#8217;animation de Ljubljana (Slov\u00e9nie)[\/vc_column_text][\/vc_column][\/vc_row][vc_row][vc_column][vc_single_image image=&#8221;296&#8243; alignment=&#8221;center&#8221;][\/vc_column][\/vc_row]<\/p>","protected":false},"excerpt":{"rendered":"<p>O\u2019MORO 2008. 12 min. Romantic comedy. And pictorial. Directors : Christophe Calissoni, Eva Offredo.Screenplay : Christophe Calissoni, Patricia Valeix.Broadcast : ARTE.Support : CNC, &hellip;<\/p>\n","protected":false},"author":5,"featured_media":0,"parent":840,"menu_order":236,"comment_status":"closed","ping_status":"closed","template":"","meta":{"om_disable_all_campaigns":false,"_monsterinsights_skip_tracking":false,"_monsterinsights_sitenote_active":false,"_monsterinsights_sitenote_note":"","_monsterinsights_sitenote_category":0,"footnotes":""},"class_list":["post-977","page","type-page","status-publish","hentry"],"aioseo_notices":[],"_links":{"self":[{"href":"https:\/\/jsbc.fr\/en\/wp-json\/wp\/v2\/pages\/977\/"}],"collection":[{"href":"https:\/\/jsbc.fr\/en\/wp-json\/wp\/v2\/pages\/"}],"about":[{"href":"https:\/\/jsbc.fr\/en\/wp-json\/wp\/v2\/types\/page\/"}],"author":[{"embeddable":true,"href":"https:\/\/jsbc.fr\/en\/wp-json\/wp\/v2\/users\/5\/"}],"replies":[{"embeddable":true,"href":"https:\/\/jsbc.fr\/en\/wp-json\/wp\/v2\/comments\/?post=977"}],"version-history":[{"count":7,"href":"https:\/\/jsbc.fr\/en\/wp-json\/wp\/v2\/pages\/977\/revisions\/"}],"predecessor-version":[{"id":7213,"href":"https:\/\/jsbc.fr\/en\/wp-json\/wp\/v2\/pages\/977\/revisions\/7213\/"}],"up":[{"embeddable":true,"href":"https:\/\/jsbc.fr\/en\/wp-json\/wp\/v2\/pages\/840\/"}],"wp:attachment":[{"href":"https:\/\/jsbc.fr\/en\/wp-json\/wp\/v2\/media\/?parent=977"}],"curies":[{"name":"wp","href":"https:\/\/api.w.org\/{rel}","templated":true}]}}