{"id":986,"date":"2015-01-29T07:53:05","date_gmt":"2015-01-29T07:53:05","guid":{"rendered":"http:\/\/www.jsbc.fr\/shorts\/bonsoir-monsieur-chu\/"},"modified":"2025-11-13T15:30:21","modified_gmt":"2025-11-13T15:30:21","slug":"goodbye-mister-chu","status":"publish","type":"page","link":"https:\/\/jsbc.fr\/en\/shorts\/goodbye-mister-chu\/","title":{"rendered":"Goodbye Mister Chu"},"content":{"rendered":"\n<h5 class=\"wp-block-heading\"><span style=\"color: #c00418;\">GOOD<\/span><span style=\"color: #000000;\">BYE<\/span><span style=\"color: #c00418;\">MISTER<\/span><span style=\"color: #000000;\">CHU<\/span><\/h5>\n\n\n\n<p><strong>2005. 14 min 18. A modern Vietnamese tale.<\/strong><\/p>\n\n\n\n<p>Screenplay, Design, Direction, Editing :<strong> St\u00e9phanie Lansaque &amp; Fran\u00e7ois Leroy.<\/strong><br>Animation : <strong>Fran\u00e7ois Leroy<\/strong>, <strong>St\u00e9phanie Lansaque<\/strong>, <strong>Amanda Sun<\/strong>.<br>Sound : <strong>Denis Vautrin<\/strong>.<br>Broadcast : <strong>ARTE<\/strong>, <strong>Independent Film Television<\/strong> (Cable France, Belgium, Switzerland), <strong>Shorts TV<\/strong> (Cable France), <strong>VTV4<\/strong> (Vietnam), <strong>Cin\u00e9fil<\/strong> (Japan).<br>Distribution : <strong>Catalogue RADI<\/strong>.<br>Support : <strong>CNC<\/strong>, <strong>Procirep<\/strong>, <strong>Angoa<\/strong>.<\/p>\n\n\n\n<p class=\"has-text-color has-link-color wp-elements-c7c3940a786cd38c678480460fdf530f\" style=\"color:#f20505\"><strong>Festivals : 106 selections.<br>Awards : 7 prizes.<\/strong><\/p>\n\n\n\n<p>Hai, a little boy, catches a bird. Long, a cyclo driver, carries a carp on behalf of the mysterious Mr. Chu. All over Vietnam, people are preparing to celebrate the Feast of Wandering Souls. That night, by the glow of lanterns, Hai and Long will take the carp and the bird out one last time\u2026<\/p>\n\n\n\n<div style=\"height:20px\" aria-hidden=\"true\" class=\"wp-block-spacer\"><\/div>\n\n\n<p>[vc_row][vc_column][vc_column_text]<iframe loading=\"lazy\" src=\"https:\/\/player.vimeo.com\/video\/128569410?title=0&amp;byline=0&amp;portrait=0\" width=\"1064\" height=\"599\" frameborder=\"0\" allowfullscreen=\"allowfullscreen\"><\/iframe>[\/vc_column_text][\/vc_column][\/vc_row][vc_row][vc_column]<div class=\"avt_masterslider_el \" >\n\t\t<!-- MasterSlider -->\n\t\t<div id=\"P_MS69e16d8f045ff\" class=\"master-slider-parent ms-thumbs-template ms-parent-id-8\" style=\"max-width:1064px;\"  >\n\t\t\t\t\n\t\t\t\n\t\t\t<!-- MasterSlider Main -->\n\t\t\t<div id=\"MS69e16d8f045ff\" class=\"master-slider ms-skin-default\" >\n\t\t\t\t \t\t\t\t \n\t\t\t\t<div  class=\"ms-slide\" data-delay=\"3\" data-fill-mode=\"fill\"  >\n\t\t\t\t\t<img decoding=\"async\" src=\"https:\/\/jsbc.fr\/wp-content\/plugins\/masterslider\/public\/assets\/js\/blank.gif\" alt=\"\" title=\"\" data-src=\"https:\/\/jsbc.fr\/wp-content\/uploads\/2015\/05\/MrCHU-1.jpg\" \/>\n\n\n\t<img decoding=\"async\" class=\"ms-thumb\" src=\"https:\/\/jsbc.fr\/wp-content\/uploads\/2015\/05\/MrCHU-1-80x43.jpg\" alt=\"\" \/>\n\t\t\t\t<\/div>\n\t\t\t\t<div  class=\"ms-slide\" data-delay=\"3\" data-fill-mode=\"fill\"  >\n\t\t\t\t\t<img decoding=\"async\" src=\"https:\/\/jsbc.fr\/wp-content\/plugins\/masterslider\/public\/assets\/js\/blank.gif\" alt=\"\" title=\"\" data-src=\"https:\/\/jsbc.fr\/wp-content\/uploads\/2015\/05\/MrCHU-2.jpg\" \/>\n\n\n\t<img decoding=\"async\" class=\"ms-thumb\" src=\"https:\/\/jsbc.fr\/wp-content\/uploads\/2015\/05\/MrCHU-2-80x43.jpg\" alt=\"\" \/>\n\t\t\t\t<\/div>\n\t\t\t\t<div  class=\"ms-slide\" data-delay=\"3\" data-fill-mode=\"fill\"  >\n\t\t\t\t\t<img decoding=\"async\" src=\"https:\/\/jsbc.fr\/wp-content\/plugins\/masterslider\/public\/assets\/js\/blank.gif\" alt=\"\" title=\"\" data-src=\"https:\/\/jsbc.fr\/wp-content\/uploads\/2015\/05\/MrCHU-3.jpg\" \/>\n\n\n\t<img decoding=\"async\" class=\"ms-thumb\" src=\"https:\/\/jsbc.fr\/wp-content\/uploads\/2015\/05\/MrCHU-3-80x43.jpg\" alt=\"\" \/>\n\t\t\t\t<\/div>\n\t\t\t\t<div  class=\"ms-slide\" data-delay=\"3\" data-fill-mode=\"fill\"  >\n\t\t\t\t\t<img decoding=\"async\" src=\"https:\/\/jsbc.fr\/wp-content\/plugins\/masterslider\/public\/assets\/js\/blank.gif\" alt=\"\" title=\"\" data-src=\"https:\/\/jsbc.fr\/wp-content\/uploads\/2015\/05\/MrCHU-4.jpg\" \/>\n\n\n\t<img decoding=\"async\" class=\"ms-thumb\" src=\"https:\/\/jsbc.fr\/wp-content\/uploads\/2015\/05\/MrCHU-4-80x43.jpg\" alt=\"\" \/>\n\t\t\t\t<\/div>\n\t\t\t\t<div  class=\"ms-slide\" data-delay=\"3\" data-fill-mode=\"fill\"  >\n\t\t\t\t\t<img decoding=\"async\" src=\"https:\/\/jsbc.fr\/wp-content\/plugins\/masterslider\/public\/assets\/js\/blank.gif\" alt=\"\" title=\"\" data-src=\"https:\/\/jsbc.fr\/wp-content\/uploads\/2015\/05\/MrCHU-5.jpg\" \/>\n\n\n\t<img decoding=\"async\" class=\"ms-thumb\" src=\"https:\/\/jsbc.fr\/wp-content\/uploads\/2015\/05\/MrCHU-5-80x43.jpg\" alt=\"\" \/>\n\t\t\t\t<\/div>\n\t\t\t\t<div  class=\"ms-slide\" data-delay=\"3\" data-fill-mode=\"fill\"  >\n\t\t\t\t\t<img decoding=\"async\" src=\"https:\/\/jsbc.fr\/wp-content\/plugins\/masterslider\/public\/assets\/js\/blank.gif\" alt=\"\" title=\"\" data-src=\"https:\/\/jsbc.fr\/wp-content\/uploads\/2015\/05\/MrCHU-6.jpg\" \/>\n\n\n\t<img decoding=\"async\" class=\"ms-thumb\" src=\"https:\/\/jsbc.fr\/wp-content\/uploads\/2015\/05\/MrCHU-6-80x43.jpg\" alt=\"\" \/>\n\t\t\t\t<\/div>\n\t\t\t\t<div  class=\"ms-slide\" data-delay=\"3\" data-fill-mode=\"fill\"  >\n\t\t\t\t\t<img decoding=\"async\" src=\"https:\/\/jsbc.fr\/wp-content\/plugins\/masterslider\/public\/assets\/js\/blank.gif\" alt=\"\" title=\"\" data-src=\"https:\/\/jsbc.fr\/wp-content\/uploads\/2015\/05\/MrCHU-7.jpg\" \/>\n\n\n\t<img decoding=\"async\" class=\"ms-thumb\" src=\"https:\/\/jsbc.fr\/wp-content\/uploads\/2015\/05\/MrCHU-7-80x43.jpg\" alt=\"\" \/>\n\t\t\t\t<\/div>\n\t\t\t\t<div  class=\"ms-slide\" data-delay=\"3\" data-fill-mode=\"fill\"  >\n\t\t\t\t\t<img decoding=\"async\" src=\"https:\/\/jsbc.fr\/wp-content\/plugins\/masterslider\/public\/assets\/js\/blank.gif\" alt=\"\" title=\"\" data-src=\"https:\/\/jsbc.fr\/wp-content\/uploads\/2015\/05\/MrCHU-8.jpg\" \/>\n\n\n\t<img decoding=\"async\" class=\"ms-thumb\" src=\"https:\/\/jsbc.fr\/wp-content\/uploads\/2015\/05\/MrCHU-8-80x43.jpg\" alt=\"\" \/>\n\t\t\t\t<\/div>\n\t\t\t\t<div  class=\"ms-slide\" data-delay=\"3\" data-fill-mode=\"fill\"  >\n\t\t\t\t\t<img decoding=\"async\" src=\"https:\/\/jsbc.fr\/wp-content\/plugins\/masterslider\/public\/assets\/js\/blank.gif\" alt=\"\" title=\"\" data-src=\"https:\/\/jsbc.fr\/wp-content\/uploads\/2015\/05\/MrCHU-9.jpg\" \/>\n\n\n\t<img decoding=\"async\" class=\"ms-thumb\" src=\"https:\/\/jsbc.fr\/wp-content\/uploads\/2015\/05\/MrCHU-9-80x43.jpg\" alt=\"\" \/>\n\t\t\t\t<\/div>\n\t\t\t\t<div  class=\"ms-slide\" data-delay=\"3\" data-fill-mode=\"fill\"  >\n\t\t\t\t\t<img decoding=\"async\" src=\"https:\/\/jsbc.fr\/wp-content\/plugins\/masterslider\/public\/assets\/js\/blank.gif\" alt=\"\" title=\"\" data-src=\"https:\/\/jsbc.fr\/wp-content\/uploads\/2015\/05\/MrCHU-10.jpg\" \/>\n\n\n\t<img decoding=\"async\" class=\"ms-thumb\" src=\"https:\/\/jsbc.fr\/wp-content\/uploads\/2015\/05\/MrCHU-10-80x43.jpg\" alt=\"\" \/>\n\t\t\t\t<\/div>\n\t\t\t\t<div  class=\"ms-slide\" data-delay=\"3\" data-fill-mode=\"fill\"  >\n\t\t\t\t\t<img decoding=\"async\" src=\"https:\/\/jsbc.fr\/wp-content\/plugins\/masterslider\/public\/assets\/js\/blank.gif\" alt=\"\" title=\"\" data-src=\"https:\/\/jsbc.fr\/wp-content\/uploads\/2015\/05\/MrCHU-11.jpg\" \/>\n\n\n\t<img decoding=\"async\" class=\"ms-thumb\" src=\"https:\/\/jsbc.fr\/wp-content\/uploads\/2015\/05\/MrCHU-11-80x43.jpg\" alt=\"\" \/>\n\t\t\t\t<\/div>\n\t\t\t\t<div  class=\"ms-slide\" data-delay=\"3\" data-fill-mode=\"fill\"  >\n\t\t\t\t\t<img decoding=\"async\" src=\"https:\/\/jsbc.fr\/wp-content\/plugins\/masterslider\/public\/assets\/js\/blank.gif\" alt=\"\" title=\"\" data-src=\"https:\/\/jsbc.fr\/wp-content\/uploads\/2015\/05\/MrCHU-12.jpg\" \/>\n\n\n\t<img decoding=\"async\" class=\"ms-thumb\" src=\"https:\/\/jsbc.fr\/wp-content\/uploads\/2015\/05\/MrCHU-12-80x43.jpg\" alt=\"\" \/>\n\t\t\t\t<\/div>\n\t\t\t\t<div  class=\"ms-slide\" data-delay=\"3\" data-fill-mode=\"fill\"  >\n\t\t\t\t\t<img decoding=\"async\" src=\"https:\/\/jsbc.fr\/wp-content\/plugins\/masterslider\/public\/assets\/js\/blank.gif\" alt=\"\" title=\"\" data-src=\"https:\/\/jsbc.fr\/wp-content\/uploads\/2015\/05\/MrCHU-13.jpg\" \/>\n\n\n\t<img decoding=\"async\" class=\"ms-thumb\" src=\"https:\/\/jsbc.fr\/wp-content\/uploads\/2015\/05\/MrCHU-13-80x43.jpg\" alt=\"\" \/>\n\t\t\t\t<\/div>\n\t\t\t\t<div  class=\"ms-slide\" data-delay=\"3\" data-fill-mode=\"fill\"  >\n\t\t\t\t\t<img decoding=\"async\" src=\"https:\/\/jsbc.fr\/wp-content\/plugins\/masterslider\/public\/assets\/js\/blank.gif\" alt=\"\" title=\"\" data-src=\"https:\/\/jsbc.fr\/wp-content\/uploads\/2015\/05\/MrCHU-14.jpg\" \/>\n\n\n\t<img decoding=\"async\" class=\"ms-thumb\" src=\"https:\/\/jsbc.fr\/wp-content\/uploads\/2015\/05\/MrCHU-14-80x43.jpg\" alt=\"\" \/>\n\t\t\t\t<\/div>\n\t\t\t\t<div  class=\"ms-slide\" data-delay=\"3\" data-fill-mode=\"fill\"  >\n\t\t\t\t\t<img decoding=\"async\" src=\"https:\/\/jsbc.fr\/wp-content\/plugins\/masterslider\/public\/assets\/js\/blank.gif\" alt=\"\" title=\"\" data-src=\"https:\/\/jsbc.fr\/wp-content\/uploads\/2015\/05\/MrCHU-15.jpg\" \/>\n\n\n\t<img decoding=\"async\" class=\"ms-thumb\" src=\"https:\/\/jsbc.fr\/wp-content\/uploads\/2015\/05\/MrCHU-15-80x43.jpg\" alt=\"\" \/>\n\t\t\t\t<\/div>\n\t\t\t\t<div  class=\"ms-slide\" data-delay=\"3\" data-fill-mode=\"fill\"  >\n\t\t\t\t\t<img decoding=\"async\" src=\"https:\/\/jsbc.fr\/wp-content\/plugins\/masterslider\/public\/assets\/js\/blank.gif\" alt=\"\" title=\"\" data-src=\"https:\/\/jsbc.fr\/wp-content\/uploads\/2015\/05\/MrCHU-16.jpg\" \/>\n\n\n\t<img decoding=\"async\" class=\"ms-thumb\" src=\"https:\/\/jsbc.fr\/wp-content\/uploads\/2015\/05\/MrCHU-16-80x43.jpg\" alt=\"\" \/>\n\t\t\t\t<\/div>\n\t\t\t\t<div  class=\"ms-slide\" data-delay=\"3\" data-fill-mode=\"fill\"  >\n\t\t\t\t\t<img decoding=\"async\" src=\"https:\/\/jsbc.fr\/wp-content\/plugins\/masterslider\/public\/assets\/js\/blank.gif\" alt=\"\" title=\"\" data-src=\"https:\/\/jsbc.fr\/wp-content\/uploads\/2015\/05\/MrCHU-17.jpg\" \/>\n\n\n\t<img decoding=\"async\" class=\"ms-thumb\" src=\"https:\/\/jsbc.fr\/wp-content\/uploads\/2015\/05\/MrCHU-17-80x43.jpg\" alt=\"\" \/>\n\t\t\t\t<\/div>\n\t\t\t\t<div  class=\"ms-slide\" data-delay=\"3\" data-fill-mode=\"fill\"  >\n\t\t\t\t\t<img decoding=\"async\" src=\"https:\/\/jsbc.fr\/wp-content\/plugins\/masterslider\/public\/assets\/js\/blank.gif\" alt=\"\" title=\"\" data-src=\"https:\/\/jsbc.fr\/wp-content\/uploads\/2015\/05\/MrCHU-18.jpg\" \/>\n\n\n\t<img decoding=\"async\" class=\"ms-thumb\" src=\"https:\/\/jsbc.fr\/wp-content\/uploads\/2015\/05\/MrCHU-18-80x43.jpg\" alt=\"\" \/>\n\t\t\t\t<\/div>\n\n\t\t\t<\/div>\n\t\t\t<!-- END MasterSlider Main -->\n\n\t\t\t \n\t\t<\/div>\n\t\t<!-- END MasterSlider --> \n\t\t\n\t\t<script>\n\t\t(function ( $ ) {\n\t\t\t\"use strict\";\n\n\t\t\t$(function () {\n\t\t\t\tvar masterslider_45ff = new MasterSlider();\n\n\t\t\t\t\/\/ slider controls\n                    \n\t\t\t\tmasterslider_45ff.control('thumblist'  ,{ autohide:false, overVideo:true, dir:'h', speed:17, inset:false, align:'bottom',type:'thumbs', margin:5, width:80, height:43, space:4, fillMode:'fill'  });\n\t\t\t\tmasterslider_45ff.control('scrollbar'  ,{ autohide:false, overVideo:true, dir:'h', inset:true, align:'top', color:'#3D3D3D' , margin:10  , width:4 });\n\t\t\t\t\/\/ slider setup\n\t\t\t\tmasterslider_45ff.setup(\"MS69e16d8f045ff\", {\n\t\t\t\t\t\twidth           : 1064,\n\t\t\t\t\t\theight          : 596,\n\t\t\t\t\t\tspace           : 0,\n\t\t\t\t\t\tstart           : 1,\n\t\t\t\t\t\tgrabCursor      : true,\n\t\t\t\t\t\tswipe           : true,\n\t\t\t\t\t\tmouse           : true,\n\t\t\t\t\t\tlayout          : \"boxed\", \n\t\t\t\t\t\twheel           : true,\n\t\t\t\t\t\tautoplay        : true,\n\t\t\t\t\t\tinstantStartLayers:false,\n\t\t\t\t\t\tloop            : true,\n\t\t\t\t\t\tshuffle         : false,\n\t\t\t\t\t\tpreload         : 0,\n\t\t\t\t\t\theightLimit     : true,\n\t\t\t\t\t\tautoHeight      : false,\n\t\t\t\t\t\tsmoothHeight    : true,\n\t\t\t\t\t\tendPause        : false,\n\t\t\t\t\t\toverPause       : true,\n\t\t\t\t\t\tfillMode        : \"fill\", \n\t\t\t\t\t\tcenterControls  : true,\n\t\t\t\t\t\tlayersMode      : \"center\", \n\t\t\t\t\t\thideLayers      : false, \n\t\t\t\t\t\tfullscreenMargin: 0,\n\t\t\t\t\t\tspeed           : 20, \n\t\t\t\t\t\tdir             : \"h\", \n\t\t\t\t\t\tparallaxMode    : 'swipe',\n\t\t\t\t\t\tview            : \"basic\"\n\t\t\t\t});\n\t\t\t\t\n\n\t\t\t\t\n\t\t\t\twindow.masterslider_instances = window.masterslider_instances || {};\n\t\t\t\twindow.masterslider_instances[\"8_45ff\"] = masterslider_45ff;\n\t\t\t });\n\t\t\t\n\t\t})(jQuery);\n\t\t<\/script> \n\t\t\n<\/div>[\/vc_column][\/vc_row][vc_row][vc_column][vc_column_text]<\/p>\n<p>\u00a0<\/p>\n<p>\u00a0<\/p>\n<h5><span style=\"color: #c00418;\">PRIZE LIST<\/span><\/h5>\n<p><strong>Awards:<\/strong><\/p>\n<p>&#8211; Grand Prize: \u201cTous courts\u201d, Aix-en-Provence International short film festival, France.<br \/>&#8211; Grand Prize: Festival Reanimajca, Lodz, Poland.<br \/>&#8211; Special Jury Prize: Seoul International Cartoon and Animation Festival, Korea.<br \/>&#8211; Best Animation: L&#8217;Alternativa, Barcelona Independent film festival, Spain.<br \/>&#8211; Best fiction: Environment film festival, Bourges, France.<br \/>&#8211; Grand Prize and Emile Raynaud Prize: French National animation festival, France.<br \/>&#8211; Grand Prize: \u201cPremiers plans\u201d Festival, Angers, France.<\/p>\n<hr \/>\n<p><strong>Selections and screenings:<\/strong><\/p>\n<p><strong>2006<\/strong><br \/>&#8211; French cultural centers in Hanoi and Ho Chi Minh City, Vietnam. Screening.<br \/>&#8211; Cine-junior, Young audience film festival, Val-de-Marne, France. Competition.<br \/>&#8211; Valenciennes Film Festival, France. Competition.<br \/>&#8211; Rencontres 10\/10, Pleneuf-Val-Andre, France. Non competitive festival.<br \/>&#8211; Itinerances Festival, Ales, France. Competition.<br \/>&#8211; Espace Kodak, Paris, France. Screening.<br \/>&#8211; Cafe des images, Herouville-Saint-Clair, France. Program \u00abAnimavores\u00bb.<br \/>&#8211; Reanimacja: Animated Film Festival, Lodz, Poland.<br \/>&#8211; Inventa un Film: Concorso di Cortometraggi a Tema, Lenola, Italia. Competition.<br \/>&#8211; Seoul International Cartoon and Animation Festival, Korea. Competition.<br \/>&#8211; Terra festival, Environment Film Festival, Guadeloupe. Competition.<br \/>&#8211; \u201cL&#8217;avis de Chateau\u201d, International Shirt film festival, Chateau-Chinon, France. Competition.<br \/>&#8211; Anima Mundi, International Animation Festival, Rio de Janeiro, Brazil. Competition.<br \/>&#8211; Festival Internacional de Cine de Monterrey, Mexico. Competition.<br \/>&#8211; International Short Film Festival in Drama, Greece. Competition.<br \/>&#8211; Morbegno Film Festival, Italia. Competition.<br \/>&#8211; AniMadrid: Festival Internacional de Imagen Animada, Spain. Competition.<br \/>&#8211; Sienna International short film festival, Italia. Competition.<br \/>&#8211; \u201cLe Court s\u2019anime\u201d. Screenings in France.<br \/>&#8211; Environment film festival, Bourges, France. Competition.<br \/>&#8211; Grand Palais, Paris, France. Screening in the context of Disney Exhibition.<br \/>&#8211; Interfilm: Berlin International Short Film Festival. Germany. Program \u00ab\u00a0Asianima\u00a0\u00bb.<br \/>&#8211; Rencontres internationales de cinema de Pontarlier, France.<br \/>&#8211; Court c&#8217;est court, Cabrieres d\u2019Avignon, France. Program \u201cAnimated shorts\u201d.<br \/>&#8211; \u201cMusique a Piles\u201d Festival, Saint-Denis, France. Big screen.<br \/>&#8211; Sedicicorto: Festival del Cortometraggio Forli, Italia. Competition.<br \/>&#8211; Holland Animation Film Festival, Utrecht, Holland. Competition.<br \/>&#8211; Leeds International Film Festival, UK. Competition.<br \/>&#8211; Festival Internacional de Filmets de Badalona. Spain. Competition.<br \/>&#8211; Olympia Festival for children and youth, Athens, Greece. Competition.<br \/>&#8211; L&#8217;Alternativa: Barcelona Independent Film festival, Spain. Competition.<br \/>&#8211; \u00ab\u00a0Cinema d&#8217;ici et d&#8217;ailleurs\u00a0\u00bb, Sainte Livrade sur Lot, France. Competition.<br \/>&#8211; Castelli Animati, International Animated Film Festival, Roma, Italia. Competition.<br \/>&#8211; Cinema le Balzac, Paris, France. Screening.<br \/>-\u201c Les Nuits Magiques\u201d, International Animation festival, Begles, France. Competition.<br \/>&#8211; \u201cTous Courts\u201d, Aix-en-Provence International short film festival, France. Competition.<br \/>&#8211; Screening for the benefit of the association \u201cMekong, Mekong\u201d, Nancy, France.<br \/>&#8211; \u201cOff shortz\u201d, Divan du monde, Paris, France. Screening.<br \/>&#8211; International Animation Day. Screenings in Vire, Falaise, Dives sur Mer, Villedieu-les-Poeles, France.<\/p>\n<p><strong>2007<\/strong><br \/>&#8211; Vaulx-en-Velin Short film festival, France. Panorama: \u201cVietnam short side\u201d.<br \/>&#8211; Premiers Plans, Angers, France. Competition.<br \/>&#8211; Program \u201cShorts in the hospital\u201d, France.<br \/>&#8211; CON-CAN Media plaza, Online short film festival. Competition.<br \/>&#8211; Cinema \u201cLa Enana marron\u201d, Madrid, Spain. Reruns \u201cl\u2019Alternativa\u201d.<br \/>&#8211; Clermont-Ferrand Short film festival, France. Competition.<br \/>&#8211; Tehran International Animation Festival, Iran. Competition.<br \/>&#8211; Animac: Mostra Internacional de Cinema d&#8217;Animaci\u00f3 de Catalunya, Lleida, Spain. Competition.<br \/>&#8211; French cultural centers in Muscat, Oman. Screenings.<br \/>&#8211; Mostra de Curtmetratges de Sagunt, Spain. Competition.<br \/>&#8211; Festival Internacional de J\u00f3venes Realizadores de Granada, Spain. Competition.<br \/>&#8211; China International Cartoon and Animation Festival, Hangzhou, China. Panorama.<br \/>&#8211; French cultural center in Hue, Vietnam. Screening.<br \/>&#8211; French National Animatited Film Festival, Auch, France. Competition.<br \/>&#8211; Festival d&#8217;un jour, Valence, France. Non competitive festival.<br \/>&#8211; Toulouse, Clermont-Ferrand, Angouleme and Saint-Etienne Cinematheques; Cinemas \u201cMK2 Quai de Loire\u201d and \u201cle Denfert\u201d in Paris; Cinema Pandora in Acheres, France. Screenings<br \/>&#8211; Trickfilm, Stuttgart International Festival of Animated Film, Germany. Panorama.<br \/>&#8211; Les Rencontres Cinemaginaire, Argeles-Sur-Mer, France. Competition.<br \/>&#8211; Fantasia International film festival, Montreal, Canada. Panorama: \u201cZe very meilleur of France\u201d.<br \/>&#8211; Jordan Short Film Festival, Jordan. Competition.<br \/>&#8211; French embassy and National Gallery of Art, Washington, USA. Screenings.<br \/>&#8211; Best of shorts, La Ciotat, France. Competition.<br \/>&#8211; Girona Cinema festival, Spain. Competition.<br \/>&#8211; International Animation Day, Porto, Portugal. \u201cBest of Reanimajca\u201d.<br \/>&#8211; Silhouettes Festival, Paris, France. Competition.<br \/>&#8211; Festival du Film de Saint Paul Trois Chateaux, France. Competition.<br \/>&#8211; Carte Blanche J.F. Laguionie, Georges Pompidou Center, Paris, France.<br \/>&#8211; \u201cLa pellicule ensorcelee\u201d, Charleville-Mezieres. Screenings.<br \/>&#8211; Aarhus Film festival, Denmark. Competition.<br \/>&#8211; Asian Connection Festival, Lyon, France. Competition.<br \/>&#8211; Festival du Court Metrage de la Reunion. Competition.<br \/>&#8211; Brest European short film festival, France. Non competitive festival for animation.<br \/>&#8211; Kinoproba Festival, Yekaterinburg, Russia. Panorama.<br \/>&#8211; Open air screenings in Viens, Velleron, Lagnes, Cabrieres d&#8217;Avignon&#8230; France.<br \/>&#8211; \u00abRayons frais\u00bb screening in \u201cElysee Biarritz\u201d Cinema, Paris, France.<\/p>\n<p><strong>2008<\/strong><br \/>&#8211; Anima, Brussels International animation festival, Belgium. Competition.<br \/>&#8211; \u201cCourts mais trash\u201d, screening in Saint-Germain-en-Laye, France.<br \/>&#8211; Cinechanges, screening in Paris, France. \u201cBeyond animation, at the border of documentary\u201d<br \/>&#8211; \u00ab\u00a0Ile courts\u00a0\u00bb Festival, Ile Maurice. Non competitive festival.<br \/>&#8211; International Festival of Films for Children and Young Adults, Hamedan, Iran. Competition.<\/p>\n<p><strong>2009<\/strong><br \/>&#8211; Image par image, Enghien-les-Bains, France. Program \u201cSubtils decalages\u201d.<br \/>&#8211; Voix d&#8217;etoiles, Port-Leucate, France. Competition.<\/p>\n<p><strong>2010<\/strong><br \/>&#8211; Cafe Lit and Cafe Himiko, Ho Chi Minh City, Vietnam. Screening and meeting.<br \/>&#8211; \u00ab\u00a0L&#8217;emotion n&#8217;est pas que sur l&#8217;ecran\u00a0\u00bb, program screened in cinemas in Picardie. France.<br \/>&#8211; French cultural centers in China: Beijing, Dalian, Jinan, Qingdao, Xian, Nanjing&#8230; Screenings.<br \/>&#8211; Aniwow, Student Animation Film Festival, Beijing, China.<br \/>&#8211; Image par image, Enghien-les-Bains, France.<br \/>&#8211; Louis Lumiere Center, Paris. Screenings around \u201cfamily\u201d theme.<br \/>&#8211; Biennale du cinema d\u2019animation, Pontarlier. France.<br \/>&#8211; \u201cArtistes a Meudon\u201d, France. Open air screening.<\/p>\n<p><strong>2011<\/strong><br \/>&#8211; Future shorts: Australia, Romania, Russia, Sweden, UK, USA, Vietnam, Indonesia&#8230;. Non competitive.<br \/>&#8211; Screening for the benefit of Saigon&#8217;s Children&#8217;s Charity Association, Ho Chi Minh City, Vietnam.<br \/>&#8211; Star Cinema, Ho Chi Minh City, Vietnam. Program &#8221; Back to childhood&#8221;<br \/>&#8211; International Animation Day. Program \u201cUn air de f\u00eate\u201d.<\/p>\n<p><strong>2012<\/strong><br \/>&#8211; Croq\u2019Anime Festival and Peniche Cinema, Paris. Screenings.<br \/>&#8211; Cycle \u201cCinema de poche\u201d, La Cinematheque Francaise, Paris, France &#8230;<\/p>\n<p><strong>2014<\/strong><br \/>&#8211; International Animation day. Special guests. Program \u00ab\u00a0Animomes\u00a0\u00bb travelling around France.[\/vc_column_text][\/vc_column][\/vc_row][vc_row][vc_column][vc_single_image image=&#8221;296&#8243; alignment=&#8221;center&#8221;][\/vc_column][\/vc_row]<\/p>","protected":false},"excerpt":{"rendered":"<p>GOODBYEMISTERCHU 2005. 14 min 18. A modern Vietnamese tale. Screenplay, Design, Direction, Editing : St\u00e9phanie Lansaque &amp; Fran\u00e7ois Leroy.Animation : Fran\u00e7ois Leroy, St\u00e9phanie &hellip;<\/p>\n","protected":false},"author":5,"featured_media":0,"parent":840,"menu_order":233,"comment_status":"closed","ping_status":"closed","template":"","meta":{"om_disable_all_campaigns":false,"_monsterinsights_skip_tracking":false,"_monsterinsights_sitenote_active":false,"_monsterinsights_sitenote_note":"","_monsterinsights_sitenote_category":0,"footnotes":""},"class_list":["post-986","page","type-page","status-publish","hentry"],"aioseo_notices":[],"_links":{"self":[{"href":"https:\/\/jsbc.fr\/en\/wp-json\/wp\/v2\/pages\/986\/"}],"collection":[{"href":"https:\/\/jsbc.fr\/en\/wp-json\/wp\/v2\/pages\/"}],"about":[{"href":"https:\/\/jsbc.fr\/en\/wp-json\/wp\/v2\/types\/page\/"}],"author":[{"embeddable":true,"href":"https:\/\/jsbc.fr\/en\/wp-json\/wp\/v2\/users\/5\/"}],"replies":[{"embeddable":true,"href":"https:\/\/jsbc.fr\/en\/wp-json\/wp\/v2\/comments\/?post=986"}],"version-history":[{"count":9,"href":"https:\/\/jsbc.fr\/en\/wp-json\/wp\/v2\/pages\/986\/revisions\/"}],"predecessor-version":[{"id":7855,"href":"https:\/\/jsbc.fr\/en\/wp-json\/wp\/v2\/pages\/986\/revisions\/7855\/"}],"up":[{"embeddable":true,"href":"https:\/\/jsbc.fr\/en\/wp-json\/wp\/v2\/pages\/840\/"}],"wp:attachment":[{"href":"https:\/\/jsbc.fr\/en\/wp-json\/wp\/v2\/media\/?parent=986"}],"curies":[{"name":"wp","href":"https:\/\/api.w.org\/{rel}","templated":true}]}}